{"id":12496,"date":"2024-02-07T08:32:10","date_gmt":"2024-02-07T08:32:10","guid":{"rendered":"http:\/\/tavieta.lt\/produktas\/offka-universalus-kliju-salinimo-skystis-2\/"},"modified":"2025-01-30T13:21:32","modified_gmt":"2025-01-30T13:21:32","slug":"offka-universalus-kliju-salinimo-skystis-2","status":"publish","type":"product","link":"https:\/\/tavieta.lt\/lv\/products\/offka-universalus-kliju-salinimo-skystis-2\/","title":{"rendered":"OFFka ir univers\u0101ls l\u012bmes no\u0146em\u0161anas \u0161\u0137idrums"},"content":{"rendered":"<p>OFFka ir paredz\u0113ts, lai \u0101tri no\u0146emtu l\u012bmi, nesaboj\u0101jot vai nesaboj\u0101jot virsmu. \u0160is produkts ir lieliski piem\u0113rots l\u012bmes no\u0146em\u0161anai, kas palikusi uz uzl\u012bm\u0113m un vinila grafikas. OFFka ir netoksisks, \u016bden\u012b \u0161\u0137\u012bsto\u0161s un no\u0101rd\u0101ms. No\u0146em l\u012bmi se\u0161desmit sekund\u0113s! Izsmidziniet uz virsmas, pagaidiet tr\u012bsdesmit l\u012bdz se\u0161desmit sekundes un viegli noslaukiet ar plastmasas rakeli, nesaboj\u0101jot kr\u0101sotas vai tuk\u0161as met\u0101la virsmas.<\/p>\n<table style=\"width: 50.2461%;\" cellspacing=\"0\" cellpadding=\"0\">\n<tbody>\n<tr>\n<td style=\"width: 31.2977%; text-align: center;\" valign=\"top\">\n<p><strong>Kods<\/strong><\/p>\n<\/td>\n<td style=\"width: 46.5649%; text-align: center;\" valign=\"top\">\n<p><strong>Apraksts<\/strong><\/p>\n<\/td>\n<td style=\"width: 179.771%; text-align: center;\" valign=\"top\">\n<p><strong>Daudzums<\/strong><\/p>\n<\/td>\n<\/tr>\n<tr>\n<td style=\"width: 31.2977%; text-align: center;\" valign=\"top\">\n<p>OST00003<\/p>\n<\/td>\n<td style=\"width: 46.5649%; text-align: center;\" valign=\"top\">\n<p align=\"center\">OFFka<\/p>\n<p align=\"center\">\u00a0<\/p>\n<\/td>\n<td style=\"width: 179.771%; text-align: center;\" valign=\"top\">\n<p align=\"center\">0,5 1<\/p>\n<p align=\"center\">5 1<\/p>\n<\/td>\n<\/tr>\n<\/tbody>\n<\/table>\n<div id=\"gtx-trans\" style=\"position: absolute; left: 79px; top: 37px;\">\n<div class=\"gtx-trans-icon\"><\/div>\n<\/div>","protected":false},"excerpt":{"rendered":"<p>OFFka ir univers\u0101ls l\u012bmes no\u0146em\u0161anas \u0161\u0137idrums<\/p>","protected":false},"featured_media":11449,"template":"","meta":[],"product_brand":[],"product_cat":[227],"product_tag":[],"class_list":{"0":"post-12496","1":"product","2":"type-product","3":"status-publish","4":"has-post-thumbnail","6":"product_cat-restauravimo-priemones","8":"first","9":"outofstock","10":"product-type-simple"},"_links":{"self":[{"href":"https:\/\/tavieta.lt\/lv\/wp-json\/wp\/v2\/product\/12496","targetHints":{"allow":["GET"]}}],"collection":[{"href":"https:\/\/tavieta.lt\/lv\/wp-json\/wp\/v2\/product"}],"about":[{"href":"https:\/\/tavieta.lt\/lv\/wp-json\/wp\/v2\/types\/product"}],"wp:featuredmedia":[{"embeddable":true,"href":"https:\/\/tavieta.lt\/lv\/wp-json\/wp\/v2\/media\/11449"}],"wp:attachment":[{"href":"https:\/\/tavieta.lt\/lv\/wp-json\/wp\/v2\/media?parent=12496"}],"wp:term":[{"taxonomy":"product_brand","embeddable":true,"href":"https:\/\/tavieta.lt\/lv\/wp-json\/wp\/v2\/product_brand?post=12496"},{"taxonomy":"product_cat","embeddable":true,"href":"https:\/\/tavieta.lt\/lv\/wp-json\/wp\/v2\/product_cat?post=12496"},{"taxonomy":"product_tag","embeddable":true,"href":"https:\/\/tavieta.lt\/lv\/wp-json\/wp\/v2\/product_tag?post=12496"}],"curies":[{"name":"wp","href":"https:\/\/api.w.org\/{rel}","templated":true}]}}