{"id":12497,"date":"2024-02-07T08:32:10","date_gmt":"2024-02-07T08:32:10","guid":{"rendered":"http:\/\/tavieta.lt\/produktas\/klijai-knygoms-risti\/"},"modified":"2025-01-30T13:21:32","modified_gmt":"2025-01-30T13:21:32","slug":"klijai-knygoms-risti","status":"publish","type":"product","link":"https:\/\/tavieta.lt\/lv\/products\/klijai-knygoms-risti\/","title":{"rendered":"L\u012bme gr\u0101matu iesie\u0161anai"},"content":{"rendered":"<p><strong>Elasta N<\/strong>\u00a0- gr\u0101matu l\u012bme uz \u016bdens dispersijas b\u0101zes &quot;Planatol Elasta N&quot;, neitr\u0101ls pH, izmanto manu\u0101lai vai meh\u0101niskai l\u012bm\u0113\u0161anai, \u013coti lip\u012bga, var at\u0161\u0137aid\u012bt ar \u016bdeni l\u012bdz 30%, izmanto manu\u0101li ra\u017eotu gr\u0101matu l\u012bm\u0113\u0161anai.<\/p>\n<p><strong>RP19\u00a0S<\/strong> \u2013 l\u012bme, parasti izmanto l\u012bm\u0113\u0161anai meh\u0101niski, izmanto uz \u016bdens dispersijas b\u0101zes, 30% sausie materi\u0101li, pH 5 \u2013 9, viskozit\u0101te min 0,6.<\/p>\n<p><strong>Planaksols<\/strong> \u2013 speci\u0101la sint\u0113tisko sve\u0137u l\u012bme, caursp\u012bd\u012bga. 1,05 kg kannas, satur plastifikatoru pH 7. Standarta pap\u012bra \u012bpa\u0161\u012bbu manu\u0101lai l\u012bm\u0113\u0161anai, piem\u0113rota ar\u012b liel\u0101kajai da\u013cai citu l\u012bm\u0113\u0161anas darbu ar pap\u012bru, kartonu, audumu u.c.<\/p>\n<table style=\"width: 54.8811%; height: 202px;\" cellspacing=\"0\" cellpadding=\"0\">\n<tbody>\n<tr style=\"height: 136px;\">\n<td style=\"width: 43.0168%; text-align: center; height: 136px;\" valign=\"top\">\n<p>10570<\/p>\n<\/td>\n<td style=\"width: 35.7542%; text-align: center; height: 136px;\" valign=\"top\">\n<p>Elasta N<\/p>\n<\/td>\n<td style=\"width: 355.866%; text-align: center; height: 136px;\" valign=\"top\">\n<p>1 kg<\/p>\n<p>5 kg<\/p>\n<p>30 kg<\/p>\n<\/td>\n<\/tr>\n<tr style=\"height: 56px;\">\n<td style=\"width: 43.0168%; text-align: center; height: 56px;\" valign=\"top\">\n<p>40241<\/p>\n<\/td>\n<td style=\"width: 35.7542%; text-align: center; height: 56px;\" valign=\"top\">\n<p>RP19\u00a0S<\/p>\n<\/td>\n<td style=\"width: 355.866%; text-align: center; height: 56px;\" valign=\"top\">\n<p>10 kg<\/p>\n<\/td>\n<\/tr>\n<tr style=\"height: 10px;\">\n<td style=\"width: 43.0168%; text-align: center; height: 10px;\" valign=\"top\">\n<p>OST00147<\/p>\n<\/td>\n<td style=\"width: 35.7542%; text-align: center; height: 10px;\" valign=\"top\">\n<p>Planaksols<\/p>\n<\/td>\n<td style=\"width: 355.866%; text-align: center; height: 10px;\" valign=\"top\">\n<p>1 kg<\/p>\n<p>5 kg<\/p>\n<\/td>\n<\/tr>\n<\/tbody>\n<\/table>\n<div id=\"gtx-trans\" style=\"position: absolute; left: 79px; top: 37px;\">\n<div class=\"gtx-trans-icon\"><\/div>\n<\/div>","protected":false},"excerpt":{"rendered":"<p>L\u012bme gr\u0101matu iesie\u0161anai<\/p>","protected":false},"featured_media":11451,"template":"","meta":[],"product_brand":[],"product_cat":[227],"product_tag":[],"class_list":{"0":"post-12497","1":"product","2":"type-product","3":"status-publish","4":"has-post-thumbnail","6":"product_cat-restauravimo-priemones","8":"first","9":"outofstock","10":"product-type-simple"},"_links":{"self":[{"href":"https:\/\/tavieta.lt\/lv\/wp-json\/wp\/v2\/product\/12497","targetHints":{"allow":["GET"]}}],"collection":[{"href":"https:\/\/tavieta.lt\/lv\/wp-json\/wp\/v2\/product"}],"about":[{"href":"https:\/\/tavieta.lt\/lv\/wp-json\/wp\/v2\/types\/product"}],"wp:featuredmedia":[{"embeddable":true,"href":"https:\/\/tavieta.lt\/lv\/wp-json\/wp\/v2\/media\/11451"}],"wp:attachment":[{"href":"https:\/\/tavieta.lt\/lv\/wp-json\/wp\/v2\/media?parent=12497"}],"wp:term":[{"taxonomy":"product_brand","embeddable":true,"href":"https:\/\/tavieta.lt\/lv\/wp-json\/wp\/v2\/product_brand?post=12497"},{"taxonomy":"product_cat","embeddable":true,"href":"https:\/\/tavieta.lt\/lv\/wp-json\/wp\/v2\/product_cat?post=12497"},{"taxonomy":"product_tag","embeddable":true,"href":"https:\/\/tavieta.lt\/lv\/wp-json\/wp\/v2\/product_tag?post=12497"}],"curies":[{"name":"wp","href":"https:\/\/api.w.org\/{rel}","templated":true}]}}