{"id":12498,"date":"2024-02-07T08:32:10","date_gmt":"2024-02-07T08:32:10","guid":{"rendered":"http:\/\/tavieta.lt\/produktas\/scotch-kliju-pernesimo-aplikatorius\/"},"modified":"2025-01-30T13:29:14","modified_gmt":"2025-01-30T13:29:14","slug":"scotch-kliju-pernesimo-aplikatorius","status":"publish","type":"product","link":"https:\/\/tavieta.lt\/lv\/products\/scotch-kliju-pernesimo-aplikatorius\/","title":{"rendered":"L\u012bmes p\u0101rneses aplikators &quot;Scotch&quot;"},"content":{"rendered":"<p>Scotch Adhesive Transfer aplikators lieto\u0161anai ar Scotch Tape 904, 924 vai 926.<\/p>\n<table style=\"width: 50.3945%;\" cellspacing=\"0\" cellpadding=\"0\">\n<tbody>\n<tr>\n<td style=\"width: 24.4275%; text-align: center;\" valign=\"top\"><strong>Kods<\/strong><\/td>\n<td style=\"width: 53.4351%; text-align: center;\" valign=\"top\"><strong>Apraksts<\/strong><\/td>\n<td style=\"width: 180.534%; text-align: center;\" valign=\"top\"><strong>Daudzums<\/strong><\/td>\n<\/tr>\n<tr>\n<td style=\"width: 24.4275%; text-align: center;\" valign=\"top\">40126<\/td>\n<td style=\"width: 53.4351%; text-align: center;\" valign=\"top\">Aplikators ATG 700<\/td>\n<td style=\"width: 180.534%; text-align: center;\" valign=\"top\">1 gab.<\/td>\n<\/tr>\n<tr>\n<td style=\"width: 24.4275%; text-align: center;\" valign=\"top\">40127<\/td>\n<td style=\"width: 53.4351%; text-align: center;\" valign=\"top\">\u00a0\u00a06 mm x 44 m<\/td>\n<td style=\"width: 180.534%; text-align: center;\" valign=\"top\">1 spole<\/td>\n<\/tr>\n<tr>\n<td style=\"width: 24.4275%; text-align: center;\" valign=\"top\">4012712<\/td>\n<td style=\"width: 53.4351%; text-align: center;\" valign=\"top\">12 mm x 50 m<\/td>\n<td style=\"width: 180.534%; text-align: center;\" valign=\"top\">1 spole<\/td>\n<\/tr>\n<tr>\n<td style=\"width: 24.4275%; text-align: center;\" valign=\"top\">40128<\/td>\n<td style=\"width: 53.4351%; text-align: center;\" valign=\"top\">6 mm x 55 m<\/td>\n<td style=\"width: 180.534%; text-align: center;\" valign=\"top\">1 spole<\/td>\n<\/tr>\n<tr>\n<td style=\"width: 24.4275%; text-align: center;\" valign=\"top\">4012812<\/td>\n<td style=\"width: 53.4351%; text-align: center;\" valign=\"top\">12 mm x 55 m<\/td>\n<td style=\"width: 180.534%; text-align: center;\" valign=\"top\">1 spole<\/td>\n<\/tr>\n<tr>\n<td style=\"width: 24.4275%; text-align: center;\" valign=\"top\">40129<\/td>\n<td style=\"width: 53.4351%; text-align: center;\" valign=\"top\">6 mm x 33 m<\/td>\n<td style=\"width: 180.534%; text-align: center;\" valign=\"top\">1 spole<\/td>\n<\/tr>\n<tr>\n<td style=\"width: 24.4275%; text-align: center;\" valign=\"top\">4012912<\/td>\n<td style=\"width: 53.4351%; text-align: center;\" valign=\"top\">12 mm x 33 m<\/td>\n<td style=\"width: 180.534%; text-align: center;\" valign=\"top\">1 spole<\/td>\n<\/tr>\n<\/tbody>\n<\/table>\n<div id=\"gtx-trans\" style=\"position: absolute; left: 79px; top: 37px;\">\n<div class=\"gtx-trans-icon\"><\/div>\n<\/div>","protected":false},"excerpt":{"rendered":"<p>Scotch Glue Transfer aplikators<\/p>","protected":false},"featured_media":11453,"template":"","meta":[],"product_brand":[],"product_cat":[227],"product_tag":[],"class_list":{"0":"post-12498","1":"product","2":"type-product","3":"status-publish","4":"has-post-thumbnail","6":"product_cat-restauravimo-priemones","8":"first","9":"outofstock","10":"product-type-simple"},"_links":{"self":[{"href":"https:\/\/tavieta.lt\/lv\/wp-json\/wp\/v2\/product\/12498","targetHints":{"allow":["GET"]}}],"collection":[{"href":"https:\/\/tavieta.lt\/lv\/wp-json\/wp\/v2\/product"}],"about":[{"href":"https:\/\/tavieta.lt\/lv\/wp-json\/wp\/v2\/types\/product"}],"wp:featuredmedia":[{"embeddable":true,"href":"https:\/\/tavieta.lt\/lv\/wp-json\/wp\/v2\/media\/11453"}],"wp:attachment":[{"href":"https:\/\/tavieta.lt\/lv\/wp-json\/wp\/v2\/media?parent=12498"}],"wp:term":[{"taxonomy":"product_brand","embeddable":true,"href":"https:\/\/tavieta.lt\/lv\/wp-json\/wp\/v2\/product_brand?post=12498"},{"taxonomy":"product_cat","embeddable":true,"href":"https:\/\/tavieta.lt\/lv\/wp-json\/wp\/v2\/product_cat?post=12498"},{"taxonomy":"product_tag","embeddable":true,"href":"https:\/\/tavieta.lt\/lv\/wp-json\/wp\/v2\/product_tag?post=12498"}],"curies":[{"name":"wp","href":"https:\/\/api.w.org\/{rel}","templated":true}]}}