{"id":12499,"date":"2024-02-07T08:32:10","date_gmt":"2024-02-07T08:32:10","guid":{"rendered":"http:\/\/tavieta.lt\/produktas\/lipnios-etiketes-neutralaus-ph-etiketes\/"},"modified":"2025-01-30T13:01:16","modified_gmt":"2025-01-30T13:01:16","slug":"lipnios-etiketes-neutralaus-ph-etiketes","status":"publish","type":"product","link":"https:\/\/tavieta.lt\/lv\/products\/lipnios-etiketes-neutralaus-ph-etiketes\/","title":{"rendered":"L\u012bmes eti\u0137etes - neitr\u0101la pH eti\u0137etes"},"content":{"rendered":"<p>Pied\u0101v\u0101jum\u0101 augst\u0101k\u0101s kvalit\u0101tes eti\u0137etes. M\u016b\u017e\u012bga, spiedienjut\u012bga l\u012bme iztur l\u0101zerprinteru augst\u0101s darba temperat\u016bras. \u013boti sp\u0113c\u012bga sa\u0137ere ar liel\u0101ko da\u013cu virsmu. Nesk\u0101b\u0101s eti\u0137etes (pH v\u0113rt\u012bba 7,1) ir uz pap\u012bra vai pl\u0113ves; abi ar neitr\u0101la pH akrila l\u012bmi. Eti\u0137e\u0161u form\u0101ti ir sader\u012bgi ar liel\u0101ko da\u013cu lietojumprogrammu. Visi stili ir att\u0113loti uz A4 form\u0101ta lap\u0101m.<\/p>\n<table style=\"width: 59.1044%;\">\n<tbody>\n<tr>\n<td style=\"width: 6.36364%; text-align: center;\">\n<p>1<\/p>\n<\/td>\n<td style=\"width: 36.3636%; text-align: center;\">\n<p>TK000-2<\/p>\n<\/td>\n<td style=\"width: 416.452%; text-align: center;\">\n<p>48,5 x 25,4 mm<\/p>\n<p>4400 gab.<\/p>\n<\/td>\n<\/tr>\n<tr>\n<td style=\"width: 6.36364%; text-align: center;\">\n<p>2<\/p>\n<\/td>\n<td style=\"width: 36.3636%; text-align: center;\">\n<p>BR395027<\/p>\n<\/td>\n<td style=\"width: 416.452%; text-align: center;\">\n<p>&nbsp;<\/p>\n<p>38 x 21,2 mm<\/p>\n<p>\u00a06500 gab.<\/p>\n<\/td>\n<\/tr>\n<tr>\n<td style=\"width: 6.36364%; text-align: center;\">\n<p>3<\/p>\n<\/td>\n<td style=\"width: 36.3636%; text-align: center;\">\n<p>BR394001<\/p>\n<\/td>\n<td style=\"width: 416.452%; text-align: center;\">\n<p>70 x 25,4 mm<\/p>\n<p>\u00a03300 gab.<\/p>\n<\/td>\n<\/tr>\n<tr>\n<td style=\"width: 6.36364%; text-align: center;\">\n<p>4<\/p>\n<\/td>\n<td style=\"width: 36.3636%; text-align: center;\">\n<p>BR395014<\/p>\n<\/td>\n<td style=\"width: 416.452%; text-align: center;\">\n<p>38 x 25,4 mm<\/p>\n<p>\u00a06500 gab.<\/p>\n<\/td>\n<\/tr>\n<tr>\n<td style=\"width: 6.36364%; text-align: center;\">\n<p>5<\/p>\n<\/td>\n<td style=\"width: 36.3636%; text-align: center;\">\n<p>BR395022<\/p>\n<\/td>\n<td style=\"width: 416.452%; text-align: center;\">\n<p>52,5 x 35 mm<\/p>\n<p>3200 gab.<\/p>\n<\/td>\n<\/tr>\n<\/tbody>\n<\/table>\n<div id=\"gtx-trans\" style=\"position: absolute; left: 79px; top: 37px;\">\n<div class=\"gtx-trans-icon\"><\/div>\n<\/div>","protected":false},"excerpt":{"rendered":"<p>L\u012bmes eti\u0137etes - neitr\u0101la pH eti\u0137etes<\/p>","protected":false},"featured_media":11455,"template":"","meta":[],"product_brand":[],"product_cat":[227],"product_tag":[],"class_list":{"0":"post-12499","1":"product","2":"type-product","3":"status-publish","4":"has-post-thumbnail","6":"product_cat-restauravimo-priemones","8":"first","9":"outofstock","10":"product-type-simple"},"_links":{"self":[{"href":"https:\/\/tavieta.lt\/lv\/wp-json\/wp\/v2\/product\/12499","targetHints":{"allow":["GET"]}}],"collection":[{"href":"https:\/\/tavieta.lt\/lv\/wp-json\/wp\/v2\/product"}],"about":[{"href":"https:\/\/tavieta.lt\/lv\/wp-json\/wp\/v2\/types\/product"}],"wp:featuredmedia":[{"embeddable":true,"href":"https:\/\/tavieta.lt\/lv\/wp-json\/wp\/v2\/media\/11455"}],"wp:attachment":[{"href":"https:\/\/tavieta.lt\/lv\/wp-json\/wp\/v2\/media?parent=12499"}],"wp:term":[{"taxonomy":"product_brand","embeddable":true,"href":"https:\/\/tavieta.lt\/lv\/wp-json\/wp\/v2\/product_brand?post=12499"},{"taxonomy":"product_cat","embeddable":true,"href":"https:\/\/tavieta.lt\/lv\/wp-json\/wp\/v2\/product_cat?post=12499"},{"taxonomy":"product_tag","embeddable":true,"href":"https:\/\/tavieta.lt\/lv\/wp-json\/wp\/v2\/product_tag?post=12499"}],"curies":[{"name":"wp","href":"https:\/\/api.w.org\/{rel}","templated":true}]}}