{"id":12500,"date":"2024-02-07T08:32:10","date_gmt":"2024-02-07T08:32:10","guid":{"rendered":"http:\/\/tavieta.lt\/produktas\/ivairios-paskirties-purskiami-klijai\/"},"modified":"2025-01-30T13:01:17","modified_gmt":"2025-01-30T13:01:17","slug":"ivairios-paskirties-purskiami-klijai","status":"publish","type":"product","link":"https:\/\/tavieta.lt\/lv\/products\/ivairios-paskirties-purskiami-klijai\/","title":{"rendered":"Izsmidzin\u0101m\u0101s l\u012bmes da\u017e\u0101diem m\u0113r\u0137iem"},"content":{"rendered":"<p><strong>3M SprayMount\u201e\u00a2:<\/strong>\u00a0. viena virsma, ilgsto\u0161a, \u0101tri piegu\u013co\u0161a, zema uzs\u016bk\u0161an\u0101s, nav taukaina un bez grumb\u0101m.<\/p>\n<p><strong>3M DisplayMount\u201e\u00a2:<\/strong>\u00a0 ilgsto\u0161as l\u012bmes pap\u012bram, audumam, kokam, folijai un plastmasai. \u0100tri, \u0113rti un uzticami. Caursp\u012bd\u012bgs, nav taukains.<\/p>\n<p><strong>3M PhotoMount\u201e\u00a2: <\/strong>fotoatt\u0113lu uzst\u0101d\u012b\u0161anai un l\u012bm\u0113\u0161anai, poz\u012bcijas mai\u0146ai. Nekr\u0101sojas, iztur\u012bgs pret karstumu un mitrumu.<\/p>\n<p><strong>3M ReMount\u201e\u00a2:\u00a0<\/strong>tiek izmantoti da\u017e\u0101du materi\u0101lu \u012bslaic\u012bgai saist\u012b\u0161anai. L\u012bme turas stingri, bet da\u017e\u0101dus materi\u0101lus var viegli no\u0146emt vai p\u0101rl\u012bm\u0113t.<\/p>\n<p><strong>CeibaSpray:<\/strong>\u00a0Paredz\u0113ts plakanu materi\u0101lu (tekstils, koks, koks, plastmasa, izol\u0101cijas materi\u0101li, pap\u012brs, putu materi\u0101li u.c.) kontaktsavienojumam.<\/p>\n<table style=\"width: 64.0714%; height: 336px;\" cellspacing=\"0\" cellpadding=\"0\">\n<tbody>\n<tr style=\"height: 56px;\">\n<td style=\"width: 17.8218%; text-align: center; height: 56px;\" valign=\"top\">\n<p><strong>Kods<\/strong><\/p>\n<\/td>\n<td style=\"width: 63.6964%; text-align: center; height: 56px;\" valign=\"top\">\n<p><strong>\u00a0 \u00a0 \u00a0 \u00a0 \u00a0 \u00a0 Apraksts<\/strong><\/p>\n<\/td>\n<td style=\"width: 213.531%; text-align: center; height: 56px;\" valign=\"top\">\n<p><strong>Daudzums<\/strong><\/p>\n<\/td>\n<\/tr>\n<tr style=\"height: 56px;\">\n<td style=\"width: 17.8218%; text-align: center; height: 56px;\" valign=\"top\">\n<p>20062<\/p>\n<\/td>\n<td style=\"width: 63.6964%; text-align: center; height: 56px;\" valign=\"top\">\n<p>3M SprayMount<\/p>\n<\/td>\n<td style=\"width: 213.531%; text-align: center; height: 56px;\" valign=\"top\">\n<p>1 gab.<\/p>\n<\/td>\n<\/tr>\n<tr style=\"height: 56px;\">\n<td style=\"width: 17.8218%; text-align: center; height: 56px;\" valign=\"top\">\n<p>20063<\/p>\n<\/td>\n<td style=\"width: 63.6964%; text-align: center; height: 56px;\" valign=\"top\">\n<p>3M ReMount<\/p>\n<\/td>\n<td style=\"width: 213.531%; text-align: center; height: 56px;\" valign=\"top\">\n<p>1 gab.<\/p>\n<\/td>\n<\/tr>\n<tr style=\"height: 56px;\">\n<td style=\"width: 17.8218%; text-align: center; height: 56px;\" valign=\"top\">\n<p>20064<\/p>\n<\/td>\n<td style=\"width: 63.6964%; text-align: center; height: 56px;\" valign=\"top\">\n<p>3M PhotoMount<\/p>\n<\/td>\n<td style=\"width: 213.531%; text-align: center; height: 56px;\" valign=\"top\">\n<p>1 gab.<\/p>\n<\/td>\n<\/tr>\n<tr style=\"height: 56px;\">\n<td style=\"width: 17.8218%; text-align: center; height: 56px;\" valign=\"top\">\n<p>20065<\/p>\n<\/td>\n<td style=\"width: 63.6964%; text-align: center; height: 56px;\" valign=\"top\">\n<p>3M DisplayMount<\/p>\n<\/td>\n<td style=\"width: 213.531%; text-align: center; height: 56px;\" valign=\"top\">\n<p>1 gab.<\/p>\n<\/td>\n<\/tr>\n<tr style=\"height: 56px;\">\n<td style=\"width: 17.8218%; text-align: center; height: 56px;\" valign=\"top\">\n<p>20066<\/p>\n<\/td>\n<td style=\"width: 63.6964%; text-align: center; height: 56px;\" valign=\"top\">\n<p>Izsmidzin\u0101m\u0101 l\u012bmjava CeibaSpray<\/p>\n<\/td>\n<td style=\"width: 213.531%; text-align: center; height: 56px;\" valign=\"top\">\n<p>1 gab.<\/p>\n<\/td>\n<\/tr>\n<\/tbody>\n<\/table>\n<div id=\"gtx-trans\" style=\"position: absolute; left: 79px; top: 37px;\">\n<div class=\"gtx-trans-icon\"><\/div>\n<\/div>","protected":false},"excerpt":{"rendered":"<p>Izsmidzin\u0101m\u0101 l\u012bmjava<\/p>","protected":false},"featured_media":11457,"template":"","meta":[],"product_brand":[],"product_cat":[227],"product_tag":[],"class_list":{"0":"post-12500","1":"product","2":"type-product","3":"status-publish","4":"has-post-thumbnail","6":"product_cat-restauravimo-priemones","8":"first","9":"outofstock","10":"product-type-simple"},"_links":{"self":[{"href":"https:\/\/tavieta.lt\/lv\/wp-json\/wp\/v2\/product\/12500","targetHints":{"allow":["GET"]}}],"collection":[{"href":"https:\/\/tavieta.lt\/lv\/wp-json\/wp\/v2\/product"}],"about":[{"href":"https:\/\/tavieta.lt\/lv\/wp-json\/wp\/v2\/types\/product"}],"wp:featuredmedia":[{"embeddable":true,"href":"https:\/\/tavieta.lt\/lv\/wp-json\/wp\/v2\/media\/11457"}],"wp:attachment":[{"href":"https:\/\/tavieta.lt\/lv\/wp-json\/wp\/v2\/media?parent=12500"}],"wp:term":[{"taxonomy":"product_brand","embeddable":true,"href":"https:\/\/tavieta.lt\/lv\/wp-json\/wp\/v2\/product_brand?post=12500"},{"taxonomy":"product_cat","embeddable":true,"href":"https:\/\/tavieta.lt\/lv\/wp-json\/wp\/v2\/product_cat?post=12500"},{"taxonomy":"product_tag","embeddable":true,"href":"https:\/\/tavieta.lt\/lv\/wp-json\/wp\/v2\/product_tag?post=12500"}],"curies":[{"name":"wp","href":"https:\/\/api.w.org\/{rel}","templated":true}]}}