{"id":12502,"date":"2024-02-07T08:32:10","date_gmt":"2024-02-07T08:32:10","guid":{"rendered":"http:\/\/tavieta.lt\/produktas\/filmolux-staciakampes-kiseneles-diskams-ar-vizitinems-kortelems\/"},"modified":"2025-01-30T13:01:19","modified_gmt":"2025-01-30T13:01:19","slug":"filmolux-staciakampes-kiseneles-diskams-ar-vizitinems-kortelems","status":"publish","type":"product","link":"https:\/\/tavieta.lt\/lv\/products\/filmolux-staciakampes-kiseneles-diskams-ar-vizitinems-kortelems\/","title":{"rendered":"Filmolux taisnst\u016bra kabatas diskiem vai viz\u012btkart\u0113m"},"content":{"rendered":"<p>Filmolux taisnst\u016bra kabatas CD vai viz\u012btkart\u0113m - caursp\u012bd\u012bgas, pa\u0161l\u012bm\u0113jo\u0161as kabatas kompaktdisku, kompaktdisku, viz\u012btkar\u0161u, skrejlapu u.c. uzglab\u0101\u0161anai.<\/p>\n<table style=\"width: 54.1695%;\">\n<tbody>\n<tr>\n<td style=\"width: 23.9316%; text-align: center;\">\n<p><strong>Kods<\/strong><\/p>\n<\/td>\n<td style=\"width: 47.8632%; text-align: center;\">\n<p><strong>Izm\u0113ri<\/strong><\/p>\n<\/td>\n<td style=\"width: 244.872%; text-align: center;\">\n<p><strong>Daudzums<\/strong><\/p>\n<\/td>\n<\/tr>\n<tr>\n<td style=\"width: 23.9316%; text-align: center;\">\n<p>10343<\/p>\n<\/td>\n<td style=\"width: 47.8632%; text-align: center;\">\n<p>6 cm x 9,5 cm<\/p>\n<\/td>\n<td style=\"width: 244.872%; text-align: center;\">\n<p>10 gab.<\/p>\n<\/td>\n<\/tr>\n<tr>\n<td style=\"width: 23.9316%; text-align: center;\">\n<p>10344<\/p>\n<\/td>\n<td style=\"width: 47.8632%; text-align: center;\">\n<p>10,2 cm x 11 cm<\/p>\n<\/td>\n<td style=\"width: 244.872%; text-align: center;\">\n<p>4 gab.<\/p>\n<\/td>\n<\/tr>\n<tr>\n<td style=\"width: 23.9316%; text-align: center;\">\n<p>10345<\/p>\n<\/td>\n<td style=\"width: 47.8632%; text-align: center;\">\n<p>13 cm x 13 cm<\/p>\n<\/td>\n<td style=\"width: 244.872%; text-align: center;\">\n<p>4 gab.<\/p>\n<\/td>\n<\/tr>\n<\/tbody>\n<\/table>\n<div id=\"gtx-trans\" style=\"position: absolute; left: 79px; top: 37px;\">\n<div class=\"gtx-trans-icon\"><\/div>\n<\/div>","protected":false},"excerpt":{"rendered":"<p>Filmolux kabatas - taisnst\u016brveida<\/p>","protected":false},"featured_media":11461,"template":"","meta":[],"product_brand":[],"product_cat":[227],"product_tag":[],"class_list":{"0":"post-12502","1":"product","2":"type-product","3":"status-publish","4":"has-post-thumbnail","6":"product_cat-restauravimo-priemones","8":"first","9":"outofstock","10":"product-type-simple"},"_links":{"self":[{"href":"https:\/\/tavieta.lt\/lv\/wp-json\/wp\/v2\/product\/12502","targetHints":{"allow":["GET"]}}],"collection":[{"href":"https:\/\/tavieta.lt\/lv\/wp-json\/wp\/v2\/product"}],"about":[{"href":"https:\/\/tavieta.lt\/lv\/wp-json\/wp\/v2\/types\/product"}],"wp:featuredmedia":[{"embeddable":true,"href":"https:\/\/tavieta.lt\/lv\/wp-json\/wp\/v2\/media\/11461"}],"wp:attachment":[{"href":"https:\/\/tavieta.lt\/lv\/wp-json\/wp\/v2\/media?parent=12502"}],"wp:term":[{"taxonomy":"product_brand","embeddable":true,"href":"https:\/\/tavieta.lt\/lv\/wp-json\/wp\/v2\/product_brand?post=12502"},{"taxonomy":"product_cat","embeddable":true,"href":"https:\/\/tavieta.lt\/lv\/wp-json\/wp\/v2\/product_cat?post=12502"},{"taxonomy":"product_tag","embeddable":true,"href":"https:\/\/tavieta.lt\/lv\/wp-json\/wp\/v2\/product_tag?post=12502"}],"curies":[{"name":"wp","href":"https:\/\/api.w.org\/{rel}","templated":true}]}}