{"id":12505,"date":"2024-02-07T08:32:10","date_gmt":"2024-02-07T08:32:10","guid":{"rendered":"http:\/\/tavieta.lt\/produktas\/knygu-risimo-masina-pb-2000\/"},"modified":"2024-02-07T08:33:18","modified_gmt":"2024-02-07T08:33:18","slug":"knygu-risimo-masina-pb-2000","status":"publish","type":"product","link":"https:\/\/tavieta.lt\/lv\/products\/knygu-risimo-masina-pb-2000\/","title":{"rendered":"Gr\u0101matu iesie\u0161anas iek\u0101rta PB-2000"},"content":{"rendered":"<p><img decoding=\"async\" src=\"https:\/\/old.labostera.lt\/wp-content\/uploads\/2020\/04\/image129.jpeg\" \/><img decoding=\"async\" src=\"https:\/\/old.labostera.lt\/wp-content\/uploads\/2020\/04\/image128.jpeg\" \/><\/p>\n<p>Gr\u0101matu iesie\u0161anas iek\u0101rta PB-2000, lieliska iesie\u0161anas iek\u0101rta, maza, \u0113rta un l\u0113ta. Lieliski piem\u0113rots maz\u0101m bibliot\u0113k\u0101m, skol\u0101m, drukas veikaliem un birojiem. V\u0101ks ir piel\u012bm\u0113ts pie gr\u0101matas mugurkaula un iesiets ar gl\u012btu apdari, kas liecina par ies\u0113juma profesion\u0101lo kvalit\u0101ti. Bezmaksas lapu vairs nav. Nav nepiecie\u0161ami papildu piel\u0101gojumi, lai piel\u0101gotu ier\u012bces iestat\u012bjumus, lai piel\u0101gotos da\u017e\u0101diem gr\u0101matas mugurkaula biezumiem.\u00a0<\/p>\n<pre class=\"tw-data-text tw-text-large XcVN5d tw-ta\" dir=\"ltr\" data-placeholder=\"Translation\"><span lang=\"lt\">Tehniskie parametri: Maksim\u0101lais mugurkaula garums: 330 mm Maksim\u0101lais lampas biezums: 38 mm Minim\u0101lais iesie\u0161anas biezums: 5 loksnes Darba \u0101trums: 1 gr\u0101mata \/ 35 sek. Veiktsp\u0113ja: l\u012bdz 120 gr\u0101mat\u0101m stund\u0101 L\u012bmes veids: karsti kaus\u0113ta l\u012bme Uzsil\u0161anas laiks: 25 min\u016btes Jauda: 230V - 60Hz, 1050W Izm\u0113ri: 650 x 550 x 270 mm Svars: 54 kg\n\n<\/span><\/pre>\n<table style=\"width: 68.256%;\" cellspacing=\"0\" cellpadding=\"0\">\n<tbody>\n<tr>\n<td style=\"width: 27.4194%; text-align: center;\" valign=\"top\">\n<p><strong>Kods<\/strong><\/p>\n<\/td>\n<td style=\"width: 50%; text-align: center;\" valign=\"top\">\n<p><strong>Apraksts<\/strong><\/p>\n<\/td>\n<td style=\"width: 304.032%; text-align: center;\" valign=\"top\">\n<p><strong>Daudzums<\/strong><\/p>\n<\/td>\n<\/tr>\n<tr>\n<td style=\"width: 27.4194%; text-align: center;\" valign=\"top\">\n<p>PB2000<\/p>\n<p>PB20001<\/p>\n<\/td>\n<td style=\"width: 50%; text-align: center;\" valign=\"top\">\n<p>Lepi\u010dka PB-2000<\/p>\n<p>L\u012bme 25 kg<\/p>\n<\/td>\n<td style=\"width: 304.032%; text-align: center;\" valign=\"top\">\n<p>1 gab.<\/p>\n<p>1 gab.<\/p>\n<\/td>\n<\/tr>\n<\/tbody>\n<\/table>\n<pre id=\"tw-target-text\" class=\"tw-data-text tw-text-large XcVN5d tw-ta\" dir=\"ltr\" data-placeholder=\"Translation\"><span lang=\"lt\">\u00a0<\/span><\/pre>\n<div id=\"gtx-trans\" style=\"position: absolute; left: 79px; top: 37px;\">\n<div class=\"gtx-trans-icon\"><\/div>\n<\/div>","protected":false},"excerpt":{"rendered":"<p>Lepi\u010dka PB-1999<\/p>","protected":false},"featured_media":11467,"template":"","meta":[],"product_brand":[],"product_cat":[119],"product_tag":[],"class_list":{"0":"post-12505","1":"product","2":"type-product","3":"status-publish","4":"has-post-thumbnail","6":"product_cat-knygu-risimo-iranga","8":"first","9":"outofstock","10":"product-type-simple"},"_links":{"self":[{"href":"https:\/\/tavieta.lt\/lv\/wp-json\/wp\/v2\/product\/12505","targetHints":{"allow":["GET"]}}],"collection":[{"href":"https:\/\/tavieta.lt\/lv\/wp-json\/wp\/v2\/product"}],"about":[{"href":"https:\/\/tavieta.lt\/lv\/wp-json\/wp\/v2\/types\/product"}],"wp:featuredmedia":[{"embeddable":true,"href":"https:\/\/tavieta.lt\/lv\/wp-json\/wp\/v2\/media\/11467"}],"wp:attachment":[{"href":"https:\/\/tavieta.lt\/lv\/wp-json\/wp\/v2\/media?parent=12505"}],"wp:term":[{"taxonomy":"product_brand","embeddable":true,"href":"https:\/\/tavieta.lt\/lv\/wp-json\/wp\/v2\/product_brand?post=12505"},{"taxonomy":"product_cat","embeddable":true,"href":"https:\/\/tavieta.lt\/lv\/wp-json\/wp\/v2\/product_cat?post=12505"},{"taxonomy":"product_tag","embeddable":true,"href":"https:\/\/tavieta.lt\/lv\/wp-json\/wp\/v2\/product_tag?post=12505"}],"curies":[{"name":"wp","href":"https:\/\/api.w.org\/{rel}","templated":true}]}}