{"id":12506,"date":"2024-02-07T08:33:22","date_gmt":"2024-02-07T08:33:22","guid":{"rendered":"http:\/\/tavieta.lt\/produktas\/risiklis-opus-hercules-plus\/"},"modified":"2024-02-07T08:33:23","modified_gmt":"2024-02-07T08:33:23","slug":"risiklis-opus-hercules-plus","status":"publish","type":"product","link":"https:\/\/tavieta.lt\/lv\/products\/risiklis-opus-hercules-plus\/","title":{"rendered":"Binder OPUS Hercules Plus"},"content":{"rendered":"<p>Saistviela OPUS Hercules Plus, profesion\u0101la manu\u0101la saistviela ar cietu pamatni un aizsardz\u012bbu. Ide\u0101li piem\u0113rots intens\u012bvai lieto\u0161anai. Divu rokturu sist\u0113ma iev\u0113rojami samazina sie\u0161anas laiku. A4 form\u0101ts, iesien l\u012bdz 500 lap\u0101m, perforatori l\u012bdz 20 lap\u0101m, regul\u0113jams malu dzi\u013cums - 5 da\u017e\u0101di dzi\u013cumi.<\/p>\n<table style=\"width: 56.63%;\" cellspacing=\"0\" cellpadding=\"0\">\n<tbody>\n<tr>\n<td style=\"width: 19.6364%; text-align: center;\" valign=\"top\">\n<p><strong>Kods<\/strong><\/p>\n<\/td>\n<td style=\"width: 59.6364%; text-align: center;\" valign=\"top\">\n<p><strong>Apraksts<\/strong><\/p>\n<\/td>\n<td style=\"width: 200.364%; text-align: center;\" valign=\"top\">\n<p><strong>Daudzums<\/strong><\/p>\n<\/td>\n<\/tr>\n<tr>\n<td style=\"width: 19.6364%; text-align: center;\" valign=\"top\">\n<p>60008<\/p>\n<\/td>\n<td style=\"width: 59.6364%; text-align: center;\" valign=\"top\">\n<p>Binder Opus Hercules<\/p>\n<\/td>\n<td style=\"width: 200.364%; text-align: center;\" valign=\"top\">\n<p>1 gab.<\/p>\n<\/td>\n<\/tr>\n<\/tbody>\n<\/table>\n<div id=\"gtx-trans\" style=\"position: absolute; left: 79px; top: 37px;\">\n<div class=\"gtx-trans-icon\"><\/div>\n<\/div>","protected":false},"excerpt":{"rendered":"<p>Binder OPUS Hercules Plus<\/p>","protected":false},"featured_media":11469,"template":"","meta":[],"product_brand":[],"product_cat":[119],"product_tag":[],"class_list":{"0":"post-12506","1":"product","2":"type-product","3":"status-publish","4":"has-post-thumbnail","6":"product_cat-knygu-risimo-iranga","8":"first","9":"outofstock","10":"product-type-simple"},"_links":{"self":[{"href":"https:\/\/tavieta.lt\/lv\/wp-json\/wp\/v2\/product\/12506","targetHints":{"allow":["GET"]}}],"collection":[{"href":"https:\/\/tavieta.lt\/lv\/wp-json\/wp\/v2\/product"}],"about":[{"href":"https:\/\/tavieta.lt\/lv\/wp-json\/wp\/v2\/types\/product"}],"wp:featuredmedia":[{"embeddable":true,"href":"https:\/\/tavieta.lt\/lv\/wp-json\/wp\/v2\/media\/11469"}],"wp:attachment":[{"href":"https:\/\/tavieta.lt\/lv\/wp-json\/wp\/v2\/media?parent=12506"}],"wp:term":[{"taxonomy":"product_brand","embeddable":true,"href":"https:\/\/tavieta.lt\/lv\/wp-json\/wp\/v2\/product_brand?post=12506"},{"taxonomy":"product_cat","embeddable":true,"href":"https:\/\/tavieta.lt\/lv\/wp-json\/wp\/v2\/product_cat?post=12506"},{"taxonomy":"product_tag","embeddable":true,"href":"https:\/\/tavieta.lt\/lv\/wp-json\/wp\/v2\/product_tag?post=12506"}],"curies":[{"name":"wp","href":"https:\/\/api.w.org\/{rel}","templated":true}]}}