{"id":12507,"date":"2024-02-07T08:33:22","date_gmt":"2024-02-07T08:33:22","guid":{"rendered":"http:\/\/tavieta.lt\/produktas\/risiklis-spiralemis-opus-leader\/"},"modified":"2024-02-07T08:33:23","modified_gmt":"2024-02-07T08:33:23","slug":"risiklis-spiralemis-opus-leader","status":"publish","type":"product","link":"https:\/\/tavieta.lt\/lv\/products\/risiklis-spiralemis-opus-leader\/","title":{"rendered":"Spir\u0101lveida saistviela OPUS Leader"},"content":{"rendered":"<p>Spir\u0101lveida saistviela OPUS Leader. Iztur\u012bga un viegli lietojama saistviela. Ciet\u0101 met\u0101la pamatne, piemales un form\u0101ta piel\u0101go\u0161ana un profesion\u0101ls mugurkaula pagarin\u0101juma meh\u0101nisms padara to viegli lietojamu, uzticamu, caurumo l\u012bdz 12 lap\u0101m, iesien l\u012bdz 250 lap\u0101m.<\/p>\n<table style=\"width: 54.5437%;\" cellspacing=\"0\" cellpadding=\"0\">\n<tbody>\n<tr>\n<td style=\"width: 20.6107%; text-align: center;\" valign=\"top\">\n<p><strong>Kods<\/strong><\/p>\n<\/td>\n<td style=\"width: 56.4885%; text-align: center;\" valign=\"top\">\n<p><strong>Apraksts<\/strong><\/p>\n<\/td>\n<td style=\"width: 210.305%; text-align: center;\" valign=\"top\">\n<p><strong>Daudzums\u00a0<\/strong><\/p>\n<\/td>\n<\/tr>\n<tr>\n<td style=\"width: 20.6107%; text-align: center;\" valign=\"top\">\n<p>60007<\/p>\n<\/td>\n<td style=\"width: 56.4885%; text-align: center;\" valign=\"top\">\n<p>Binder Opus vad\u012bt\u0101js<\/p>\n<\/td>\n<td style=\"width: 210.305%; text-align: center;\" valign=\"top\">\n<p>1 gab.<\/p>\n<\/td>\n<\/tr>\n<\/tbody>\n<\/table>\n<div id=\"gtx-trans\" style=\"position: absolute; left: 79px; top: 37px;\">\n<div class=\"gtx-trans-icon\"><\/div>\n<\/div>","protected":false},"excerpt":{"rendered":"<p>Spir\u0101lveida saistviela OPUS Leader<\/p>","protected":false},"featured_media":11471,"template":"","meta":[],"product_brand":[],"product_cat":[119],"product_tag":[],"class_list":{"0":"post-12507","1":"product","2":"type-product","3":"status-publish","4":"has-post-thumbnail","6":"product_cat-knygu-risimo-iranga","8":"first","9":"outofstock","10":"product-type-simple"},"_links":{"self":[{"href":"https:\/\/tavieta.lt\/lv\/wp-json\/wp\/v2\/product\/12507","targetHints":{"allow":["GET"]}}],"collection":[{"href":"https:\/\/tavieta.lt\/lv\/wp-json\/wp\/v2\/product"}],"about":[{"href":"https:\/\/tavieta.lt\/lv\/wp-json\/wp\/v2\/types\/product"}],"wp:featuredmedia":[{"embeddable":true,"href":"https:\/\/tavieta.lt\/lv\/wp-json\/wp\/v2\/media\/11471"}],"wp:attachment":[{"href":"https:\/\/tavieta.lt\/lv\/wp-json\/wp\/v2\/media?parent=12507"}],"wp:term":[{"taxonomy":"product_brand","embeddable":true,"href":"https:\/\/tavieta.lt\/lv\/wp-json\/wp\/v2\/product_brand?post=12507"},{"taxonomy":"product_cat","embeddable":true,"href":"https:\/\/tavieta.lt\/lv\/wp-json\/wp\/v2\/product_cat?post=12507"},{"taxonomy":"product_tag","embeddable":true,"href":"https:\/\/tavieta.lt\/lv\/wp-json\/wp\/v2\/product_tag?post=12507"}],"curies":[{"name":"wp","href":"https:\/\/api.w.org\/{rel}","templated":true}]}}