{"id":12508,"date":"2024-02-07T08:33:22","date_gmt":"2024-02-07T08:33:22","guid":{"rendered":"http:\/\/tavieta.lt\/produktas\/risiklis-opus-profi-punch\/"},"modified":"2024-02-07T08:33:24","modified_gmt":"2024-02-07T08:33:24","slug":"risiklis-opus-profi-punch","status":"publish","type":"product","link":"https:\/\/tavieta.lt\/lv\/products\/risiklis-opus-profi-punch\/","title":{"rendered":"Saistviela OPUS Profi PUNCH"},"content":{"rendered":"<p>Saistviela OPUS Profi PUNCH<\/p>\n<p>Profesion\u0101ls manu\u0101lais perforators ar main\u0101m\u0101m perforatoru kasetn\u0113m dokumentu perfor\u0113\u0161anai, ieteicams vid\u0113jiem uz\u0146\u0113mumiem un kop\u0113\u0161anas veikaliem. Piecas kasetnes, no kur\u0101m izv\u0113l\u0113ties ar da\u017e\u0101d\u0101m mal\u0101m, caurumu form\u0101m un izm\u0113riem. Iztur\u012bga met\u0101la konstrukcija, kas sp\u0113j caurumot l\u012bdz 25 loksn\u0113m vienlaikus. \u0160is apr\u012bkojums ietaup\u012bs j\u016bsu laiku, vietu un naudu. \u0100tri, vienk\u0101r\u0161i un efekt\u012bvi tikai vien\u0101 iek\u0101rt\u0101, lai izurbtu visvair\u0101k caurumu. Form\u0101ts: A4, perfor\u0113jams l\u012bdz 25 pap\u012bra loksn\u0113m, s\u0101nu vad\u012bba.<\/p>\n<div id=\"gtx-trans\" style=\"position: absolute; left: 79px; top: 37px;\">\n<div class=\"gtx-trans-icon\"><\/div>\n<\/div>","protected":false},"excerpt":{"rendered":"<p>Saistviela OPUS Profi PUNCH<\/p>","protected":false},"featured_media":11473,"template":"","meta":[],"product_brand":[],"product_cat":[119],"product_tag":[],"class_list":{"0":"post-12508","1":"product","2":"type-product","3":"status-publish","4":"has-post-thumbnail","6":"product_cat-knygu-risimo-iranga","8":"first","9":"outofstock","10":"product-type-simple"},"_links":{"self":[{"href":"https:\/\/tavieta.lt\/lv\/wp-json\/wp\/v2\/product\/12508","targetHints":{"allow":["GET"]}}],"collection":[{"href":"https:\/\/tavieta.lt\/lv\/wp-json\/wp\/v2\/product"}],"about":[{"href":"https:\/\/tavieta.lt\/lv\/wp-json\/wp\/v2\/types\/product"}],"wp:featuredmedia":[{"embeddable":true,"href":"https:\/\/tavieta.lt\/lv\/wp-json\/wp\/v2\/media\/11473"}],"wp:attachment":[{"href":"https:\/\/tavieta.lt\/lv\/wp-json\/wp\/v2\/media?parent=12508"}],"wp:term":[{"taxonomy":"product_brand","embeddable":true,"href":"https:\/\/tavieta.lt\/lv\/wp-json\/wp\/v2\/product_brand?post=12508"},{"taxonomy":"product_cat","embeddable":true,"href":"https:\/\/tavieta.lt\/lv\/wp-json\/wp\/v2\/product_cat?post=12508"},{"taxonomy":"product_tag","embeddable":true,"href":"https:\/\/tavieta.lt\/lv\/wp-json\/wp\/v2\/product_tag?post=12508"}],"curies":[{"name":"wp","href":"https:\/\/api.w.org\/{rel}","templated":true}]}}