{"id":12510,"date":"2024-02-07T08:33:22","date_gmt":"2024-02-07T08:33:22","guid":{"rendered":"http:\/\/tavieta.lt\/produktas\/kartono-pjaustykle\/"},"modified":"2024-02-07T08:33:25","modified_gmt":"2024-02-07T08:33:25","slug":"kartono-pjaustykle","status":"publish","type":"product","link":"https:\/\/tavieta.lt\/lv\/products\/kartono-pjaustykle\/","title":{"rendered":"Kartona griez\u0113js"},"content":{"rendered":"<p>Kartona griez\u0113js, kas paredz\u0113ts pap\u012bra, kartona, m\u012bkstas plastmasas folijas grie\u0161anai gan no pap\u012bra loksn\u0113m, gan ru\u013c\u013ciem. Iztur\u012bgs griez\u0113js, kas izgatavots no t\u0113rauda deta\u013c\u0101m ar virsmas apdari un lamin\u0113tu galda virsmu \u0113rtai grie\u017eam\u0101 materi\u0101la p\u0101rvieto\u0161anai. Svira ar \u012bpa\u0161u asmeni ir l\u012bdzsvarota ar pretsvaru. Papschere var apr\u012bkot ar papildu tur\u0113t\u0101ju ar aizturi materi\u0101lu grie\u0161anai no ru\u013c\u013ca l\u012bdz 1300 mm platumam.<\/p>\n<p>Izm\u0113ri: Klip\u0161i: 2 144 x 948 mm<\/p>\n<p>Darba laukums: 1 385 x 790 mm<\/p>\n<p>Grie\u0161anas garums 1300 mm<\/p>\n<p>Svars: 360 kg<\/p>\n<table style=\"width: 42.6058%;\" cellspacing=\"0\" cellpadding=\"0\">\n<tbody>\n<tr>\n<td style=\"width: 23.0769%; text-align: center;\" valign=\"top\">\n<p><strong>Kods<\/strong><\/p>\n<\/td>\n<td style=\"width: 52.9915%; text-align: center;\" valign=\"top\">\n<p><strong>\u00a0\u00a0 Apraksts<\/strong><\/p>\n<\/td>\n<td style=\"width: 180.769%; text-align: center;\" valign=\"top\">\n<p><strong>Daudzums<\/strong><\/p>\n<\/td>\n<\/tr>\n<tr>\n<td style=\"width: 23.0769%; text-align: center;\" valign=\"top\">\n<p>60121<\/p>\n<\/td>\n<td style=\"width: 52.9915%; text-align: center;\" valign=\"top\">\n<p>Griez\u0113js<\/p>\n<\/td>\n<td style=\"width: 180.769%; text-align: center;\" valign=\"top\">\n<p>1 gab.<\/p>\n<\/td>\n<\/tr>\n<\/tbody>\n<\/table>\n<div id=\"gtx-trans\" style=\"position: absolute; left: 79px; top: 37px;\">\n<div class=\"gtx-trans-icon\"><\/div>\n<\/div>","protected":false},"excerpt":{"rendered":"<p>Kartona griez\u0113js<\/p>","protected":false},"featured_media":11477,"template":"","meta":[],"product_brand":[],"product_cat":[118],"product_tag":[],"class_list":{"0":"post-12510","1":"product","2":"type-product","3":"status-publish","4":"has-post-thumbnail","6":"product_cat-svirtines-pjaustykles","8":"first","9":"outofstock","10":"product-type-simple"},"_links":{"self":[{"href":"https:\/\/tavieta.lt\/lv\/wp-json\/wp\/v2\/product\/12510","targetHints":{"allow":["GET"]}}],"collection":[{"href":"https:\/\/tavieta.lt\/lv\/wp-json\/wp\/v2\/product"}],"about":[{"href":"https:\/\/tavieta.lt\/lv\/wp-json\/wp\/v2\/types\/product"}],"wp:featuredmedia":[{"embeddable":true,"href":"https:\/\/tavieta.lt\/lv\/wp-json\/wp\/v2\/media\/11477"}],"wp:attachment":[{"href":"https:\/\/tavieta.lt\/lv\/wp-json\/wp\/v2\/media?parent=12510"}],"wp:term":[{"taxonomy":"product_brand","embeddable":true,"href":"https:\/\/tavieta.lt\/lv\/wp-json\/wp\/v2\/product_brand?post=12510"},{"taxonomy":"product_cat","embeddable":true,"href":"https:\/\/tavieta.lt\/lv\/wp-json\/wp\/v2\/product_cat?post=12510"},{"taxonomy":"product_tag","embeddable":true,"href":"https:\/\/tavieta.lt\/lv\/wp-json\/wp\/v2\/product_tag?post=12510"}],"curies":[{"name":"wp","href":"https:\/\/api.w.org\/{rel}","templated":true}]}}