{"id":12516,"date":"2024-02-07T08:33:22","date_gmt":"2024-02-07T08:33:22","guid":{"rendered":"http:\/\/tavieta.lt\/produktas\/filmolam-max-laminavimo-masina\/"},"modified":"2025-01-30T07:33:21","modified_gmt":"2025-01-30T07:33:21","slug":"filmolam-max-laminavimo-masina","status":"publish","type":"product","link":"https:\/\/tavieta.lt\/lv\/products\/filmolam-max-laminavimo-masina\/","title":{"rendered":"Filmolam MAX lamin\u0113\u0161anas ma\u0161\u012bna"},"content":{"rendered":"<p>Filmolam MAX ir lamin\u0113\u0161anas iek\u0101rta, kas paredz\u0113ta profesion\u0101lai lieto\u0161anai un \u0101tr\u0101kai visas iesieto apjomu s\u0113rijas lamin\u0113\u0161anai. Papildus integr\u0113tajai gr\u0101matu izm\u0113ra m\u0113r\u012b\u0161anas skalai, lamin\u0101ta viegl\u0101 satver\u0161ana un \u013coti efekt\u012bva saspie\u0161anas ier\u012bce padara Filmolam MAX par laiku taupo\u0161u un efekt\u012bvu vad\u012bbas sist\u0113mas ier\u012bci gr\u0101matu lamin\u0113\u0161anai.<\/p>\n<table style=\"width: 69.2308%;\" cellspacing=\"0\" cellpadding=\"0\">\n<tbody>\n<tr>\n<td style=\"width: 13.8702%; text-align: center;\" valign=\"top\"><strong>Kods<\/strong><\/td>\n<td style=\"width: 73.8255%; text-align: center;\" valign=\"top\"><strong>Apraksts<\/strong><\/td>\n<td style=\"width: 65.7718%; text-align: center;\" valign=\"top\"><strong>Daudzums<\/strong><\/td>\n<\/tr>\n<tr>\n<td style=\"width: 13.8702%; text-align: center;\" valign=\"top\">20257M<\/td>\n<td style=\"width: 73.8255%; text-align: center;\" valign=\"top\">Filmolam MAX profesion\u0101l\u0101 lamin\u0113\u0161anas stacija<\/td>\n<td style=\"width: 65.7718%; text-align: center;\" valign=\"top\">1 gab.<\/td>\n<\/tr>\n<\/tbody>\n<\/table>\n<p><img decoding=\"async\" class=\"\" src=\"https:\/\/old.labostera.lt\/wp-content\/uploads\/2020\/04\/image77.jpeg\" width=\"206\" height=\"117\" \/><img decoding=\"async\" class=\"\" src=\"https:\/\/old.labostera.lt\/wp-content\/uploads\/2020\/04\/image78.jpeg\" width=\"206\" height=\"117\" \/><img decoding=\"async\" class=\"\" src=\"https:\/\/old.labostera.lt\/wp-content\/uploads\/2020\/04\/image79.jpeg\" width=\"205\" height=\"117\" \/><img loading=\"lazy\" decoding=\"async\" class=\"\" src=\"https:\/\/old.labostera.lt\/wp-content\/uploads\/2020\/04\/image80.jpeg\" width=\"208\" height=\"119\" \/><img loading=\"lazy\" decoding=\"async\" class=\"\" src=\"https:\/\/old.labostera.lt\/wp-content\/uploads\/2020\/04\/image81.jpeg\" width=\"211\" height=\"120\" \/><img loading=\"lazy\" decoding=\"async\" class=\"\" src=\"https:\/\/old.labostera.lt\/wp-content\/uploads\/2020\/04\/image82.jpeg\" width=\"211\" height=\"120\" \/><\/p>\n<p>&nbsp;<\/p>\n<div id=\"gtx-trans\" style=\"position: absolute; left: 79px; top: 37px;\">\n<div class=\"gtx-trans-icon\"><\/div>\n<\/div>","protected":false},"excerpt":{"rendered":"<p>Filmolam MAX<\/p>","protected":false},"featured_media":11488,"template":"","meta":[],"product_brand":[],"product_cat":[104],"product_tag":[],"class_list":{"0":"post-12516","1":"product","2":"type-product","3":"status-publish","4":"has-post-thumbnail","6":"product_cat-knygu-virseliu-apsauga","8":"first","9":"outofstock","10":"product-type-simple"},"_links":{"self":[{"href":"https:\/\/tavieta.lt\/lv\/wp-json\/wp\/v2\/product\/12516","targetHints":{"allow":["GET"]}}],"collection":[{"href":"https:\/\/tavieta.lt\/lv\/wp-json\/wp\/v2\/product"}],"about":[{"href":"https:\/\/tavieta.lt\/lv\/wp-json\/wp\/v2\/types\/product"}],"wp:featuredmedia":[{"embeddable":true,"href":"https:\/\/tavieta.lt\/lv\/wp-json\/wp\/v2\/media\/11488"}],"wp:attachment":[{"href":"https:\/\/tavieta.lt\/lv\/wp-json\/wp\/v2\/media?parent=12516"}],"wp:term":[{"taxonomy":"product_brand","embeddable":true,"href":"https:\/\/tavieta.lt\/lv\/wp-json\/wp\/v2\/product_brand?post=12516"},{"taxonomy":"product_cat","embeddable":true,"href":"https:\/\/tavieta.lt\/lv\/wp-json\/wp\/v2\/product_cat?post=12516"},{"taxonomy":"product_tag","embeddable":true,"href":"https:\/\/tavieta.lt\/lv\/wp-json\/wp\/v2\/product_tag?post=12516"}],"curies":[{"name":"wp","href":"https:\/\/api.w.org\/{rel}","templated":true}]}}