{"id":12518,"date":"2024-02-07T08:33:22","date_gmt":"2024-02-07T08:33:22","guid":{"rendered":"http:\/\/tavieta.lt\/produktas\/kiseninis-laminatorius-unilam\/"},"modified":"2025-01-30T07:33:34","modified_gmt":"2025-01-30T07:33:34","slug":"kiseninis-laminatorius-unilam","status":"publish","type":"product","link":"https:\/\/tavieta.lt\/lv\/products\/kiseninis-laminatorius-unilam\/","title":{"rendered":"Kabatas laminators UNILAM"},"content":{"rendered":"<p>Ma\u0161\u012bnai ir divi rull\u012b\u0161i un karstumiztur\u012bga ier\u012bce, kas nodro\u0161ina pareizu lamin\u0113\u0161anu. Tas ir piem\u0113rots darbam ar da\u017e\u0101d\u0101m izdruk\u0101m, piem\u0113ram: foto iesie\u0161anas sertifik\u0101tiem u.c. Rezult\u0101ts var b\u016bt lielisks. To var izmantot biroj\u0101, fotogr\u0101fij\u0101s, bibliot\u0113k\u0101 un jebkur\u0101 cit\u0101 viet\u0101, kur nepiecie\u0161ams kaut ko lamin\u0113t.<\/p>\n<table style=\"width: 87.6794%; height: 138px;\" width=\"879\">\n<tbody>\n<tr style=\"height: 23px;\">\n<td style=\"text-align: center; height: 23px;\" width=\"116\">120\u00a0YD<\/td>\n<td style=\"text-align: center; height: 23px;\" width=\"313\">Kabatas laminators UNILAM<\/td>\n<td style=\"text-align: center; height: 23px;\" width=\"273\"><\/td>\n<td style=\"text-align: center; height: 23px;\" width=\"177\">1 gab<\/td>\n<\/tr>\n<tr style=\"height: 23px;\">\n<td style=\"text-align: center; height: 23px;\">Y54861<\/td>\n<td style=\"text-align: center; height: 115px;\" rowspan=\"5\">Lamin\u0113\u0161anas kabatas<\/td>\n<td style=\"text-align: center; height: 23px;\">54\u00a0x\u00a086\u00a0mm, 125\u00a0mikrofoni<\/td>\n<td style=\"text-align: center; height: 23px;\">100 gab<\/td>\n<\/tr>\n<tr style=\"height: 23px;\">\n<td style=\"text-align: center; height: 23px;\">Y5595<\/td>\n<td style=\"text-align: center; height: 23px;\">60 x 95 mm, 175 mikroni<\/td>\n<td style=\"text-align: center; height: 23px;\">100 gab<\/td>\n<\/tr>\n<tr style=\"height: 23px;\">\n<td style=\"text-align: center; height: 23px;\">Y55958<\/td>\n<td style=\"text-align: center; height: 23px;\">60\u00a0x\u00a095\u00a0mm, 80\u00a0mikrofoni<\/td>\n<td style=\"text-align: center; height: 23px;\">100 gab<\/td>\n<\/tr>\n<tr style=\"height: 23px;\">\n<td style=\"text-align: center; height: 23px;\">Y65958<\/td>\n<td style=\"text-align: center; height: 23px;\">65\u00a0x\u00a095\u00a0mm, 80\u00a0mikrofoni<\/td>\n<td style=\"text-align: center; height: 23px;\">100 gab<\/td>\n<\/tr>\n<tr style=\"height: 23px;\">\n<td style=\"text-align: center; height: 23px;\">Y80110100<\/td>\n<td style=\"text-align: center; height: 23px;\">A7, 81 x 110 mm, 100 mikroni<\/td>\n<td style=\"text-align: center; height: 23px;\">100 gab<\/td>\n<\/tr>\n<\/tbody>\n<\/table>\n<div id=\"gtx-trans\" style=\"position: absolute; left: 79px; top: 37px;\">\n<div class=\"gtx-trans-icon\"><\/div>\n<\/div>","protected":false},"excerpt":{"rendered":"<p>kabatas laminators<\/p>","protected":false},"featured_media":11492,"template":"","meta":[],"product_brand":[],"product_cat":[104],"product_tag":[],"class_list":{"0":"post-12518","1":"product","2":"type-product","3":"status-publish","4":"has-post-thumbnail","6":"product_cat-knygu-virseliu-apsauga","8":"first","9":"outofstock","10":"product-type-simple"},"_links":{"self":[{"href":"https:\/\/tavieta.lt\/lv\/wp-json\/wp\/v2\/product\/12518","targetHints":{"allow":["GET"]}}],"collection":[{"href":"https:\/\/tavieta.lt\/lv\/wp-json\/wp\/v2\/product"}],"about":[{"href":"https:\/\/tavieta.lt\/lv\/wp-json\/wp\/v2\/types\/product"}],"wp:featuredmedia":[{"embeddable":true,"href":"https:\/\/tavieta.lt\/lv\/wp-json\/wp\/v2\/media\/11492"}],"wp:attachment":[{"href":"https:\/\/tavieta.lt\/lv\/wp-json\/wp\/v2\/media?parent=12518"}],"wp:term":[{"taxonomy":"product_brand","embeddable":true,"href":"https:\/\/tavieta.lt\/lv\/wp-json\/wp\/v2\/product_brand?post=12518"},{"taxonomy":"product_cat","embeddable":true,"href":"https:\/\/tavieta.lt\/lv\/wp-json\/wp\/v2\/product_cat?post=12518"},{"taxonomy":"product_tag","embeddable":true,"href":"https:\/\/tavieta.lt\/lv\/wp-json\/wp\/v2\/product_tag?post=12518"}],"curies":[{"name":"wp","href":"https:\/\/api.w.org\/{rel}","templated":true}]}}