{"id":12520,"date":"2024-02-07T08:33:22","date_gmt":"2024-02-07T08:33:22","guid":{"rendered":"http:\/\/tavieta.lt\/produktas\/filmoplast-p90-plus\/"},"modified":"2024-02-07T08:34:29","modified_gmt":"2024-02-07T08:34:29","slug":"filmoplast-p90-plus","status":"publish","type":"product","link":"https:\/\/tavieta.lt\/lv\/products\/filmoplast-p90-plus\/","title":{"rendered":"Filmoplast P90 plus gr\u0101matas v\u0101ka stiprin\u0101\u0161anai"},"content":{"rendered":"<p>Tas ir ide\u0101li piem\u0113rots, lai stiprin\u0101tu saikni starp gr\u0101matas v\u0101ku un gr\u0101matu bloku, ar augstu savienojuma iztur\u012bbu un sp\u0113c\u012bgu iztur\u012bbu pret pl\u012bsumiem.<\/p>\n<table style=\"border-collapse: collapse; width: 81.7258%;\">\n<tbody>\n<tr>\n<td style=\"width: 21.6696%; text-align: center;\" width=\"150\">6018639<\/td>\n<td style=\"width: 33.3333%; text-align: center;\">Filmoplast P90 plus<\/td>\n<td style=\"width: 45.1155%; text-align: center;\" width=\"300\">50m x 2cm<\/td>\n<\/tr>\n<\/tbody>\n<\/table>\n<div id=\"gtx-trans\" style=\"position: absolute; left: 79px; top: 37px;\">\n<div class=\"gtx-trans-icon\"><\/div>\n<\/div>","protected":false},"excerpt":{"rendered":"<p>Filmoplast P90 plus<\/p>","protected":false},"featured_media":11496,"template":"","meta":[],"product_brand":[],"product_cat":[102,103],"product_tag":[],"class_list":{"0":"post-12520","1":"product","2":"type-product","3":"status-publish","4":"has-post-thumbnail","6":"product_cat-knygu-taisymas-ir-prieziura","7":"product_cat-knygu-taisymo-juostos","9":"first","10":"outofstock","11":"product-type-simple"},"_links":{"self":[{"href":"https:\/\/tavieta.lt\/lv\/wp-json\/wp\/v2\/product\/12520","targetHints":{"allow":["GET"]}}],"collection":[{"href":"https:\/\/tavieta.lt\/lv\/wp-json\/wp\/v2\/product"}],"about":[{"href":"https:\/\/tavieta.lt\/lv\/wp-json\/wp\/v2\/types\/product"}],"wp:featuredmedia":[{"embeddable":true,"href":"https:\/\/tavieta.lt\/lv\/wp-json\/wp\/v2\/media\/11496"}],"wp:attachment":[{"href":"https:\/\/tavieta.lt\/lv\/wp-json\/wp\/v2\/media?parent=12520"}],"wp:term":[{"taxonomy":"product_brand","embeddable":true,"href":"https:\/\/tavieta.lt\/lv\/wp-json\/wp\/v2\/product_brand?post=12520"},{"taxonomy":"product_cat","embeddable":true,"href":"https:\/\/tavieta.lt\/lv\/wp-json\/wp\/v2\/product_cat?post=12520"},{"taxonomy":"product_tag","embeddable":true,"href":"https:\/\/tavieta.lt\/lv\/wp-json\/wp\/v2\/product_tag?post=12520"}],"curies":[{"name":"wp","href":"https:\/\/api.w.org\/{rel}","templated":true}]}}