{"id":12521,"date":"2024-02-07T08:33:22","date_gmt":"2024-02-07T08:33:22","guid":{"rendered":"http:\/\/tavieta.lt\/produktas\/filmomatt-matine-minksta-plevele-apsaugai\/"},"modified":"2024-02-07T08:34:29","modified_gmt":"2024-02-07T08:34:29","slug":"filmomatt-matine-minksta-plevele-apsaugai","status":"publish","type":"product","link":"https:\/\/tavieta.lt\/lv\/products\/filmomatt-matine-minksta-plevele-apsaugai\/","title":{"rendered":"Filmomat ir mat\u0113ta, m\u012bksta pl\u0113ve aizsardz\u012bbai"},"content":{"rendered":"<p>Mat\u0113ta, m\u012bksta PVC pl\u0113ve, neatstarojo\u0161a, nedaudz samazin\u0101ta s\u0101kotn\u0113j\u0101 adh\u0113zija. J\u016bs varat uz t\u0101 rakst\u012bt. Ide\u0101li piem\u0113rots kar\u0161u, pl\u0101nu utt. aizsardz\u012bbai. To var saloc\u012bt un rakst\u012bt ar svina z\u012bmu\u013ciem, vaska kr\u012bti\u0146iem, kr\u0101sainiem pildspalv\u0101m. \u012apa\u0161i m\u012bksts un neatstarojo\u0161s.<\/p>\n<table style=\"width: 62%; height: 144px;\" width=\"854\">\n<tbody>\n<tr style=\"height: 24px;\">\n<td style=\"height: 24px; width: 13.3489%; text-align: center;\" width=\"113\">10099<\/td>\n<td style=\"height: 144px; width: 35.0117%; text-align: center;\" rowspan=\"6\" width=\"304\">Filmomat<\/td>\n<td style=\"height: 24px; width: 30.3279%; text-align: center;\" width=\"265\">10 x 41 cm<\/td>\n<td style=\"height: 24px; width: 19.9063%; text-align: center;\" width=\"172\">1 gab<\/td>\n<\/tr>\n<tr style=\"height: 24px;\">\n<td style=\"height: 24px; width: 13.3489%; text-align: center;\">10100<\/td>\n<td style=\"height: 24px; width: 30.3279%; text-align: center;\">10 x 62 cm<\/td>\n<td style=\"height: 24px; width: 19.9063%; text-align: center;\">1 gab<\/td>\n<\/tr>\n<tr style=\"height: 24px;\">\n<td style=\"height: 24px; width: 13.3489%; text-align: center;\">10101<\/td>\n<td style=\"height: 24px; width: 30.3279%; text-align: center;\">10 x 124 cm<\/td>\n<td style=\"height: 24px; width: 19.9063%; text-align: center;\">1 gab<\/td>\n<\/tr>\n<tr style=\"height: 24px;\">\n<td style=\"height: 24px; width: 13.3489%; text-align: center;\">10102<\/td>\n<td style=\"height: 24px; width: 30.3279%; text-align: center;\">25 x 41 cm<\/td>\n<td style=\"height: 24px; width: 19.9063%; text-align: center;\">1 gab<\/td>\n<\/tr>\n<tr style=\"height: 24px;\">\n<td style=\"height: 24px; width: 13.3489%; text-align: center;\">10103<\/td>\n<td style=\"height: 24px; width: 30.3279%; text-align: center;\">25 x 62 cm<\/td>\n<td style=\"height: 24px; width: 19.9063%; text-align: center;\">1 gab<\/td>\n<\/tr>\n<tr style=\"height: 24px;\">\n<td style=\"height: 24px; width: 13.3489%; text-align: center;\">10104<\/td>\n<td style=\"height: 24px; width: 30.3279%; text-align: center;\">25 x 124 cm<\/td>\n<td style=\"height: 24px; width: 19.9063%; text-align: center;\">1 gab<\/td>\n<\/tr>\n<\/tbody>\n<\/table>\n<div id=\"gtx-trans\" style=\"position: absolute; left: 79px; top: 37px;\">\n<div class=\"gtx-trans-icon\"><\/div>\n<\/div>","protected":false},"excerpt":{"rendered":"<p>filmmatt<\/p>","protected":false},"featured_media":11498,"template":"","meta":[],"product_brand":[],"product_cat":[102,104],"product_tag":[],"class_list":{"0":"post-12521","1":"product","2":"type-product","3":"status-publish","4":"has-post-thumbnail","6":"product_cat-knygu-taisymas-ir-prieziura","7":"product_cat-knygu-virseliu-apsauga","9":"first","10":"outofstock","11":"product-type-simple"},"_links":{"self":[{"href":"https:\/\/tavieta.lt\/lv\/wp-json\/wp\/v2\/product\/12521","targetHints":{"allow":["GET"]}}],"collection":[{"href":"https:\/\/tavieta.lt\/lv\/wp-json\/wp\/v2\/product"}],"about":[{"href":"https:\/\/tavieta.lt\/lv\/wp-json\/wp\/v2\/types\/product"}],"wp:featuredmedia":[{"embeddable":true,"href":"https:\/\/tavieta.lt\/lv\/wp-json\/wp\/v2\/media\/11498"}],"wp:attachment":[{"href":"https:\/\/tavieta.lt\/lv\/wp-json\/wp\/v2\/media?parent=12521"}],"wp:term":[{"taxonomy":"product_brand","embeddable":true,"href":"https:\/\/tavieta.lt\/lv\/wp-json\/wp\/v2\/product_brand?post=12521"},{"taxonomy":"product_cat","embeddable":true,"href":"https:\/\/tavieta.lt\/lv\/wp-json\/wp\/v2\/product_cat?post=12521"},{"taxonomy":"product_tag","embeddable":true,"href":"https:\/\/tavieta.lt\/lv\/wp-json\/wp\/v2\/product_tag?post=12521"}],"curies":[{"name":"wp","href":"https:\/\/api.w.org\/{rel}","templated":true}]}}