{"id":12524,"date":"2024-02-07T08:33:22","date_gmt":"2024-02-07T08:33:22","guid":{"rendered":"http:\/\/tavieta.lt\/produktas\/vezimelis-knygoms-wamech-nr-3\/"},"modified":"2024-02-07T08:34:31","modified_gmt":"2024-02-07T08:34:31","slug":"vezimelis-knygoms-wamech-nr-3","status":"publish","type":"product","link":"https:\/\/tavieta.lt\/lv\/products\/vezimelis-knygoms-wamech-nr-3\/","title":{"rendered":"Grozs gr\u0101mat\u0101m Wamech nr 3"},"content":{"rendered":"<p><strong>M\u0113r\u012bjumi: <\/strong>943\u00a0x\u00a01080\u00a0x\u00a0300\u00a0mm (augstums\u00a0x\u00a0garums\u00a0x platums)<\/p>\n<p><strong>B\u016bvniec\u012bba: <\/strong>T\u0113rauds, metin\u0101ts, pulverkr\u0101sojums p\u0113c RAL paletes. Plaukti: 830 x<\/p>\n<p>290 mm, ar sl\u012bpumu 5 \u00b0; Att\u0101lums starp plauktiem: 245 mm<\/p>\n<p><strong>Rite\u0146i<\/strong>: \u010cetri groz\u0101mi rite\u0146i, divi ar piln\u0101m bremz\u0113m, pel\u0113ki, neskr\u0101p\u0113.<\/p>\n<p><strong>Rite\u0146a diametrs<\/strong>: 100 mm<\/p>\n<p>Rati\u0146u kravnes\u012bba: 150 kg<\/p>\n<div id=\"gtx-trans\" style=\"position: absolute; left: 79px; top: 37px;\">\n<div class=\"gtx-trans-icon\"><\/div>\n<\/div>","protected":false},"excerpt":{"rendered":"<p>gr\u0101matu rati\u0146i wamech Nr<\/p>","protected":false},"featured_media":11504,"template":"","meta":[],"product_brand":[],"product_cat":[107,108],"product_tag":[],"class_list":{"0":"post-12524","1":"product","2":"type-product","3":"status-publish","4":"has-post-thumbnail","6":"product_cat-baldai","7":"product_cat-vezimeliai-knygoms","9":"first","10":"outofstock","11":"product-type-simple"},"_links":{"self":[{"href":"https:\/\/tavieta.lt\/lv\/wp-json\/wp\/v2\/product\/12524","targetHints":{"allow":["GET"]}}],"collection":[{"href":"https:\/\/tavieta.lt\/lv\/wp-json\/wp\/v2\/product"}],"about":[{"href":"https:\/\/tavieta.lt\/lv\/wp-json\/wp\/v2\/types\/product"}],"wp:featuredmedia":[{"embeddable":true,"href":"https:\/\/tavieta.lt\/lv\/wp-json\/wp\/v2\/media\/11504"}],"wp:attachment":[{"href":"https:\/\/tavieta.lt\/lv\/wp-json\/wp\/v2\/media?parent=12524"}],"wp:term":[{"taxonomy":"product_brand","embeddable":true,"href":"https:\/\/tavieta.lt\/lv\/wp-json\/wp\/v2\/product_brand?post=12524"},{"taxonomy":"product_cat","embeddable":true,"href":"https:\/\/tavieta.lt\/lv\/wp-json\/wp\/v2\/product_cat?post=12524"},{"taxonomy":"product_tag","embeddable":true,"href":"https:\/\/tavieta.lt\/lv\/wp-json\/wp\/v2\/product_tag?post=12524"}],"curies":[{"name":"wp","href":"https:\/\/api.w.org\/{rel}","templated":true}]}}