{"id":12527,"date":"2024-02-07T08:34:36","date_gmt":"2024-02-07T08:34:36","guid":{"rendered":"http:\/\/tavieta.lt\/produktas\/vezimelis-knygoms-wamech-nr-6\/"},"modified":"2024-02-07T08:34:37","modified_gmt":"2024-02-07T08:34:37","slug":"vezimelis-knygoms-wamech-nr-6","status":"publish","type":"product","link":"https:\/\/tavieta.lt\/lv\/products\/vezimelis-knygoms-wamech-nr-6\/","title":{"rendered":"Rati gr\u0101mat\u0101m Wamech nr.6"},"content":{"rendered":"<p><strong>M\u0113r\u012bjumi: <\/strong>910\u00a0x\u00a0550\u00a0x\u00a0340\u00a0mm (augstums\u00a0x garums\u00a0x platums)<\/p>\n<p><strong>B\u016bvniec\u012bba<\/strong>: T\u0113rauds, metin\u0101ts, pulverkr\u0101sojums p\u0113c RAL paletes. Plaukti: 550 x 300 mm; att\u0101lums starp plauktiem: 370 mm. <strong>Rite\u0146i<\/strong>: 4 groz\u0101mi, 2 ar piln\u0101m bremz\u0113m, pel\u0113ka, neskr\u0101p\u0113.<\/p>\n<p><strong>Rite\u0146a diametrs<\/strong>: 100 mm<\/p>\n<p>Rati\u0146u kravnes\u012bba: 150 kg<\/p>\n<div id=\"gtx-trans\" style=\"position: absolute; left: 79px; top: 37px;\">\n<div class=\"gtx-trans-icon\"><\/div>\n<\/div>","protected":false},"excerpt":{"rendered":"<p>Rati gr\u0101mat\u0101m Nr<\/p>","protected":false},"featured_media":11510,"template":"","meta":[],"product_brand":[],"product_cat":[107,108],"product_tag":[],"class_list":{"0":"post-12527","1":"product","2":"type-product","3":"status-publish","4":"has-post-thumbnail","6":"product_cat-baldai","7":"product_cat-vezimeliai-knygoms","9":"first","10":"outofstock","11":"product-type-simple"},"_links":{"self":[{"href":"https:\/\/tavieta.lt\/lv\/wp-json\/wp\/v2\/product\/12527","targetHints":{"allow":["GET"]}}],"collection":[{"href":"https:\/\/tavieta.lt\/lv\/wp-json\/wp\/v2\/product"}],"about":[{"href":"https:\/\/tavieta.lt\/lv\/wp-json\/wp\/v2\/types\/product"}],"wp:featuredmedia":[{"embeddable":true,"href":"https:\/\/tavieta.lt\/lv\/wp-json\/wp\/v2\/media\/11510"}],"wp:attachment":[{"href":"https:\/\/tavieta.lt\/lv\/wp-json\/wp\/v2\/media?parent=12527"}],"wp:term":[{"taxonomy":"product_brand","embeddable":true,"href":"https:\/\/tavieta.lt\/lv\/wp-json\/wp\/v2\/product_brand?post=12527"},{"taxonomy":"product_cat","embeddable":true,"href":"https:\/\/tavieta.lt\/lv\/wp-json\/wp\/v2\/product_cat?post=12527"},{"taxonomy":"product_tag","embeddable":true,"href":"https:\/\/tavieta.lt\/lv\/wp-json\/wp\/v2\/product_tag?post=12527"}],"curies":[{"name":"wp","href":"https:\/\/api.w.org\/{rel}","templated":true}]}}