{"id":12529,"date":"2024-02-07T08:34:36","date_gmt":"2024-02-07T08:34:36","guid":{"rendered":"http:\/\/tavieta.lt\/produktas\/vezimelis-knygoms-wamech-nr-8\/"},"modified":"2024-02-07T08:34:38","modified_gmt":"2024-02-07T08:34:38","slug":"vezimelis-knygoms-wamech-nr-8","status":"publish","type":"product","link":"https:\/\/tavieta.lt\/lv\/products\/vezimelis-knygoms-wamech-nr-8\/","title":{"rendered":"Grozs gr\u0101mat\u0101m Wamech Nr"},"content":{"rendered":"<p><strong>M\u0113r\u012bjumi: <\/strong>990 x 770 x 470 mm<\/p>\n<p>(augstums x garums x platums)<\/p>\n<p><strong>B\u016bvniec\u012bba<\/strong>: T\u0113rauds, metin\u0101ts, pulverkr\u0101sojums p\u0113c RAL paletes. Plaukti: 730 x 430 mm; att\u0101lums starp plauktiem: 330 mm <strong>Rite\u0146i<\/strong>: 4 groz\u0101mi, 2 ar piln\u0101m bremz\u0113m, pel\u0113ka, neskr\u0101p\u0113.<\/p>\n<p><strong>Rite\u0146u no\u017eogojums<\/strong>: 100 mm<\/p>\n<p>Rati\u0146u kravnes\u012bba ir 150 kg<\/p>\n<div id=\"gtx-trans\" style=\"position: absolute; left: 79px; top: 37px;\">\n<div class=\"gtx-trans-icon\"><\/div>\n<\/div>","protected":false},"excerpt":{"rendered":"<p>Grozs gr\u0101mat\u0101m Wamech Nr<\/p>","protected":false},"featured_media":11514,"template":"","meta":[],"product_brand":[],"product_cat":[107,108],"product_tag":[],"class_list":{"0":"post-12529","1":"product","2":"type-product","3":"status-publish","4":"has-post-thumbnail","6":"product_cat-baldai","7":"product_cat-vezimeliai-knygoms","9":"first","10":"outofstock","11":"product-type-simple"},"_links":{"self":[{"href":"https:\/\/tavieta.lt\/lv\/wp-json\/wp\/v2\/product\/12529","targetHints":{"allow":["GET"]}}],"collection":[{"href":"https:\/\/tavieta.lt\/lv\/wp-json\/wp\/v2\/product"}],"about":[{"href":"https:\/\/tavieta.lt\/lv\/wp-json\/wp\/v2\/types\/product"}],"wp:featuredmedia":[{"embeddable":true,"href":"https:\/\/tavieta.lt\/lv\/wp-json\/wp\/v2\/media\/11514"}],"wp:attachment":[{"href":"https:\/\/tavieta.lt\/lv\/wp-json\/wp\/v2\/media?parent=12529"}],"wp:term":[{"taxonomy":"product_brand","embeddable":true,"href":"https:\/\/tavieta.lt\/lv\/wp-json\/wp\/v2\/product_brand?post=12529"},{"taxonomy":"product_cat","embeddable":true,"href":"https:\/\/tavieta.lt\/lv\/wp-json\/wp\/v2\/product_cat?post=12529"},{"taxonomy":"product_tag","embeddable":true,"href":"https:\/\/tavieta.lt\/lv\/wp-json\/wp\/v2\/product_tag?post=12529"}],"curies":[{"name":"wp","href":"https:\/\/api.w.org\/{rel}","templated":true}]}}