{"id":12531,"date":"2024-02-07T08:34:36","date_gmt":"2024-02-07T08:34:36","guid":{"rendered":"http:\/\/tavieta.lt\/produktas\/gudy-dot-kliju-dozatorius\/"},"modified":"2025-01-30T13:01:13","modified_gmt":"2025-01-30T13:01:13","slug":"gudy-dot-kliju-dozatorius","status":"publish","type":"product","link":"https:\/\/tavieta.lt\/lv\/products\/gudy-dot-kliju-dozatorius\/","title":{"rendered":"Gudy dot l\u012bmes dozators"},"content":{"rendered":"<p>\u0160\u012b ilgnotur\u012bg\u0101 caursp\u012bd\u012bg\u0101 akrila l\u012bme ir bez sk\u0101bes un m\u016b\u017e\u012bga. Vienk\u0101r\u0161\u0101 l\u012bmes punktu izklied\u0113\u0161anas tehnolo\u0123ijas pielieto\u0161ana bez dozatora \u013cauj viegli piel\u012bm\u0113t materi\u0101lu. Piem\u0113ram, ar punktu l\u012bm\u0113\u0161anu, neskatoties uz past\u0101v\u012bgajiem l\u012bmes punktiem, fotogr\u0101fijas var no\u0146emt un nomain\u012bt jebkur\u0101 laik\u0101. P\u0113c tam l\u012bmes punktus var viegli no\u0146emt, berz\u0113jot ar pirkstu.<\/p>\n<table style=\"width: 69.1007%;\" cellspacing=\"0\" cellpadding=\"0\">\n<tbody>\n<tr>\n<td style=\"width: 20.6704%; text-align: center;\" valign=\"top\">\n<p><strong>Kods<\/strong><\/p>\n<\/td>\n<td style=\"width: 63.6872%; text-align: center;\" valign=\"top\">\n<p><strong>Apraksts<\/strong><\/p>\n<\/td>\n<td style=\"width: 106.704%; text-align: center;\" valign=\"top\">\n<p><strong>Daudzums<\/strong><\/p>\n<\/td>\n<\/tr>\n<tr>\n<td style=\"width: 20.6704%; text-align: center;\" valign=\"top\">\n<p>35429<\/p>\n<\/td>\n<td style=\"width: 63.6872%; text-align: center;\" valign=\"top\">\n<p>Gudy DOT dozators<\/p>\n<\/td>\n<td style=\"width: 106.704%; text-align: center;\" valign=\"top\">\n<p>1 gab.<\/p>\n<\/td>\n<\/tr>\n<tr>\n<td style=\"width: 20.6704%; text-align: center;\" valign=\"top\">\n<p>6035157<\/p>\n<\/td>\n<td style=\"width: 63.6872%; text-align: center;\" valign=\"top\">\n<p>Gudy DOT lente, 50 mx 2,5 cm<\/p>\n<\/td>\n<td style=\"width: 106.704%; text-align: center;\" valign=\"top\">\n<p>1 gab.<\/p>\n<\/td>\n<\/tr>\n<tr>\n<td style=\"width: 20.6704%; text-align: center;\" valign=\"top\">\n<p>6035157A<\/p>\n<\/td>\n<td style=\"width: 63.6872%; text-align: center;\" valign=\"top\">\n<p>Gudy DOT lente, 50 mx 104 cm<\/p>\n<\/td>\n<td style=\"width: 106.704%; text-align: center;\" valign=\"top\">\n<p>1 gab.<\/p>\n<\/td>\n<\/tr>\n<tr>\n<td style=\"width: 20.6704%; text-align: center;\" valign=\"top\">\n<p>6035157B<\/p>\n<\/td>\n<td style=\"width: 63.6872%; text-align: center;\" valign=\"top\">\n<p>Gudy DOT lente, 50 mx 130 cm<\/p>\n<\/td>\n<td style=\"width: 106.704%; text-align: center;\" valign=\"top\">\n<p>1 gab.<\/p>\n<\/td>\n<\/tr>\n<tr>\n<td style=\"width: 20.6704%; text-align: center;\" valign=\"top\">\n<p>6035157C<\/p>\n<\/td>\n<td style=\"width: 63.6872%; text-align: center;\" valign=\"top\">\n<p>Gudy DOT lente, 50 mx 140 cm<\/p>\n<\/td>\n<td style=\"width: 106.704%; text-align: center;\" valign=\"top\">\n<p>1 gab.<\/p>\n<\/td>\n<\/tr>\n<tr>\n<td style=\"width: 20.6704%; text-align: center;\" valign=\"top\">\n<p>6035157D<\/p>\n<\/td>\n<td style=\"width: 63.6872%; text-align: center;\" valign=\"top\">\n<p>Gudy DOT lente, 50 mx 155 cm<\/p>\n<\/td>\n<td style=\"width: 106.704%; text-align: center;\" valign=\"top\">\n<p>1 gab.<\/p>\n<\/td>\n<\/tr>\n<\/tbody>\n<\/table>\n<div id=\"gtx-trans\" style=\"position: absolute; left: 79px; top: 37px;\">\n<div class=\"gtx-trans-icon\"><\/div>\n<\/div>","protected":false},"excerpt":{"rendered":"<p>Gudy DOT.spenser<\/p>","protected":false},"featured_media":11518,"template":"","meta":[],"product_brand":[],"product_cat":[227],"product_tag":[],"class_list":{"0":"post-12531","1":"product","2":"type-product","3":"status-publish","4":"has-post-thumbnail","6":"product_cat-restauravimo-priemones","8":"first","9":"outofstock","10":"product-type-simple"},"_links":{"self":[{"href":"https:\/\/tavieta.lt\/lv\/wp-json\/wp\/v2\/product\/12531","targetHints":{"allow":["GET"]}}],"collection":[{"href":"https:\/\/tavieta.lt\/lv\/wp-json\/wp\/v2\/product"}],"about":[{"href":"https:\/\/tavieta.lt\/lv\/wp-json\/wp\/v2\/types\/product"}],"wp:featuredmedia":[{"embeddable":true,"href":"https:\/\/tavieta.lt\/lv\/wp-json\/wp\/v2\/media\/11518"}],"wp:attachment":[{"href":"https:\/\/tavieta.lt\/lv\/wp-json\/wp\/v2\/media?parent=12531"}],"wp:term":[{"taxonomy":"product_brand","embeddable":true,"href":"https:\/\/tavieta.lt\/lv\/wp-json\/wp\/v2\/product_brand?post=12531"},{"taxonomy":"product_cat","embeddable":true,"href":"https:\/\/tavieta.lt\/lv\/wp-json\/wp\/v2\/product_cat?post=12531"},{"taxonomy":"product_tag","embeddable":true,"href":"https:\/\/tavieta.lt\/lv\/wp-json\/wp\/v2\/product_tag?post=12531"}],"curies":[{"name":"wp","href":"https:\/\/api.w.org\/{rel}","templated":true}]}}