{"id":12532,"date":"2024-02-07T08:34:36","date_gmt":"2024-02-07T08:34:36","guid":{"rendered":"http:\/\/tavieta.lt\/produktas\/puzzle-vaikiskas-stalas-su-4-kedemis\/"},"modified":"2024-02-07T08:34:40","modified_gmt":"2024-02-07T08:34:40","slug":"puzzle-vaikiskas-stalas-su-4-kedemis","status":"publish","type":"product","link":"https:\/\/tavieta.lt\/lv\/products\/puzzle-vaikiskas-stalas-su-4-kedemis\/","title":{"rendered":"Puzle - b\u0113rnu galds ar 4 kr\u0113sliem"},"content":{"rendered":"<p>Puzle - Puzle ir izveidota no b\u0113rnu m\u0113bel\u0113m ar vienk\u0101r\u0161ot\u0101m m\u012bkl\u0101m, piem\u0113ram, l\u012bkn\u0113m, kas \u013cauj b\u0113rniem br\u012bvi izp\u0113t\u012bt. Puzle ir izgatavota no b\u0113rza, kas standarta veid\u0101 p\u0101rkl\u0101ts ar caursp\u012bd\u012bgu laku, bet par papildus samaksu var izgatavot ar\u012b citas kr\u0101sas<\/p>\n<p>Puzzle kr\u0113sla augstums ir 28 cm un diametrs ir 35 cm. Galda augstums ir 46 cm, dzi\u013cums un platums ir 90 cm.<\/p>\n<table style=\"width: 49.9264%;\" cellspacing=\"0\" cellpadding=\"0\">\n<tbody>\n<tr>\n<td style=\"width: 26.7782%; text-align: center;\" valign=\"top\">\n<p><strong>Kods<\/strong><\/p>\n<\/td>\n<td style=\"width: 49.7908%; text-align: center;\" valign=\"top\">\n<p><strong>Apraksts<\/strong><\/p>\n<\/td>\n<td style=\"width: 130.962%; text-align: center;\" valign=\"top\">\n<p><strong>Daudzums<\/strong><\/p>\n<\/td>\n<\/tr>\n<tr>\n<td style=\"width: 26.7782%; text-align: center;\" valign=\"top\">\n<p>EB23211<\/p>\n<\/td>\n<td style=\"width: 49.7908%; text-align: center;\" valign=\"top\">\n<p>Puzle\u00a0<\/p>\n<\/td>\n<td style=\"width: 130.962%; text-align: center;\" valign=\"top\">\n<p>1 gab.<\/p>\n<\/td>\n<\/tr>\n<\/tbody>\n<\/table>\n<div id=\"gtx-trans\" style=\"position: absolute; left: 79px; top: 37px;\">\n<div class=\"gtx-trans-icon\"><\/div>\n<\/div>","protected":false},"excerpt":{"rendered":"<p>m\u012bkla<\/p>","protected":false},"featured_media":11520,"template":"","meta":[],"product_brand":[],"product_cat":[107,122],"product_tag":[],"class_list":{"0":"post-12532","1":"product","2":"type-product","3":"status-publish","4":"has-post-thumbnail","6":"product_cat-baldai","7":"product_cat-baldai-vaiku-erdvei","9":"first","10":"outofstock","11":"product-type-simple"},"_links":{"self":[{"href":"https:\/\/tavieta.lt\/lv\/wp-json\/wp\/v2\/product\/12532","targetHints":{"allow":["GET"]}}],"collection":[{"href":"https:\/\/tavieta.lt\/lv\/wp-json\/wp\/v2\/product"}],"about":[{"href":"https:\/\/tavieta.lt\/lv\/wp-json\/wp\/v2\/types\/product"}],"wp:featuredmedia":[{"embeddable":true,"href":"https:\/\/tavieta.lt\/lv\/wp-json\/wp\/v2\/media\/11520"}],"wp:attachment":[{"href":"https:\/\/tavieta.lt\/lv\/wp-json\/wp\/v2\/media?parent=12532"}],"wp:term":[{"taxonomy":"product_brand","embeddable":true,"href":"https:\/\/tavieta.lt\/lv\/wp-json\/wp\/v2\/product_brand?post=12532"},{"taxonomy":"product_cat","embeddable":true,"href":"https:\/\/tavieta.lt\/lv\/wp-json\/wp\/v2\/product_cat?post=12532"},{"taxonomy":"product_tag","embeddable":true,"href":"https:\/\/tavieta.lt\/lv\/wp-json\/wp\/v2\/product_tag?post=12532"}],"curies":[{"name":"wp","href":"https:\/\/api.w.org\/{rel}","templated":true}]}}