{"id":12533,"date":"2024-02-07T08:34:36","date_gmt":"2024-02-07T08:34:36","guid":{"rendered":"http:\/\/tavieta.lt\/produktas\/stalinis-knygu-risimo-spaustuvas-kl-1\/"},"modified":"2024-02-07T08:34:40","modified_gmt":"2024-02-07T08:34:40","slug":"stalinis-knygu-risimo-spaustuvas-kl-1","status":"publish","type":"product","link":"https:\/\/tavieta.lt\/lv\/products\/stalinis-knygu-risimo-spaustuvas-kl-1\/","title":{"rendered":"Galda gr\u0101matu iesie\u0161anas prese KL-1"},"content":{"rendered":"<p>Galda gr\u0101matu iesie\u0161anas prese. Ar roku darbin\u0101ma, kompakta gr\u0101matu iesie\u0161anas prese, kas galvenok\u0101rt paredz\u0113ta iesietu gr\u0101matu saspie\u0161anai. Skavu pl\u0101ksnes ir izgatavotas no t\u0113rauda, un armat\u016bras stie\u0146i nodro\u0161ina pietiekamu iztur\u012bbu.<\/p>\n<table width=\"879\">\n<tbody>\n<tr>\n<td style=\"text-align: center;\" width=\"116\">OST00132<\/td>\n<td style=\"text-align: center;\" width=\"313\">Galda gr\u0101matu iesie\u0161anas prese KL - 1\u00a0<\/td>\n<td style=\"text-align: center;\" width=\"273\">490 x 530 x 340 mm<\/td>\n<td style=\"text-align: center;\" width=\"177\">1 gab<\/td>\n<\/tr>\n<\/tbody>\n<\/table>\n<div id=\"gtx-trans\" style=\"position: absolute; left: 79px; top: 37px;\">\n<div class=\"gtx-trans-icon\"><\/div>\n<\/div>","protected":false},"excerpt":{"rendered":"<p>Galda gr\u0101matu iesie\u0161anas prese KL - 0<\/p>","protected":false},"featured_media":11522,"template":"","meta":[],"product_brand":[],"product_cat":[123],"product_tag":[],"class_list":{"0":"post-12533","1":"product","2":"type-product","3":"status-publish","4":"has-post-thumbnail","6":"product_cat-knygu-spaustuvai","8":"first","9":"outofstock","10":"product-type-simple"},"_links":{"self":[{"href":"https:\/\/tavieta.lt\/lv\/wp-json\/wp\/v2\/product\/12533","targetHints":{"allow":["GET"]}}],"collection":[{"href":"https:\/\/tavieta.lt\/lv\/wp-json\/wp\/v2\/product"}],"about":[{"href":"https:\/\/tavieta.lt\/lv\/wp-json\/wp\/v2\/types\/product"}],"wp:featuredmedia":[{"embeddable":true,"href":"https:\/\/tavieta.lt\/lv\/wp-json\/wp\/v2\/media\/11522"}],"wp:attachment":[{"href":"https:\/\/tavieta.lt\/lv\/wp-json\/wp\/v2\/media?parent=12533"}],"wp:term":[{"taxonomy":"product_brand","embeddable":true,"href":"https:\/\/tavieta.lt\/lv\/wp-json\/wp\/v2\/product_brand?post=12533"},{"taxonomy":"product_cat","embeddable":true,"href":"https:\/\/tavieta.lt\/lv\/wp-json\/wp\/v2\/product_cat?post=12533"},{"taxonomy":"product_tag","embeddable":true,"href":"https:\/\/tavieta.lt\/lv\/wp-json\/wp\/v2\/product_tag?post=12533"}],"curies":[{"name":"wp","href":"https:\/\/api.w.org\/{rel}","templated":true}]}}