{"id":12534,"date":"2024-02-07T08:34:36","date_gmt":"2024-02-07T08:34:36","guid":{"rendered":"http:\/\/tavieta.lt\/produktas\/knygu-spaustuvas\/"},"modified":"2024-02-07T08:34:41","modified_gmt":"2024-02-07T08:34:41","slug":"knygu-spaustuvas","status":"publish","type":"product","link":"https:\/\/tavieta.lt\/lv\/products\/knygu-spaustuvas\/","title":{"rendered":"Gr\u0101matu prese"},"content":{"rendered":"<p>Gr\u0101matu prese, izgatavota no lamin\u0113ta b\u0113rza, ar piln\u0101m mal\u0101m, ietilp\u012bba: 14 cm, tapa, 10 x 180 mm un tauri\u0146\u0161 t\u0113rauda uzgrieznis.<\/p>\n<table style=\"width: 60.8386%;\" cellspacing=\"0\" cellpadding=\"0\">\n<tbody>\n<tr>\n<td style=\"width: 21.6867%; text-align: center;\" valign=\"top\">\n<p><strong>Kods<\/strong><\/p>\n<\/td>\n<td style=\"width: 55.8233%; text-align: center;\" valign=\"top\">\n<p><strong>\u00a0 \u00a0 \u00a0 Apraksts<\/strong><\/p>\n<\/td>\n<td style=\"width: 169.076%; text-align: center;\" valign=\"top\">\n<p><strong>Daudzums<\/strong><\/p>\n<\/td>\n<\/tr>\n<tr>\n<td style=\"width: 21.6867%; text-align: center;\" valign=\"top\">\n<p>40233<\/p>\n<\/td>\n<td style=\"width: 55.8233%; text-align: center;\" valign=\"top\">\n<p>Gr\u0101matu prese<\/p>\n<\/td>\n<td style=\"width: 169.076%; text-align: center;\" valign=\"top\">\n<p>1 gab.<\/p>\n<\/td>\n<\/tr>\n<\/tbody>\n<\/table>\n<div id=\"gtx-trans\" style=\"position: absolute; left: 79px; top: 37px;\">\n<div class=\"gtx-trans-icon\"><\/div>\n<\/div>","protected":false},"excerpt":{"rendered":"<p>Gr\u0101matu prese<\/p>","protected":false},"featured_media":11524,"template":"","meta":[],"product_brand":[],"product_cat":[123],"product_tag":[],"class_list":{"0":"post-12534","1":"product","2":"type-product","3":"status-publish","4":"has-post-thumbnail","6":"product_cat-knygu-spaustuvai","8":"first","9":"outofstock","10":"product-type-simple"},"_links":{"self":[{"href":"https:\/\/tavieta.lt\/lv\/wp-json\/wp\/v2\/product\/12534","targetHints":{"allow":["GET"]}}],"collection":[{"href":"https:\/\/tavieta.lt\/lv\/wp-json\/wp\/v2\/product"}],"about":[{"href":"https:\/\/tavieta.lt\/lv\/wp-json\/wp\/v2\/types\/product"}],"wp:featuredmedia":[{"embeddable":true,"href":"https:\/\/tavieta.lt\/lv\/wp-json\/wp\/v2\/media\/11524"}],"wp:attachment":[{"href":"https:\/\/tavieta.lt\/lv\/wp-json\/wp\/v2\/media?parent=12534"}],"wp:term":[{"taxonomy":"product_brand","embeddable":true,"href":"https:\/\/tavieta.lt\/lv\/wp-json\/wp\/v2\/product_brand?post=12534"},{"taxonomy":"product_cat","embeddable":true,"href":"https:\/\/tavieta.lt\/lv\/wp-json\/wp\/v2\/product_cat?post=12534"},{"taxonomy":"product_tag","embeddable":true,"href":"https:\/\/tavieta.lt\/lv\/wp-json\/wp\/v2\/product_tag?post=12534"}],"curies":[{"name":"wp","href":"https:\/\/api.w.org\/{rel}","templated":true}]}}