{"id":12536,"date":"2024-02-07T08:34:36","date_gmt":"2024-02-07T08:34:36","guid":{"rendered":"http:\/\/tavieta.lt\/produktas\/audio-kreslas-luna-bluetooth\/"},"modified":"2024-02-07T08:34:42","modified_gmt":"2024-02-07T08:34:42","slug":"audio-kreslas-luna-bluetooth","status":"publish","type":"product","link":"https:\/\/tavieta.lt\/lv\/products\/audio-kreslas-luna-bluetooth\/","title":{"rendered":"Audio kr\u0113sls Luna - Bluetooth"},"content":{"rendered":"<p>Audio kr\u0113sls Luna - Bluetooth<\/p>\n<p>Audio kr\u0113sls ar ska\u013cru\u0146iem un Bluetooth savienojumu. Da\u013ca savienojuma ar mobilo audio avotu ir bezvadu, piem\u0113ram, viedt\u0101lrunis, kl\u0113pjdators, plan\u0161etdators utt. Bluetooth ier\u012bce ir j\u0101pievieno elektr\u012bbas kontaktligzdai (220 V).<\/p>\n<p>800 x 850 x 1475 mm<\/p>\n<table style=\"width: 68.3181%;\" cellspacing=\"0\" cellpadding=\"0\">\n<tbody>\n<tr>\n<td style=\"width: 19.5402%; text-align: center;\" valign=\"top\">\n<p><strong>Kods<\/strong><\/p>\n<\/td>\n<td style=\"width: 64.3678%; text-align: center;\" valign=\"top\">\n<p><strong>Apraksts<\/strong><\/p>\n<\/td>\n<td style=\"width: 111.494%; text-align: center;\" valign=\"top\">\n<p><strong>Daudzums<\/strong><\/p>\n<\/td>\n<\/tr>\n<tr>\n<td style=\"width: 19.5402%; text-align: center;\" valign=\"top\">\n<p>EB37094<\/p>\n<\/td>\n<td style=\"width: 64.3678%; text-align: center;\" valign=\"top\">\n<p>Audio kr\u0113sls Luna - Bluetooth<\/p>\n<\/td>\n<td style=\"width: 111.494%; text-align: center;\" valign=\"top\">\n<p>1 gab.<\/p>\n<\/td>\n<\/tr>\n<\/tbody>\n<\/table>\n<div id=\"gtx-trans\" style=\"position: absolute; left: 79px; top: 37px;\">\n<div class=\"gtx-trans-icon\"><\/div>\n<\/div>","protected":false},"excerpt":{"rendered":"<p>audio kr\u0113sls luna<\/p>","protected":false},"featured_media":11528,"template":"","meta":[],"product_brand":[],"product_cat":[107],"product_tag":[],"class_list":{"0":"post-12536","1":"product","2":"type-product","3":"status-publish","4":"has-post-thumbnail","6":"product_cat-baldai","8":"first","9":"outofstock","10":"product-type-simple"},"_links":{"self":[{"href":"https:\/\/tavieta.lt\/lv\/wp-json\/wp\/v2\/product\/12536","targetHints":{"allow":["GET"]}}],"collection":[{"href":"https:\/\/tavieta.lt\/lv\/wp-json\/wp\/v2\/product"}],"about":[{"href":"https:\/\/tavieta.lt\/lv\/wp-json\/wp\/v2\/types\/product"}],"wp:featuredmedia":[{"embeddable":true,"href":"https:\/\/tavieta.lt\/lv\/wp-json\/wp\/v2\/media\/11528"}],"wp:attachment":[{"href":"https:\/\/tavieta.lt\/lv\/wp-json\/wp\/v2\/media?parent=12536"}],"wp:term":[{"taxonomy":"product_brand","embeddable":true,"href":"https:\/\/tavieta.lt\/lv\/wp-json\/wp\/v2\/product_brand?post=12536"},{"taxonomy":"product_cat","embeddable":true,"href":"https:\/\/tavieta.lt\/lv\/wp-json\/wp\/v2\/product_cat?post=12536"},{"taxonomy":"product_tag","embeddable":true,"href":"https:\/\/tavieta.lt\/lv\/wp-json\/wp\/v2\/product_tag?post=12536"}],"curies":[{"name":"wp","href":"https:\/\/api.w.org\/{rel}","templated":true}]}}