{"id":12543,"date":"2024-02-07T08:34:36","date_gmt":"2024-02-07T08:34:36","guid":{"rendered":"http:\/\/tavieta.lt\/produktas\/knygu-vezimelis-orestad-plus\/"},"modified":"2024-02-07T08:39:32","modified_gmt":"2024-02-07T08:39:32","slug":"knygu-vezimelis-orestad-plus","status":"publish","type":"product","link":"https:\/\/tavieta.lt\/lv\/products\/knygu-vezimelis-orestad-plus\/","title":{"rendered":"Gr\u0101matu rati\u0146i Orestad plus"},"content":{"rendered":"<p>Vienpus\u0113ji gr\u0101matu rati\u0146i ar 4 plauktiem. 3 plaukti ir regul\u0113jami, lai ievietotu da\u017e\u0101da izm\u0113ra materi\u0101lus.<\/p>\n<table width=\"879\">\n<tbody>\n<tr>\n<td style=\"text-align: center;\" width=\"116\">5065<\/td>\n<td style=\"text-align: center;\" width=\"313\">Gr\u0101matu rati\u0146i \u00c3\u2013restad Plus\u00a0<\/td>\n<td style=\"text-align: center;\" width=\"273\">balts<\/td>\n<td style=\"text-align: center;\" width=\"177\">1 gab<\/td>\n<\/tr>\n<tr>\n<td style=\"text-align: center;\">5067<\/td>\n<td style=\"text-align: center;\" width=\"313\">Gr\u0101matu rati\u0146i \u00c3\u2013restad Plus\u00a0<\/td>\n<td style=\"text-align: center;\">za\u013cgani balts<\/td>\n<td style=\"text-align: center;\">1 gab<\/td>\n<\/tr>\n<tr>\n<td style=\"text-align: center;\">5068<\/td>\n<td style=\"text-align: center;\" width=\"313\">Gr\u0101matu rati\u0146i \u00c3\u2013restad Plus\u00a0<\/td>\n<td style=\"text-align: center;\">pel\u0113ks - balts<\/td>\n<td style=\"text-align: center;\">1 gab<\/td>\n<\/tr>\n<\/tbody>\n<\/table>\n<div id=\"gtx-trans\" style=\"position: absolute; left: 79px; top: 37px;\">\n<div class=\"gtx-trans-icon\"><\/div>\n<\/div>","protected":false},"excerpt":{"rendered":"<p>Gr\u0101matu rati\u0146i Orestad plus<\/p>","protected":false},"featured_media":11537,"template":"","meta":[],"product_brand":[],"product_cat":[107,108],"product_tag":[],"class_list":{"0":"post-12543","1":"product","2":"type-product","3":"status-publish","4":"has-post-thumbnail","6":"product_cat-baldai","7":"product_cat-vezimeliai-knygoms","9":"first","10":"outofstock","11":"product-type-simple"},"_links":{"self":[{"href":"https:\/\/tavieta.lt\/lv\/wp-json\/wp\/v2\/product\/12543","targetHints":{"allow":["GET"]}}],"collection":[{"href":"https:\/\/tavieta.lt\/lv\/wp-json\/wp\/v2\/product"}],"about":[{"href":"https:\/\/tavieta.lt\/lv\/wp-json\/wp\/v2\/types\/product"}],"wp:featuredmedia":[{"embeddable":true,"href":"https:\/\/tavieta.lt\/lv\/wp-json\/wp\/v2\/media\/11537"}],"wp:attachment":[{"href":"https:\/\/tavieta.lt\/lv\/wp-json\/wp\/v2\/media?parent=12543"}],"wp:term":[{"taxonomy":"product_brand","embeddable":true,"href":"https:\/\/tavieta.lt\/lv\/wp-json\/wp\/v2\/product_brand?post=12543"},{"taxonomy":"product_cat","embeddable":true,"href":"https:\/\/tavieta.lt\/lv\/wp-json\/wp\/v2\/product_cat?post=12543"},{"taxonomy":"product_tag","embeddable":true,"href":"https:\/\/tavieta.lt\/lv\/wp-json\/wp\/v2\/product_tag?post=12543"}],"curies":[{"name":"wp","href":"https:\/\/api.w.org\/{rel}","templated":true}]}}