{"id":12548,"date":"2024-02-07T08:40:46","date_gmt":"2024-02-07T08:40:46","guid":{"rendered":"http:\/\/tavieta.lt\/produktas\/apvalios-pagalveles-sedejimui\/"},"modified":"2024-02-07T08:41:43","modified_gmt":"2024-02-07T08:41:43","slug":"apvalios-pagalveles-sedejimui","status":"publish","type":"product","link":"https:\/\/tavieta.lt\/lv\/products\/apvalios-pagalveles-sedejimui\/","title":{"rendered":"Apa\u013ci spilveni s\u0113d\u0113\u0161anai"},"content":{"rendered":"<p>Izveidojiet \u0113rtu un m\u012bkstu s\u0113dekli saviem mazajiem las\u012bt\u0101jiem. B\u0113rni ar prieku atnes\u012bs un pa\u0146ems l\u012bdzi savu spilventi\u0146u, kur\u0101 var\u0113s atp\u016bsties lasot. Spilveni ir veidoti t\u0101, lai tos var\u0113tu \u0113rti sakraut un uzglab\u0101tu p\u0113c iesp\u0113jas maz\u0101k vietas. Izgatavots no m\u012bkst\u0101m put\u0101m un p\u0101rkl\u0101ts ar ugunsiztur\u012bgu un t\u012br\u0101mu PVC. Izm\u0113ri: 300 x 760 mm. Iepakojum\u0101: 12 gab. Vai 24 gab. + rati\u0146i.<\/p>\n<table style=\"width: 87.6794%; height: 46px;\" width=\"879\">\n<tbody>\n<tr style=\"height: 23px;\">\n<td style=\"height: 23px; text-align: center;\" width=\"116\">GR94191<\/td>\n<td style=\"height: 46px; text-align: center;\" rowspan=\"2\" width=\"313\">Apa\u013ci spilveni s\u0113d\u0113\u0161anai<\/td>\n<td style=\"height: 46px; text-align: center;\" rowspan=\"2\" width=\"273\">300 x 760 mm<\/td>\n<td style=\"height: 23px; text-align: center;\" width=\"177\">12 gab<\/td>\n<\/tr>\n<tr style=\"height: 23px;\">\n<td style=\"height: 23px; text-align: center;\">GR94192<\/td>\n<td style=\"height: 23px; text-align: center;\">24 gab<\/td>\n<\/tr>\n<\/tbody>\n<\/table>\n<div id=\"gtx-trans\" style=\"position: absolute; left: 79px; top: 37px;\">\n<div class=\"gtx-trans-icon\"><\/div>\n<\/div>","protected":false},"excerpt":{"rendered":"<p>apa\u013ci spilveni s\u0113d\u0113\u0161anai<\/p>","protected":false},"featured_media":11545,"template":"","meta":[],"product_brand":[],"product_cat":[107,122],"product_tag":[],"class_list":{"0":"post-12548","1":"product","2":"type-product","3":"status-publish","4":"has-post-thumbnail","6":"product_cat-baldai","7":"product_cat-baldai-vaiku-erdvei","9":"first","10":"outofstock","11":"product-type-simple"},"_links":{"self":[{"href":"https:\/\/tavieta.lt\/lv\/wp-json\/wp\/v2\/product\/12548","targetHints":{"allow":["GET"]}}],"collection":[{"href":"https:\/\/tavieta.lt\/lv\/wp-json\/wp\/v2\/product"}],"about":[{"href":"https:\/\/tavieta.lt\/lv\/wp-json\/wp\/v2\/types\/product"}],"wp:featuredmedia":[{"embeddable":true,"href":"https:\/\/tavieta.lt\/lv\/wp-json\/wp\/v2\/media\/11545"}],"wp:attachment":[{"href":"https:\/\/tavieta.lt\/lv\/wp-json\/wp\/v2\/media?parent=12548"}],"wp:term":[{"taxonomy":"product_brand","embeddable":true,"href":"https:\/\/tavieta.lt\/lv\/wp-json\/wp\/v2\/product_brand?post=12548"},{"taxonomy":"product_cat","embeddable":true,"href":"https:\/\/tavieta.lt\/lv\/wp-json\/wp\/v2\/product_cat?post=12548"},{"taxonomy":"product_tag","embeddable":true,"href":"https:\/\/tavieta.lt\/lv\/wp-json\/wp\/v2\/product_tag?post=12548"}],"curies":[{"name":"wp","href":"https:\/\/api.w.org\/{rel}","templated":true}]}}