{"id":12551,"date":"2024-02-07T08:40:46","date_gmt":"2024-02-07T08:40:46","guid":{"rendered":"http:\/\/tavieta.lt\/produktas\/pjaustymo-lenteles-tiksliam-darbui\/"},"modified":"2025-01-30T13:01:12","modified_gmt":"2025-01-30T13:01:12","slug":"pjaustymo-lenteles-tiksliam-darbui","status":"publish","type":"product","link":"https:\/\/tavieta.lt\/lv\/products\/pjaustymo-lenteles-tiksliam-darbui\/","title":{"rendered":"Grie\u0161anas galdi prec\u012bzam darbam"},"content":{"rendered":"<p>Kvalitat\u012bvi OLFA grie\u0161anas galdi dro\u0161am darbam. Divpus\u0113js, ar iepriek\u0161 apdruk\u0101tu re\u017e\u0123i un apjomu, lai atvieglotu darbu. D\u0113\u013cu biezums ir 1,5 mm vai 3 mm.<\/p>\n<table width=\"879\">\n<tbody>\n<tr>\n<td width=\"116\">10563<\/td>\n<td width=\"313\">Rot\u0101cijas galds ar m\u0113rre\u017e\u0123i, za\u013c\u0161<\/td>\n<td width=\"273\">90 x 60 cm, 1,5 mm<\/td>\n<td width=\"177\">1 gab<\/td>\n<\/tr>\n<tr>\n<td>10564<\/td>\n<td width=\"313\">Rot\u0101cijas galds ar m\u0113rre\u017e\u0123i, za\u013c\u0161<\/td>\n<td>60 x 45 cm, 1,5 mm<\/td>\n<td>1 gab<\/td>\n<\/tr>\n<tr>\n<td>10670<\/td>\n<td width=\"313\">Rot\u0101cijas galds ar m\u0113rre\u017e\u0123i, za\u013c\u0161<\/td>\n<td>45 x 30 cm, 1,5 mm<\/td>\n<td>1 gab<\/td>\n<\/tr>\n<tr>\n<td>10566<\/td>\n<td width=\"313\">Rot\u0101cijas galds ar m\u0113rre\u017e\u0123i, za\u013c\u0161<\/td>\n<td>90 x 62 cm, 3 mm<\/td>\n<td>1 gab<\/td>\n<\/tr>\n<tr>\n<td>10567<\/td>\n<td width=\"313\">Rot\u0101cijas galds ar m\u0113rre\u017e\u0123i, za\u013c\u0161<\/td>\n<td>62 x 45 cm, 3 mm<\/td>\n<td>1 gab<\/td>\n<\/tr>\n<tr>\n<td>10568<\/td>\n<td width=\"313\">Rot\u0101cijas galds ar m\u0113rre\u017e\u0123i, za\u013c\u0161<\/td>\n<td>45 x 30 cm, 3 mm<\/td>\n<td>1 gab<\/td>\n<\/tr>\n<tr>\n<td>10569<\/td>\n<td width=\"313\">Rot\u0101cijas galds ar m\u0113r\u012b\u0161anas re\u017e\u0123i, caursp\u012bd\u012bgs<\/td>\n<td>62 x 45 cm, 3 mm<\/td>\n<td>1 gab<\/td>\n<\/tr>\n<tr>\n<td>40168<\/td>\n<td width=\"313\">Rot\u0101cijas galds bez m\u0113rre\u017e\u0123a, za\u013c\u0161<\/td>\n<td>80 x 120 cm, 3 mm<\/td>\n<td>1 gab<\/td>\n<\/tr>\n<tr>\n<td>40169<\/td>\n<td width=\"313\">Rot\u0101cijas galds bez m\u0113rre\u017e\u0123a, za\u013c\u0161<\/td>\n<td>100 x 150 cm, 3 mm<\/td>\n<td>1 gab<\/td>\n<\/tr>\n<tr>\n<td>40170<\/td>\n<td width=\"313\">Rot\u0101cijas galds bez m\u0113rre\u017e\u0123a, za\u013c\u0161<\/td>\n<td>100 x 200 cm, 3 mm<\/td>\n<td>1 gab<\/td>\n<\/tr>\n<\/tbody>\n<\/table>\n<div id=\"gtx-trans\" style=\"position: absolute; left: 79px; top: 37px;\">\n<div class=\"gtx-trans-icon\"><\/div>\n<\/div>","protected":false},"excerpt":{"rendered":"<p>Grie\u0161anas galds<\/p>","protected":false},"featured_media":11549,"template":"","meta":[],"product_brand":[],"product_cat":[227],"product_tag":[],"class_list":{"0":"post-12551","1":"product","2":"type-product","3":"status-publish","4":"has-post-thumbnail","6":"product_cat-restauravimo-priemones","8":"first","9":"outofstock","10":"product-type-simple"},"_links":{"self":[{"href":"https:\/\/tavieta.lt\/lv\/wp-json\/wp\/v2\/product\/12551","targetHints":{"allow":["GET"]}}],"collection":[{"href":"https:\/\/tavieta.lt\/lv\/wp-json\/wp\/v2\/product"}],"about":[{"href":"https:\/\/tavieta.lt\/lv\/wp-json\/wp\/v2\/types\/product"}],"wp:featuredmedia":[{"embeddable":true,"href":"https:\/\/tavieta.lt\/lv\/wp-json\/wp\/v2\/media\/11549"}],"wp:attachment":[{"href":"https:\/\/tavieta.lt\/lv\/wp-json\/wp\/v2\/media?parent=12551"}],"wp:term":[{"taxonomy":"product_brand","embeddable":true,"href":"https:\/\/tavieta.lt\/lv\/wp-json\/wp\/v2\/product_brand?post=12551"},{"taxonomy":"product_cat","embeddable":true,"href":"https:\/\/tavieta.lt\/lv\/wp-json\/wp\/v2\/product_cat?post=12551"},{"taxonomy":"product_tag","embeddable":true,"href":"https:\/\/tavieta.lt\/lv\/wp-json\/wp\/v2\/product_tag?post=12551"}],"curies":[{"name":"wp","href":"https:\/\/api.w.org\/{rel}","templated":true}]}}