{"id":12553,"date":"2024-02-07T08:40:46","date_gmt":"2024-02-07T08:40:46","guid":{"rendered":"http:\/\/tavieta.lt\/produktas\/limpanti-cd-dvd-kisenele\/"},"modified":"2025-01-30T13:01:12","modified_gmt":"2025-01-30T13:01:12","slug":"limpanti-cd-dvd-kisenele","status":"publish","type":"product","link":"https:\/\/tavieta.lt\/lv\/products\/limpanti-cd-dvd-kisenele\/","title":{"rendered":"Uzvelkama CD\/DVD kabata"},"content":{"rendered":"<p>Caursp\u012bd\u012bgs, lip\u012bgs, kabatas disket\u0113m, kompaktdiskiem, viz\u012btkart\u0113m, skrejlap\u0101m utt.<\/p>\n<table width=\"879\">\n<tbody>\n<tr>\n<td style=\"text-align: center;\" width=\"116\">\n<table>\n<tbody>\n<tr>\n<td width=\"116\">10343<\/td>\n<\/tr>\n<\/tbody>\n<\/table>\n<\/td>\n<td style=\"text-align: center;\" rowspan=\"3\" width=\"313\">Lip\u012bgas kabatas<\/td>\n<td style=\"text-align: center;\" width=\"273\">6 cm x 9,5 cm<\/td>\n<td style=\"text-align: center;\" width=\"177\">10 gab<\/td>\n<\/tr>\n<tr>\n<td style=\"text-align: center;\">10344<\/td>\n<td style=\"text-align: center;\">10,2 cm x 11 cm<\/td>\n<td style=\"text-align: center;\">4 gab<\/td>\n<\/tr>\n<tr>\n<td style=\"text-align: center;\">10345<\/td>\n<td style=\"text-align: center;\">13 cm x 13 cm\u00a0<\/td>\n<td style=\"text-align: center;\">4 gab<\/td>\n<\/tr>\n<\/tbody>\n<\/table>\n<div id=\"gtx-trans\" style=\"position: absolute; left: 79px; top: 37px;\">\n<div class=\"gtx-trans-icon\"><\/div>\n<\/div>","protected":false},"excerpt":{"rendered":"<p>L\u012bm\u0113jo\u0161a kabata diskiem<\/p>","protected":false},"featured_media":11552,"template":"","meta":[],"product_brand":[],"product_cat":[227],"product_tag":[],"class_list":{"0":"post-12553","1":"product","2":"type-product","3":"status-publish","4":"has-post-thumbnail","6":"product_cat-restauravimo-priemones","8":"first","9":"outofstock","10":"product-type-simple"},"_links":{"self":[{"href":"https:\/\/tavieta.lt\/lv\/wp-json\/wp\/v2\/product\/12553","targetHints":{"allow":["GET"]}}],"collection":[{"href":"https:\/\/tavieta.lt\/lv\/wp-json\/wp\/v2\/product"}],"about":[{"href":"https:\/\/tavieta.lt\/lv\/wp-json\/wp\/v2\/types\/product"}],"wp:featuredmedia":[{"embeddable":true,"href":"https:\/\/tavieta.lt\/lv\/wp-json\/wp\/v2\/media\/11552"}],"wp:attachment":[{"href":"https:\/\/tavieta.lt\/lv\/wp-json\/wp\/v2\/media?parent=12553"}],"wp:term":[{"taxonomy":"product_brand","embeddable":true,"href":"https:\/\/tavieta.lt\/lv\/wp-json\/wp\/v2\/product_brand?post=12553"},{"taxonomy":"product_cat","embeddable":true,"href":"https:\/\/tavieta.lt\/lv\/wp-json\/wp\/v2\/product_cat?post=12553"},{"taxonomy":"product_tag","embeddable":true,"href":"https:\/\/tavieta.lt\/lv\/wp-json\/wp\/v2\/product_tag?post=12553"}],"curies":[{"name":"wp","href":"https:\/\/api.w.org\/{rel}","templated":true}]}}