{"id":12557,"date":"2024-02-07T08:48:41","date_gmt":"2024-02-07T08:48:41","guid":{"rendered":"http:\/\/tavieta.lt\/produktas\/japoniskas-popierius-lapais\/"},"modified":"2025-01-31T13:29:25","modified_gmt":"2025-01-31T13:29:25","slug":"japoniskas-popierius-lapais","status":"publish","type":"product","link":"https:\/\/tavieta.lt\/lv\/products\/japoniskas-popierius-lapais\/","title":{"rendered":"Jap\u0101\u0146u lapu pap\u012brs"},"content":{"rendered":"<p>&nbsp;<\/p>\n<table>\n<thead>\n<tr>\n<th>Materi\u0101la kods<\/th>\n<th>Nosaukums<\/th>\n<th>mobilais telefons<\/th>\n<th>Apraksts<\/th>\n<th>Iepakojums<\/th>\n<\/tr>\n<\/thead>\n<tbody>\n<tr>\n<td>B825502<\/td>\n<td>Tengu Ka\u0161mira<\/td>\n<td>8,6<\/td>\n<td>lapas 48 x 94 cm<\/td>\n<td>1 lapa \/ 200 loksnes<\/td>\n<\/tr>\n<tr>\n<td>B825499<\/td>\n<td>M\u012bno Tenguo<\/td>\n<td>9<\/td>\n<td>palagi 48 x 100 cm<\/td>\n<td>1 lapa<\/td>\n<\/tr>\n<tr>\n<td>B609140<\/td>\n<td>Manila<\/td>\n<td>9<\/td>\n<td>100% abaka, z\u012bds, palagi 49 x 76 cm, pH neitr\u0101ls<\/td>\n<td>1 lapa \/ 200 loksnes<\/td>\n<\/tr>\n<tr>\n<td>B626101<\/td>\n<td>Langf\u0101sers (gampi)<\/td>\n<td>9<\/td>\n<td>100% Gampi pap\u012bra loksnes 49 x 76 cm<\/td>\n<td>1 lapa \/ 200 loksnes<\/td>\n<\/tr>\n<tr>\n<td>B825500<\/td>\n<td>Ka\u0161mira<\/td>\n<td>11<\/td>\n<td>lapas 48 x 94 cm<\/td>\n<td>1 lapa \/ 200 loksnes<\/td>\n<\/tr>\n<tr>\n<td>B825508<\/td>\n<td>Tenguo<\/td>\n<td>18<\/td>\n<td>lapas 46 x 69 cm<\/td>\n<td>1 lapa \/ 200 loksnes<\/td>\n<\/tr>\n<tr>\n<td>B825517<\/td>\n<td>Kawashahi<\/td>\n<td>35<\/td>\n<td>lapas 66 x 99 cm<\/td>\n<td>1 lapa \/ 200 loksnes<\/td>\n<\/tr>\n<tr>\n<td>B634670<\/td>\n<td>\u0160iohara<\/td>\n<td>40<\/td>\n<td>lapas 62 x 92 cm<\/td>\n<td>1 lapa \/ 200 loksnes<\/td>\n<\/tr>\n<tr>\n<td>RK-00<\/td>\n<td>Couse<\/td>\n<td>3,6<\/td>\n<td>lapas 100 x 100 cm, pH 7,3<\/td>\n<td>1 lapa<\/td>\n<\/tr>\n<\/tbody>\n<\/table>\n<p>&nbsp;<\/p>\n<p>&nbsp;<\/p>","protected":false},"excerpt":{"rendered":"<p>Jap\u0101\u0146u pap\u012brs loksn\u0113s. Restauratoru nov\u0113rt\u0113ts ar augsto kvalit\u0101ti un unik\u0101laj\u0101m \u012bpa\u0161\u012bb\u0101m. Tas ir izgatavots no dab\u012bg\u0101m \u0161\u0137iedr\u0101m, piem\u0113ram, abakas vai gampi, kas nodro\u0161ina pap\u012bra iztur\u012bbu un iztur\u012bbu. \u0160is pap\u012brs ir ide\u0101li piem\u0113rots tr\u016bksto\u0161o fragmentu, oder\u0113jumu un citu restaur\u0101cijas darbu atjauno\u0161anai, jo tas ir pl\u0101ns, bet iztur\u012bgs, un tam ir neitr\u0101la pH v\u0113rt\u012bba, kas pal\u012bdz saglab\u0101t restaur\u0113jamo objektu autentiskumu.<\/p>\n<div id=\"gtx-trans\" style=\"position: absolute; left: 179px; top: 37.7361px;\">\n<div class=\"gtx-trans-icon\"><\/div>\n<\/div>","protected":false},"featured_media":11558,"template":"","meta":[],"product_brand":[],"product_cat":[131,218],"product_tag":[],"class_list":{"0":"post-12557","1":"product","2":"type-product","3":"status-publish","4":"has-post-thumbnail","6":"product_cat-japoniskas-popierius","7":"product_cat-populiariausi-produktai","9":"first","10":"outofstock","11":"product-type-simple"},"_links":{"self":[{"href":"https:\/\/tavieta.lt\/lv\/wp-json\/wp\/v2\/product\/12557","targetHints":{"allow":["GET"]}}],"collection":[{"href":"https:\/\/tavieta.lt\/lv\/wp-json\/wp\/v2\/product"}],"about":[{"href":"https:\/\/tavieta.lt\/lv\/wp-json\/wp\/v2\/types\/product"}],"wp:featuredmedia":[{"embeddable":true,"href":"https:\/\/tavieta.lt\/lv\/wp-json\/wp\/v2\/media\/11558"}],"wp:attachment":[{"href":"https:\/\/tavieta.lt\/lv\/wp-json\/wp\/v2\/media?parent=12557"}],"wp:term":[{"taxonomy":"product_brand","embeddable":true,"href":"https:\/\/tavieta.lt\/lv\/wp-json\/wp\/v2\/product_brand?post=12557"},{"taxonomy":"product_cat","embeddable":true,"href":"https:\/\/tavieta.lt\/lv\/wp-json\/wp\/v2\/product_cat?post=12557"},{"taxonomy":"product_tag","embeddable":true,"href":"https:\/\/tavieta.lt\/lv\/wp-json\/wp\/v2\/product_tag?post=12557"}],"curies":[{"name":"wp","href":"https:\/\/api.w.org\/{rel}","templated":true}]}}