{"id":12558,"date":"2024-02-07T08:48:41","date_gmt":"2024-02-07T08:48:41","guid":{"rendered":"http:\/\/tavieta.lt\/produktas\/japoniskas-popierius-ritiniais\/"},"modified":"2024-02-07T08:48:43","modified_gmt":"2024-02-07T08:48:43","slug":"japoniskas-popierius-ritiniais","status":"publish","type":"product","link":"https:\/\/tavieta.lt\/lv\/products\/japoniskas-popierius-ritiniais\/","title":{"rendered":"Jap\u0101\u0146u pap\u012bra ru\u013c\u013ci"},"content":{"rendered":"<p>Jap\u0101\u0146u pap\u012bra ru\u013c\u013ci<\/p>\n<table width=\"749\">\n<tbody>\n<tr>\n<td style=\"text-align: center;\" width=\"86\">B825499<\/td>\n<td style=\"text-align: center;\" rowspan=\"5\" width=\"289\">Jap\u0101\u0146u pap\u012bra ru\u013c\u013ci<\/td>\n<td style=\"text-align: center;\" width=\"374\">Mino Tengu 9 g \/ 1 rull\u012btis<\/td>\n<\/tr>\n<tr>\n<td style=\"text-align: center;\">RK-00<\/td>\n<td style=\"text-align: center;\">Kouzo 3,6 g \/ 1 rullis<\/td>\n<\/tr>\n<tr>\n<td style=\"text-align: center;\">RK-15<\/td>\n<td style=\"text-align: center;\">Kouzo 10 g \/ 1 rull\u012btis<\/td>\n<\/tr>\n<tr>\n<td style=\"text-align: center;\">RK-28<\/td>\n<td style=\"text-align: center;\">Kouzo 39 g \/ 1 rullis<\/td>\n<\/tr>\n<tr>\n<td style=\"text-align: center;\">RG-17<\/td>\n<td style=\"text-align: center;\">Ganpi 22 g \/ 1 rull\u012btis<\/td>\n<\/tr>\n<\/tbody>\n<\/table>\n<div id=\"gtx-trans\" style=\"position: absolute; left: 79px; top: 37px;\">\n<div class=\"gtx-trans-icon\"><\/div>\n<\/div>","protected":false},"excerpt":{"rendered":"<p>Jap\u0101\u0146u pap\u012bra ru\u013c\u013ci<\/p>","protected":false},"featured_media":11560,"template":"","meta":[],"product_brand":[],"product_cat":[131],"product_tag":[],"class_list":{"0":"post-12558","1":"product","2":"type-product","3":"status-publish","4":"has-post-thumbnail","6":"product_cat-japoniskas-popierius","8":"first","9":"outofstock","10":"product-type-simple"},"_links":{"self":[{"href":"https:\/\/tavieta.lt\/lv\/wp-json\/wp\/v2\/product\/12558","targetHints":{"allow":["GET"]}}],"collection":[{"href":"https:\/\/tavieta.lt\/lv\/wp-json\/wp\/v2\/product"}],"about":[{"href":"https:\/\/tavieta.lt\/lv\/wp-json\/wp\/v2\/types\/product"}],"wp:featuredmedia":[{"embeddable":true,"href":"https:\/\/tavieta.lt\/lv\/wp-json\/wp\/v2\/media\/11560"}],"wp:attachment":[{"href":"https:\/\/tavieta.lt\/lv\/wp-json\/wp\/v2\/media?parent=12558"}],"wp:term":[{"taxonomy":"product_brand","embeddable":true,"href":"https:\/\/tavieta.lt\/lv\/wp-json\/wp\/v2\/product_brand?post=12558"},{"taxonomy":"product_cat","embeddable":true,"href":"https:\/\/tavieta.lt\/lv\/wp-json\/wp\/v2\/product_cat?post=12558"},{"taxonomy":"product_tag","embeddable":true,"href":"https:\/\/tavieta.lt\/lv\/wp-json\/wp\/v2\/product_tag?post=12558"}],"curies":[{"name":"wp","href":"https:\/\/api.w.org\/{rel}","templated":true}]}}