{"id":12559,"date":"2024-02-07T08:48:41","date_gmt":"2024-02-07T08:48:41","guid":{"rendered":"http:\/\/tavieta.lt\/produktas\/neutralaus-ph-silkinis-popierius\/"},"modified":"2025-01-31T13:34:41","modified_gmt":"2025-01-31T13:34:41","slug":"neutralaus-ph-silkinis-popierius","status":"publish","type":"product","link":"https:\/\/tavieta.lt\/lv\/products\/neutralaus-ph-silkinis-popierius\/","title":{"rendered":"pH neitr\u0101ls salve\u0161u pap\u012brs"},"content":{"rendered":"<p>pH neitr\u0101ls salve\u0161u pap\u012brs<\/p>\n<table cellspacing=\"0\" cellpadding=\"0\">\n<tbody>\n<tr>\n<td style=\"text-align: center;\" valign=\"top\"><strong>Materi\u0101la kods<\/strong><\/td>\n<td style=\"text-align: center;\" valign=\"top\"><strong>Apraksts<\/strong><\/td>\n<td style=\"text-align: center;\" valign=\"top\"><strong>Iepakojums<\/strong><\/td>\n<\/tr>\n<tr>\n<td style=\"text-align: center;\" rowspan=\"2\" valign=\"top\">KL010182<\/td>\n<td style=\"text-align: center;\" rowspan=\"2\" valign=\"top\">Neitr\u0101ls pH neitr\u0101ls audums, rullis 130 cm<\/td>\n<td style=\"text-align: center;\" valign=\"top\">1 gads<\/td>\n<\/tr>\n<tr>\n<td style=\"text-align: center;\" valign=\"top\">roll 500 m<\/td>\n<\/tr>\n<\/tbody>\n<\/table>","protected":false},"excerpt":{"rendered":"<p>Neitr\u0101ls pH salve\u0161u pap\u012brs bez s\u0101rma stiegrojuma, vienpus\u0113js, pH 7, bez sk\u0101bes un ra\u017eots, neizmantojot optiskos balin\u0101t\u0101jus. Piem\u0113rots k\u0101 ietinamais pap\u012brs fotogr\u0101fiju un akvare\u013cu gleznu arh\u012bva glab\u0101\u0161anai. M\u012bkstais pap\u012brs iztur\u0113ja fotoaktivit\u0101tes testu (PAT) saska\u0146\u0101 ar ISO 18916.<\/p>\n<div id=\"gtx-trans\" style=\"position: absolute; left: -47px; top: -9.04167px;\">\n<div class=\"gtx-trans-icon\"><\/div>\n<\/div>","protected":false},"featured_media":11562,"template":"","meta":[],"product_brand":[],"product_cat":[218,201],"product_tag":[],"class_list":{"0":"post-12559","1":"product","2":"type-product","3":"status-publish","4":"has-post-thumbnail","6":"product_cat-populiariausi-produktai","7":"product_cat-perdengimo-popierius","9":"first","10":"outofstock","11":"product-type-simple"},"_links":{"self":[{"href":"https:\/\/tavieta.lt\/lv\/wp-json\/wp\/v2\/product\/12559","targetHints":{"allow":["GET"]}}],"collection":[{"href":"https:\/\/tavieta.lt\/lv\/wp-json\/wp\/v2\/product"}],"about":[{"href":"https:\/\/tavieta.lt\/lv\/wp-json\/wp\/v2\/types\/product"}],"wp:featuredmedia":[{"embeddable":true,"href":"https:\/\/tavieta.lt\/lv\/wp-json\/wp\/v2\/media\/11562"}],"wp:attachment":[{"href":"https:\/\/tavieta.lt\/lv\/wp-json\/wp\/v2\/media?parent=12559"}],"wp:term":[{"taxonomy":"product_brand","embeddable":true,"href":"https:\/\/tavieta.lt\/lv\/wp-json\/wp\/v2\/product_brand?post=12559"},{"taxonomy":"product_cat","embeddable":true,"href":"https:\/\/tavieta.lt\/lv\/wp-json\/wp\/v2\/product_cat?post=12559"},{"taxonomy":"product_tag","embeddable":true,"href":"https:\/\/tavieta.lt\/lv\/wp-json\/wp\/v2\/product_tag?post=12559"}],"curies":[{"name":"wp","href":"https:\/\/api.w.org\/{rel}","templated":true}]}}