{"id":12560,"date":"2024-02-07T08:48:41","date_gmt":"2024-02-07T08:48:41","guid":{"rendered":"http:\/\/tavieta.lt\/produktas\/pergamentinis-skaidrus-popierius\/"},"modified":"2025-01-31T13:36:30","modified_gmt":"2025-01-31T13:36:30","slug":"pergamentinis-skaidrus-popierius","status":"publish","type":"product","link":"https:\/\/tavieta.lt\/lv\/products\/pergamentinis-skaidrus-popierius\/","title":{"rendered":"Pergamenta caursp\u012bd\u012bgs pap\u012brs"},"content":{"rendered":"<p>&nbsp;<\/p>\n<table width=\"732\">\n<tbody>\n<tr>\n<td style=\"text-align: center;\" width=\"86\">PPN01<\/td>\n<td style=\"text-align: center;\" width=\"289\">Caursp\u012bd\u012bgs pergamenta pap\u012brs bez raksta<\/td>\n<td style=\"text-align: center;\" width=\"357\">1 lapa<\/td>\n<\/tr>\n<tr>\n<td style=\"text-align: center;\">PNS01<\/td>\n<td style=\"text-align: center;\" width=\"289\">Caursp\u012bd\u012bgs pergamenta pap\u012brs ar zirnek\u013ca t\u012bkla rakstu<\/td>\n<td style=\"text-align: center;\">1 lapa<\/td>\n<\/tr>\n<\/tbody>\n<\/table>\n<div id=\"gtx-trans\" style=\"position: absolute; left: 967px; top: 0.946758px;\">\n<div class=\"gtx-trans-icon\"><\/div>\n<\/div>","protected":false},"excerpt":{"rendered":"<p>Pergamenta caursp\u012bd\u012bgs pap\u012brs, 40 g pap\u012brs bez raksta vai ar zirnek\u013ca t\u012bkla rakstu. Piem\u0113rots fotogr\u0101fij\u0101m, dokumentiem utt. izm\u0113rs: 70 x 100 cm.<\/p>\n<div id=\"gtx-trans\" style=\"position: absolute; left: 367px; top: 37.7361px;\">\n<div class=\"gtx-trans-icon\"><\/div>\n<\/div>","protected":false},"featured_media":11564,"template":"","meta":[],"product_brand":[],"product_cat":[218,201],"product_tag":[],"class_list":{"0":"post-12560","1":"product","2":"type-product","3":"status-publish","4":"has-post-thumbnail","6":"product_cat-populiariausi-produktai","7":"product_cat-perdengimo-popierius","9":"first","10":"outofstock","11":"product-type-simple"},"_links":{"self":[{"href":"https:\/\/tavieta.lt\/lv\/wp-json\/wp\/v2\/product\/12560","targetHints":{"allow":["GET"]}}],"collection":[{"href":"https:\/\/tavieta.lt\/lv\/wp-json\/wp\/v2\/product"}],"about":[{"href":"https:\/\/tavieta.lt\/lv\/wp-json\/wp\/v2\/types\/product"}],"wp:featuredmedia":[{"embeddable":true,"href":"https:\/\/tavieta.lt\/lv\/wp-json\/wp\/v2\/media\/11564"}],"wp:attachment":[{"href":"https:\/\/tavieta.lt\/lv\/wp-json\/wp\/v2\/media?parent=12560"}],"wp:term":[{"taxonomy":"product_brand","embeddable":true,"href":"https:\/\/tavieta.lt\/lv\/wp-json\/wp\/v2\/product_brand?post=12560"},{"taxonomy":"product_cat","embeddable":true,"href":"https:\/\/tavieta.lt\/lv\/wp-json\/wp\/v2\/product_cat?post=12560"},{"taxonomy":"product_tag","embeddable":true,"href":"https:\/\/tavieta.lt\/lv\/wp-json\/wp\/v2\/product_tag?post=12560"}],"curies":[{"name":"wp","href":"https:\/\/api.w.org\/{rel}","templated":true}]}}