{"id":12562,"date":"2024-02-07T08:48:49","date_gmt":"2024-02-07T08:48:49","guid":{"rendered":"http:\/\/tavieta.lt\/produktas\/archyvine-apsaugine-plevele-nuo-uv-spinduliu\/"},"modified":"2025-01-30T13:22:36","modified_gmt":"2025-01-30T13:22:36","slug":"archyvine-apsaugine-plevele-nuo-uv-spinduliu","status":"publish","type":"product","link":"https:\/\/tavieta.lt\/lv\/products\/archyvine-apsaugine-plevele-nuo-uv-spinduliu\/","title":{"rendered":"Arh\u012bva aizsargpl\u0113ve pret UV stariem"},"content":{"rendered":"<p>Arh\u012bvi, glab\u0101tuves vai vitr\u012bnas. Folija nov\u0113r\u0161 UV staru iek\u013c\u016b\u0161anu caur stiklu, UV absorb\u0113t\u0101ji absorb\u0113 starojumu l\u012bdz 99.5%. M\u016bsu UV pl\u0113v\u0113m ir der\u012bgi sertifik\u0101ti, un testu rezult\u0101ti ir pieejami p\u0113c vajadz\u012bbas. Ir caursp\u012bd\u012bgas vai ton\u0113tas pl\u0113ves, kas, pildot uzglab\u0101\u0161anas vai aizsargfunkciju, ne\u013cauj izl\u016bzu\u0161am stiklam izl\u012bst vai nev\u0113lamu iek\u013c\u016b\u0161anu \u0113k\u0101s. Filma ir apstiprin\u0101ta lieto\u0161anai uz plakana stikla, arh\u012bviem un uzglab\u0101\u0161anai. Ja jums nepiecie\u0161ama papildu inform\u0101cija, l\u016bdzu, sazinieties ar mums.<\/p>\n<table cellspacing=\"0\" cellpadding=\"0\">\n<tbody>\n<tr>\n<td style=\"text-align: center;\" valign=\"top\">\n<p><strong>Materi\u0101la kods<\/strong><\/p>\n<\/td>\n<td style=\"text-align: center;\" valign=\"top\">\n<p><strong>Apraksts<\/strong><\/p>\n<\/td>\n<td style=\"text-align: center;\" valign=\"top\">\n<p><strong>Iepakojums<\/strong><\/p>\n<\/td>\n<\/tr>\n<tr>\n<td style=\"text-align: center;\" valign=\"top\">\n<p>20218<\/p>\n<\/td>\n<td style=\"text-align: center;\" valign=\"top\">\n<p>Arh\u012bva aizsargpl\u0113ve pret UV stariem, rullis 152 cm x 1 m<\/p>\n<\/td>\n<td style=\"text-align: center;\" valign=\"top\">\n<p>metri<\/p>\n<\/td>\n<\/tr>\n<\/tbody>\n<\/table>\n<div id=\"gtx-trans\" style=\"position: absolute; left: 79px; top: 37px;\">\n<div class=\"gtx-trans-icon\"><\/div>\n<\/div>","protected":false},"excerpt":{"rendered":"<p>Arh\u012bva aizsargpl\u0113ve pret UV stariem<\/p>","protected":false},"featured_media":11568,"template":"","meta":[],"product_brand":[],"product_cat":[207],"product_tag":[],"class_list":{"0":"post-12562","1":"product","2":"type-product","3":"status-publish","4":"has-post-thumbnail","6":"product_cat-aplankalai","8":"first","9":"outofstock","10":"product-type-simple"},"_links":{"self":[{"href":"https:\/\/tavieta.lt\/lv\/wp-json\/wp\/v2\/product\/12562","targetHints":{"allow":["GET"]}}],"collection":[{"href":"https:\/\/tavieta.lt\/lv\/wp-json\/wp\/v2\/product"}],"about":[{"href":"https:\/\/tavieta.lt\/lv\/wp-json\/wp\/v2\/types\/product"}],"wp:featuredmedia":[{"embeddable":true,"href":"https:\/\/tavieta.lt\/lv\/wp-json\/wp\/v2\/media\/11568"}],"wp:attachment":[{"href":"https:\/\/tavieta.lt\/lv\/wp-json\/wp\/v2\/media?parent=12562"}],"wp:term":[{"taxonomy":"product_brand","embeddable":true,"href":"https:\/\/tavieta.lt\/lv\/wp-json\/wp\/v2\/product_brand?post=12562"},{"taxonomy":"product_cat","embeddable":true,"href":"https:\/\/tavieta.lt\/lv\/wp-json\/wp\/v2\/product_cat?post=12562"},{"taxonomy":"product_tag","embeddable":true,"href":"https:\/\/tavieta.lt\/lv\/wp-json\/wp\/v2\/product_tag?post=12562"}],"curies":[{"name":"wp","href":"https:\/\/api.w.org\/{rel}","templated":true}]}}