{"id":12563,"date":"2024-02-07T08:48:49","date_gmt":"2024-02-07T08:48:49","guid":{"rendered":"http:\/\/tavieta.lt\/produktas\/melinex-401-poliesterio-plevele-dokumentu-saugojimui\/"},"modified":"2025-01-30T13:00:09","modified_gmt":"2025-01-30T13:00:09","slug":"melinex-401-poliesterio-plevele-dokumentu-saugojimui","status":"publish","type":"product","link":"https:\/\/tavieta.lt\/lv\/products\/melinex-401-poliesterio-plevele-dokumentu-saugojimui\/","title":{"rendered":"Melinex 401 poliestera pl\u0113ve dokumentu glab\u0101\u0161anai"},"content":{"rendered":"<p>Melinex\u00ae 401 ir 100% poliestera pl\u0113ve arh\u012bva dokumentu, izdruku, gr\u0101matu un dokumentu ilgsto\u0161ai glab\u0101\u0161anai vai demonstr\u0113\u0161anai. \u013boti laba aizsardz\u012bba pret putek\u013ciem, net\u012brumiem, pirkstu nospiedumiem un citiem net\u012brumiem. \u013boti caursp\u012bd\u012bga, \u0137\u012bmiski inerta, nemaina formu, nenoveco un nedzelt\u0113.<\/p>\n<table style=\"border-collapse: collapse; width: 100%; height: 72px;\">\n<tbody>\n<tr style=\"height: 24px;\">\n<td style=\"width: 33.3333%; height: 24px; text-align: center;\">Melinex 401, 50 \u00b5m, 128 cm x 25 m<\/td>\n<td style=\"width: 33.3333%; height: 24px; text-align: center;\">20312<\/td>\n<td style=\"width: 33.3333%; height: 24px; text-align: center;\">1 gab<\/td>\n<\/tr>\n<tr style=\"height: 24px;\">\n<td style=\"width: 33.3333%; height: 24px; text-align: center;\">Melinex 401, 75 \u00b5m, 136 cm x 25 m<\/td>\n<td class=\"param_value\" style=\"width: 33.3333%; height: 24px; text-align: center;\">20313<\/td>\n<td style=\"width: 33.3333%; height: 24px; text-align: center;\">\u00a01 gab\u00a0<\/td>\n<\/tr>\n<tr style=\"height: 24px;\">\n<td style=\"width: 33.3333%; height: 24px; text-align: center;\">Melinex 401, 100 \u00b5m, 137,5 cm x 25 m<\/td>\n<td class=\"param_value\" style=\"width: 33.3333%; height: 24px; text-align: center;\">20314<\/td>\n<td style=\"width: 33.3333%; height: 24px; text-align: center;\">1 gab<\/td>\n<\/tr>\n<\/tbody>\n<\/table>\n<div id=\"gtx-trans\" style=\"position: absolute; left: 79px; top: 37px;\">\n<div class=\"gtx-trans-icon\"><\/div>\n<\/div>","protected":false},"excerpt":{"rendered":"<p>Melinex 401 poliestera pl\u0113ve dokumentu glab\u0101\u0161anai<\/p>","protected":false},"featured_media":11570,"template":"","meta":[],"product_brand":[],"product_cat":[201],"product_tag":[],"class_list":{"0":"post-12563","1":"product","2":"type-product","3":"status-publish","4":"has-post-thumbnail","6":"product_cat-perdengimo-popierius","8":"first","9":"outofstock","10":"product-type-simple"},"_links":{"self":[{"href":"https:\/\/tavieta.lt\/lv\/wp-json\/wp\/v2\/product\/12563","targetHints":{"allow":["GET"]}}],"collection":[{"href":"https:\/\/tavieta.lt\/lv\/wp-json\/wp\/v2\/product"}],"about":[{"href":"https:\/\/tavieta.lt\/lv\/wp-json\/wp\/v2\/types\/product"}],"wp:featuredmedia":[{"embeddable":true,"href":"https:\/\/tavieta.lt\/lv\/wp-json\/wp\/v2\/media\/11570"}],"wp:attachment":[{"href":"https:\/\/tavieta.lt\/lv\/wp-json\/wp\/v2\/media?parent=12563"}],"wp:term":[{"taxonomy":"product_brand","embeddable":true,"href":"https:\/\/tavieta.lt\/lv\/wp-json\/wp\/v2\/product_brand?post=12563"},{"taxonomy":"product_cat","embeddable":true,"href":"https:\/\/tavieta.lt\/lv\/wp-json\/wp\/v2\/product_cat?post=12563"},{"taxonomy":"product_tag","embeddable":true,"href":"https:\/\/tavieta.lt\/lv\/wp-json\/wp\/v2\/product_tag?post=12563"}],"curies":[{"name":"wp","href":"https:\/\/api.w.org\/{rel}","templated":true}]}}