{"id":12564,"date":"2024-02-07T08:48:49","date_gmt":"2024-02-07T08:48:49","guid":{"rendered":"http:\/\/tavieta.lt\/produktas\/archyvinai-sarminiai-kartono-lakstai\/"},"modified":"2025-01-30T12:58:54","modified_gmt":"2025-01-30T12:58:54","slug":"archyvinai-sarminiai-kartono-lakstai","status":"publish","type":"product","link":"https:\/\/tavieta.lt\/lv\/products\/archyvinai-sarminiai-kartono-lakstai\/","title":{"rendered":"Arh\u012bva s\u0101rmaina kartona loksnes"},"content":{"rendered":"<p>Arh\u012bva s\u0101rmaina kartona loksnes, pel\u0113kzilas\/dabiski baltas ar m\u012bkstu serdi un \u012bpa\u0161i apstr\u0101d\u0101tu aug\u0161\u0113jo virsmu, iztur\u012bgas pret net\u012brumiem, iztur\u012bgas pret berzi. Sabalans\u0113ti \u0161\u0137\u0113rsgriezuma graudu virzieni un liels garo \u0161\u0137iedru daudzums nodro\u0161ina izcilas rievu un caurumu \u012bpa\u0161\u012bbas. Ide\u0101li piem\u0113rots k\u0101 kartona materi\u0101ls biezu arh\u012bvu mapju un kastu izgatavo\u0161anai.<\/p>\n<table style=\"width: 59.5689%; height: 272px;\" cellspacing=\"0\" cellpadding=\"0\">\n<tbody>\n<tr style=\"height: 56px;\">\n<td style=\"width: 28.4274%; height: 56px; text-align: center;\" valign=\"top\">\n<p><strong>Materi\u0101la kods<\/strong><\/p>\n<\/td>\n<td style=\"width: 45.5645%; height: 56px; text-align: center;\" valign=\"top\">\n<p><strong>Apraksts<\/strong><\/p>\n<\/td>\n<td style=\"width: 11.4919%; height: 56px; text-align: center;\" valign=\"top\">\n<p><strong>Biezums<\/strong><\/p>\n<\/td>\n<td style=\"width: 81.25%; height: 56px; text-align: center;\" valign=\"top\">\n<p><strong>Iepakojums<\/strong><\/p>\n<\/td>\n<\/tr>\n<tr style=\"height: 216px;\">\n<td style=\"width: 28.4274%; height: 216px; text-align: center;\" valign=\"top\">\n<p>KL04799065<\/p>\n<p>KL04799090<\/p>\n<p>KL04799130<\/p>\n<p>KL04799150<\/p>\n<p>KL04799190<\/p>\n<\/td>\n<td style=\"width: 45.5645%; height: 216px; text-align: center;\" valign=\"top\">\n<p>Arh\u012bva s\u0101rma t\u0101fele, 5 50 g\/m 2<\/p>\n<p>Arh\u012bva s\u0101rma d\u0113lis, 670 g\/m2<\/p>\n<p>Arh\u012bva s\u0101rma d\u0113lis, 955 g\/m2<\/p>\n<p>Arh\u012bva s\u0101rma d\u0113lis, 1070 g\/m2<\/p>\n<p>Arh\u012bva s\u0101rma d\u0113lis, 1310 g\/m2<\/p>\n<\/td>\n<td style=\"width: 11.4919%; height: 216px; text-align: center;\" valign=\"top\">\n<p>0,7 mm<\/p>\n<p>0,9 mm<\/p>\n<p>1,3\u00a0mm<\/p>\n<p>1,5\u00a0mm<\/p>\n<p>1,9\u00a0mm<\/p>\n<\/td>\n<td style=\"width: 81.25%; height: 216px; text-align: center;\" valign=\"top\">\n<p>5 gab.<\/p>\n<p>5 gab.<\/p>\n<p>5 gab.<\/p>\n<p>5 gab.<\/p>\n<p>5 gab.<\/p>\n<\/td>\n<\/tr>\n<\/tbody>\n<\/table>\n<div id=\"gtx-trans\" style=\"position: absolute; left: 79px; top: 37px;\">\n<div class=\"gtx-trans-icon\"><\/div>\n<\/div>","protected":false},"excerpt":{"rendered":"<p>Arh\u012bva s\u0101rmaina kartona loksnes<\/p>","protected":false},"featured_media":11572,"template":"","meta":[],"product_brand":[],"product_cat":[228],"product_tag":[],"class_list":{"0":"post-12564","1":"product","2":"type-product","3":"status-publish","4":"has-post-thumbnail","6":"product_cat-nerugstinis-kartonas","8":"first","9":"outofstock","10":"product-type-simple"},"_links":{"self":[{"href":"https:\/\/tavieta.lt\/lv\/wp-json\/wp\/v2\/product\/12564","targetHints":{"allow":["GET"]}}],"collection":[{"href":"https:\/\/tavieta.lt\/lv\/wp-json\/wp\/v2\/product"}],"about":[{"href":"https:\/\/tavieta.lt\/lv\/wp-json\/wp\/v2\/types\/product"}],"wp:featuredmedia":[{"embeddable":true,"href":"https:\/\/tavieta.lt\/lv\/wp-json\/wp\/v2\/media\/11572"}],"wp:attachment":[{"href":"https:\/\/tavieta.lt\/lv\/wp-json\/wp\/v2\/media?parent=12564"}],"wp:term":[{"taxonomy":"product_brand","embeddable":true,"href":"https:\/\/tavieta.lt\/lv\/wp-json\/wp\/v2\/product_brand?post=12564"},{"taxonomy":"product_cat","embeddable":true,"href":"https:\/\/tavieta.lt\/lv\/wp-json\/wp\/v2\/product_cat?post=12564"},{"taxonomy":"product_tag","embeddable":true,"href":"https:\/\/tavieta.lt\/lv\/wp-json\/wp\/v2\/product_tag?post=12564"}],"curies":[{"name":"wp","href":"https:\/\/api.w.org\/{rel}","templated":true}]}}