{"id":12567,"date":"2024-02-07T08:48:56","date_gmt":"2024-02-07T08:48:56","guid":{"rendered":"http:\/\/tavieta.lt\/produktas\/sarminis-kartonas-alphacell\/"},"modified":"2025-01-30T13:23:09","modified_gmt":"2025-01-30T13:23:09","slug":"sarminis-kartonas-alphacell","status":"publish","type":"product","link":"https:\/\/tavieta.lt\/lv\/products\/sarminis-kartonas-alphacell\/","title":{"rendered":"Alkaline kartons AlphaCell"},"content":{"rendered":"<p>Alkaline kartons AlphaCell. AlphaCell s\u0101rmain\u0101s arh\u012bva kartona loksnes, standarta biezums 0,5 mm (350 g\/m2) vai 2,0 mm (1505 g\/m2), izm\u0113ri 81 x 120 cm, pH 8,0, bez sk\u0101bes komponentiem un lign\u012bna, ar s\u0101rma rezervi, pieejams Antique, Dab\u012bg\u0101s un baltas kr\u0101sas. Piem\u0113rots pl\u0101ksnei, kastei, caurulei, kron\u0161teinam utt.<\/p>\n<table style=\"width: 65.6202%;\" cellspacing=\"0\" cellpadding=\"0\">\n<tbody>\n<tr>\n<td style=\"width: 23.9865%; text-align: center;\" valign=\"top\">\n<p><strong>Materi\u0101la kods<\/strong><\/p>\n<\/td>\n<td style=\"width: 18.9189%; text-align: center;\" valign=\"top\">\n<p><strong>Kr\u0101sa<\/strong><\/p>\n<\/td>\n<td style=\"width: 44.9324%; text-align: center;\" valign=\"top\">\n<p><strong>\u00a0 \u00a0 \u00a0 \u00a0 \u00a0 \u00a0 \u00a0 \u00a0 \u00a0 \u00a0 \u00a0 \u00a0 \u00a0 \u00a0 \u00a0 \u00a0 \u00a0 \u00a0 Apraksts<\/strong><\/p>\n<\/td>\n<td style=\"width: 65.0338%; text-align: center;\" valign=\"top\">\n<p><strong>Iepakojums<\/strong><\/p>\n<\/td>\n<\/tr>\n<tr>\n<td style=\"width: 23.9865%; text-align: center;\" valign=\"top\">\n<p>60020<\/p>\n<\/td>\n<td style=\"width: 18.9189%; text-align: center;\" valign=\"top\">\n<p>Ant\u012bks<\/p>\n<\/td>\n<td style=\"width: 44.9324%; text-align: center;\" valign=\"top\">\n<p>S\u0101rmains kartons, 0,5 mm<\/p>\n<p>izm\u0113ri 810 x 1200 mm<\/p>\n<\/td>\n<td style=\"width: 65.0338%; text-align: center;\" valign=\"top\">\n<p>5 gab.<\/p>\n<p>25 gab.<\/p>\n<p>70 gab.<\/p>\n<\/td>\n<\/tr>\n<tr>\n<td style=\"width: 23.9865%; text-align: center;\" valign=\"top\">\n<p>60147<\/p>\n<\/td>\n<td style=\"width: 18.9189%; text-align: center;\" valign=\"top\">\n<p>Ant\u012bks<\/p>\n<\/td>\n<td style=\"width: 44.9324%; text-align: center;\" valign=\"top\">\n<p>S\u0101rmains kartons, 2 mm<\/p>\n<p>izm\u0113ri 810 x 1200 mm<\/p>\n<\/td>\n<td style=\"width: 65.0338%; text-align: center;\" valign=\"top\">\n<p>5 gab.<\/p>\n<p>18 gab.<\/p>\n<p>90 gab.<\/p>\n<\/td>\n<\/tr>\n<tr>\n<td style=\"width: 23.9865%; text-align: center;\" valign=\"top\">\n<p>60020<\/p>\n<\/td>\n<td style=\"width: 18.9189%; text-align: center;\" valign=\"top\">\n<p>Dabiski<\/p>\n<\/td>\n<td style=\"width: 44.9324%; text-align: center;\" valign=\"top\">\n<p>S\u0101rmains kartons, 0,5 mm<\/p>\n<p>izm\u0113ri 810 x 1200 mm<\/p>\n<\/td>\n<td style=\"width: 65.0338%; text-align: center;\" valign=\"top\">\n<p>5 gab.<\/p>\n<p>25 gab.<\/p>\n<p>70 gab.<\/p>\n<\/td>\n<\/tr>\n<tr>\n<td style=\"width: 23.9865%; text-align: center;\" valign=\"top\">\n<p>60147<\/p>\n<\/td>\n<td style=\"width: 18.9189%; text-align: center;\" valign=\"top\">\n<p>Dabiski<\/p>\n<\/td>\n<td style=\"width: 44.9324%; text-align: center;\" valign=\"top\">\n<p>S\u0101rmains kartons, 2 mm<\/p>\n<p>izm\u0113ri 810 x 1200 mm<\/p>\n<\/td>\n<td style=\"width: 65.0338%; text-align: center;\" valign=\"top\">\n<p>5 gab.<\/p>\n<p>18 gab.<\/p>\n<p>90 gab.<\/p>\n<\/td>\n<\/tr>\n<tr>\n<td style=\"width: 23.9865%; text-align: center;\" valign=\"top\">\n<p>60020<\/p>\n<\/td>\n<td style=\"width: 18.9189%; text-align: center;\" valign=\"top\">\n<p>Balts<\/p>\n<\/td>\n<td style=\"width: 44.9324%; text-align: center;\" valign=\"top\">\n<p>S\u0101rmains kartons, 0,5 mm<\/p>\n<p>izm\u0113ri 810 x 1200 mm<\/p>\n<\/td>\n<td style=\"width: 65.0338%; text-align: center;\" valign=\"top\">\n<p>5 gab.<\/p>\n<p>25 gab.<\/p>\n<p>70 gab.<\/p>\n<\/td>\n<\/tr>\n<tr>\n<td style=\"width: 23.9865%; text-align: center;\" valign=\"top\">\n<p>60147<\/p>\n<\/td>\n<td style=\"width: 18.9189%; text-align: center;\" valign=\"top\">\n<p>Balts<\/p>\n<\/td>\n<td style=\"width: 44.9324%; text-align: center;\" valign=\"top\">\n<p>S\u0101rmains kartons, 2 mm<\/p>\n<p>izm\u0113ri 810 x 1200 mm<\/p>\n<\/td>\n<td style=\"width: 65.0338%; text-align: center;\" valign=\"top\">\n<p>5 gab.<\/p>\n<p>18 gab.<\/p>\n<p>90 gab.<\/p>\n<\/td>\n<\/tr>\n<tr>\n<td style=\"width: 23.9865%; text-align: center;\" valign=\"top\">\n<p>600206<\/p>\n<\/td>\n<td style=\"width: 18.9189%; text-align: center;\" valign=\"top\">\n<p>Zilo\u0146kauls<\/p>\n<\/td>\n<td style=\"width: 44.9324%; text-align: center;\" valign=\"top\">\n<p>S\u0101rmains kartons, 0,5 mm<\/p>\n<p>izm\u0113ri 810 x 1200 mm<\/p>\n<\/td>\n<td style=\"width: 65.0338%; text-align: center;\" valign=\"top\">\n<p>5 gab.<\/p>\n<p>25 gab.<\/p>\n<p>70 gab.<\/p>\n<\/td>\n<\/tr>\n<tr>\n<td style=\"width: 23.9865%; text-align: center;\" valign=\"top\">\n<p>600204<\/p>\n<\/td>\n<td style=\"width: 18.9189%; text-align: center;\" valign=\"top\">\n<p>Zilo\u0146kauls<\/p>\n<\/td>\n<td style=\"width: 44.9324%; text-align: center;\" valign=\"top\">\n<p>S\u0101rmains kartons, 2 mm<\/p>\n<p>izm\u0113ri 810 x 1200 mm<\/p>\n<\/td>\n<td style=\"width: 65.0338%; text-align: center;\" valign=\"top\">\n<p>5 gab.<\/p>\n<p>18 gab.<\/p>\n<p>90 gab.<\/p>\n<\/td>\n<\/tr>\n<\/tbody>\n<\/table>\n<div id=\"gtx-trans\" style=\"position: absolute; left: 79px; top: 37px;\">\n<div class=\"gtx-trans-icon\"><\/div>\n<\/div>","protected":false},"excerpt":{"rendered":"<p>Alkaline kartons AlphaCell<\/p>","protected":false},"featured_media":11578,"template":"","meta":[],"product_brand":[],"product_cat":[228],"product_tag":[],"class_list":{"0":"post-12567","1":"product","2":"type-product","3":"status-publish","4":"has-post-thumbnail","6":"product_cat-nerugstinis-kartonas","8":"first","9":"outofstock","10":"product-type-simple"},"_links":{"self":[{"href":"https:\/\/tavieta.lt\/lv\/wp-json\/wp\/v2\/product\/12567","targetHints":{"allow":["GET"]}}],"collection":[{"href":"https:\/\/tavieta.lt\/lv\/wp-json\/wp\/v2\/product"}],"about":[{"href":"https:\/\/tavieta.lt\/lv\/wp-json\/wp\/v2\/types\/product"}],"wp:featuredmedia":[{"embeddable":true,"href":"https:\/\/tavieta.lt\/lv\/wp-json\/wp\/v2\/media\/11578"}],"wp:attachment":[{"href":"https:\/\/tavieta.lt\/lv\/wp-json\/wp\/v2\/media?parent=12567"}],"wp:term":[{"taxonomy":"product_brand","embeddable":true,"href":"https:\/\/tavieta.lt\/lv\/wp-json\/wp\/v2\/product_brand?post=12567"},{"taxonomy":"product_cat","embeddable":true,"href":"https:\/\/tavieta.lt\/lv\/wp-json\/wp\/v2\/product_cat?post=12567"},{"taxonomy":"product_tag","embeddable":true,"href":"https:\/\/tavieta.lt\/lv\/wp-json\/wp\/v2\/product_tag?post=12567"}],"curies":[{"name":"wp","href":"https:\/\/api.w.org\/{rel}","templated":true}]}}