{"id":12568,"date":"2024-02-07T08:48:56","date_gmt":"2024-02-07T08:48:56","guid":{"rendered":"http:\/\/tavieta.lt\/produktas\/archyvavimo-dezes\/"},"modified":"2025-01-30T12:57:40","modified_gmt":"2025-01-30T12:57:40","slug":"archyvavimo-dezes","status":"publish","type":"product","link":"https:\/\/tavieta.lt\/lv\/products\/archyvavimo-dezes\/","title":{"rendered":"Dokument\u0101cijas kastes"},"content":{"rendered":"<p>Arh\u012bva kartona kastes (1300 g\/m), kas ra\u017eotas s\u0101rmain\u0101 vid\u0113 ar pH v\u0113rt\u012bbu 7,0 - 8,0. Iztur\u012bgs pret ekstrem\u0101liem klimatiskajiem apst\u0101k\u013ciem, kartons ir augsts, stiprs, unik\u0101la konstrukcija ne\u013cauj iek\u013c\u016bt putek\u013ciem.<\/p>\n<p>Piem\u0113rots \u012bstermi\u0146a un ilgtermi\u0146a arhiv\u0113\u0161anai. M\u0113s pied\u0101v\u0101jam lielapjoma atlaides, ja pas\u016bt\u0101t vair\u0101k nek\u0101 1000 gab.<\/p>\n<table style=\"width: 56.4794%; height: 616px;\" cellspacing=\"0\" cellpadding=\"0\">\n<tbody>\n<tr style=\"height: 56px;\">\n<td style=\"width: 30.989%; height: 56px; text-align: center;\" valign=\"top\">\n<p><strong>Materi\u0101la kods<\/strong><\/p>\n<\/td>\n<td style=\"width: 24.1758%; height: 56px; text-align: center;\" valign=\"top\">\n<p><strong>Kastes tips<\/strong><\/p>\n<\/td>\n<td style=\"width: 29.011%; height: 56px; text-align: center;\" valign=\"top\">\n<p><strong>\u00a0Apraksts<\/strong><\/p>\n<\/td>\n<td style=\"width: 88.7912%; height: 56px; text-align: center;\" valign=\"top\">\n<p><strong>Iepakojums<\/strong><\/p>\n<\/td>\n<\/tr>\n<tr style=\"height: 56px;\">\n<td style=\"width: 30.989%; height: 56px; text-align: center;\" valign=\"top\">\n<p>2107<\/p>\n<\/td>\n<td style=\"width: 24.1758%; height: 56px; text-align: center;\" valign=\"top\">\n<p>II\/350 tips<\/p>\n<\/td>\n<td style=\"width: 29.011%; height: 56px; text-align: center;\" valign=\"top\">\n<p>35 x 26 x 11 cm<\/p>\n<\/td>\n<td style=\"width: 88.7912%; height: 56px; text-align: center;\" valign=\"top\">\n<p>25 gab.<\/p>\n<\/td>\n<\/tr>\n<tr style=\"height: 56px;\">\n<td style=\"width: 30.989%; height: 56px; text-align: center;\" valign=\"top\">\n<p>40013<\/p>\n<\/td>\n<td style=\"width: 24.1758%; height: 56px; text-align: center;\" valign=\"top\">\n<p>II\/410 tips<\/p>\n<\/td>\n<td style=\"width: 29.011%; height: 56px; text-align: center;\" valign=\"top\">\n<p>41 x 26 x 11 cm<\/p>\n<\/td>\n<td style=\"width: 88.7912%; height: 56px; text-align: center;\" valign=\"top\">\n<p>25 gab.<\/p>\n<\/td>\n<\/tr>\n<tr style=\"height: 56px;\">\n<td style=\"width: 30.989%; height: 56px; text-align: center;\" valign=\"top\">\n<p>40043<\/p>\n<\/td>\n<td style=\"width: 24.1758%; height: 56px; text-align: center;\" valign=\"top\">\n<p>II\/220 tips<\/p>\n<\/td>\n<td style=\"width: 29.011%; height: 56px; text-align: center;\" valign=\"top\">\n<p>22 x 16,8 x 11,2 cm<\/p>\n<\/td>\n<td style=\"width: 88.7912%; height: 56px; text-align: center;\" valign=\"top\">\n<p>25 gab.<\/p>\n<\/td>\n<\/tr>\n<tr style=\"height: 56px;\">\n<td style=\"width: 30.989%; height: 56px; text-align: center;\" valign=\"top\">\n<p>40044<\/p>\n<\/td>\n<td style=\"width: 24.1758%; height: 56px; text-align: center;\" valign=\"top\">\n<p>II\/130 tips<\/p>\n<\/td>\n<td style=\"width: 29.011%; height: 56px; text-align: center;\" valign=\"top\">\n<p>35 x 26 x 13 cm<\/p>\n<\/td>\n<td style=\"width: 88.7912%; height: 56px; text-align: center;\" valign=\"top\">\n<p>25 gab.<\/p>\n<\/td>\n<\/tr>\n<tr style=\"height: 56px;\">\n<td style=\"width: 30.989%; height: 56px; text-align: center;\" valign=\"top\">\n<p>2111<\/p>\n<\/td>\n<td style=\"width: 24.1758%; height: 56px; text-align: center;\" valign=\"top\">\n<p>II\/190 tips<\/p>\n<\/td>\n<td style=\"width: 29.011%; height: 56px; text-align: center;\" valign=\"top\">\n<p>45 x 19 x 11 cm<\/p>\n<\/td>\n<td style=\"width: 88.7912%; height: 56px; text-align: center;\" valign=\"top\">\n<p>25 gab.<\/p>\n<\/td>\n<\/tr>\n<tr style=\"height: 56px;\">\n<td style=\"width: 30.989%; height: 56px; text-align: center;\" valign=\"top\">\n<p>40045<\/p>\n<\/td>\n<td style=\"width: 24.1758%; height: 56px; text-align: center;\" valign=\"top\">\n<p>II\/330 tips<\/p>\n<\/td>\n<td style=\"width: 29.011%; height: 56px; text-align: center;\" valign=\"top\">\n<p>41 x 33 x 11 cm<\/p>\n<\/td>\n<td style=\"width: 88.7912%; height: 56px; text-align: center;\" valign=\"top\">\n<p>25 gab.<\/p>\n<\/td>\n<\/tr>\n<tr style=\"height: 56px;\">\n<td style=\"width: 30.989%; height: 56px; text-align: center;\" valign=\"top\">\n<p>40046<\/p>\n<\/td>\n<td style=\"width: 24.1758%; height: 56px; text-align: center;\" valign=\"top\">\n<p>II\/390 tips<\/p>\n<\/td>\n<td style=\"width: 29.011%; height: 56px; text-align: center;\" valign=\"top\">\n<p>39 x 29 x 18 cm<\/p>\n<\/td>\n<td style=\"width: 88.7912%; height: 56px; text-align: center;\" valign=\"top\">\n<p>25 gab.<\/p>\n<\/td>\n<\/tr>\n<tr style=\"height: 56px;\">\n<td style=\"width: 30.989%; height: 56px; text-align: center;\" valign=\"top\">\n<p>40047<\/p>\n<\/td>\n<td style=\"width: 24.1758%; height: 56px; text-align: center;\" valign=\"top\">\n<p>II\/450 tips<\/p>\n<\/td>\n<td style=\"width: 29.011%; height: 56px; text-align: center;\" valign=\"top\">\n<p>45 x 32 x 11 cm<\/p>\n<\/td>\n<td style=\"width: 88.7912%; height: 56px; text-align: center;\" valign=\"top\">\n<p>25 gab.<\/p>\n<\/td>\n<\/tr>\n<tr style=\"height: 56px;\">\n<td style=\"width: 30.989%; height: 56px; text-align: center;\" valign=\"top\">\n<p>40048<\/p>\n<\/td>\n<td style=\"width: 24.1758%; height: 56px; text-align: center;\" valign=\"top\">\n<p>II\/470 tips<\/p>\n<\/td>\n<td style=\"width: 29.011%; height: 56px; text-align: center;\" valign=\"top\">\n<p>47 x 29,5 x 8,5 cm<\/p>\n<\/td>\n<td style=\"width: 88.7912%; height: 56px; text-align: center;\" valign=\"top\">\n<p>25 gab.<\/p>\n<\/td>\n<\/tr>\n<tr style=\"height: 56px;\">\n<td style=\"width: 30.989%; height: 56px; text-align: center;\" valign=\"top\">\n<p>40049<\/p>\n<\/td>\n<td style=\"width: 24.1758%; height: 56px; text-align: center;\" valign=\"top\">\n<p>II\/505 tips<\/p>\n<\/td>\n<td style=\"width: 29.011%; height: 56px; text-align: center;\" valign=\"top\">\n<p>50,5 x 34 x 11 cm<\/p>\n<\/td>\n<td style=\"width: 88.7912%; height: 56px; text-align: center;\" valign=\"top\">\n<p>25 gab.<\/p>\n<\/td>\n<\/tr>\n<\/tbody>\n<\/table>\n<div id=\"gtx-trans\" style=\"position: absolute; left: 79px; top: 37px;\">\n<div class=\"gtx-trans-icon\"><\/div>\n<\/div>","protected":false},"excerpt":{"rendered":"<p>Dokument\u0101cijas kastes<\/p>","protected":false},"featured_media":11580,"template":"","meta":[],"product_brand":[],"product_cat":[140],"product_tag":[],"class_list":{"0":"post-12568","1":"product","2":"type-product","3":"status-publish","4":"has-post-thumbnail","6":"product_cat-archyvines-dezutes","8":"first","9":"outofstock","10":"product-type-simple"},"_links":{"self":[{"href":"https:\/\/tavieta.lt\/lv\/wp-json\/wp\/v2\/product\/12568","targetHints":{"allow":["GET"]}}],"collection":[{"href":"https:\/\/tavieta.lt\/lv\/wp-json\/wp\/v2\/product"}],"about":[{"href":"https:\/\/tavieta.lt\/lv\/wp-json\/wp\/v2\/types\/product"}],"wp:featuredmedia":[{"embeddable":true,"href":"https:\/\/tavieta.lt\/lv\/wp-json\/wp\/v2\/media\/11580"}],"wp:attachment":[{"href":"https:\/\/tavieta.lt\/lv\/wp-json\/wp\/v2\/media?parent=12568"}],"wp:term":[{"taxonomy":"product_brand","embeddable":true,"href":"https:\/\/tavieta.lt\/lv\/wp-json\/wp\/v2\/product_brand?post=12568"},{"taxonomy":"product_cat","embeddable":true,"href":"https:\/\/tavieta.lt\/lv\/wp-json\/wp\/v2\/product_cat?post=12568"},{"taxonomy":"product_tag","embeddable":true,"href":"https:\/\/tavieta.lt\/lv\/wp-json\/wp\/v2\/product_tag?post=12568"}],"curies":[{"name":"wp","href":"https:\/\/api.w.org\/{rel}","templated":true}]}}