{"id":12570,"date":"2024-02-07T08:48:56","date_gmt":"2024-02-07T08:48:56","guid":{"rendered":"http:\/\/tavieta.lt\/produktas\/archyvo-dezes\/"},"modified":"2025-01-30T12:38:37","modified_gmt":"2025-01-30T12:38:37","slug":"archyvo-dezes","status":"publish","type":"product","link":"https:\/\/tavieta.lt\/lv\/products\/archyvo-dezes\/","title":{"rendered":"Arh\u012bvu kastes"},"content":{"rendered":"<p>Arh\u012bvu kastes. \u012astermi\u0146a arhiv\u0113\u0161anas sist\u0113ma \u013cauj l\u0113ti un \u0101tri arhiv\u0113t visus dokumentus. Galven\u0101 materi\u0101la kvalit\u0101te un konstrukcija aizsarg\u0101 dokumentus no meh\u0101niskiem un biolo\u0123iskiem boj\u0101jumiem. A4 form\u0101ta arh\u012bvu kastes no 100% p\u0101rstr\u0101d\u0101jama pap\u012bra. Augstas kvalit\u0101tes sietspiede ar 5 izv\u0113les kr\u0101s\u0101m (sarkana, za\u013ca, zila, balta, melna).<\/p>\n<table cellspacing=\"0\" cellpadding=\"0\">\n<tbody>\n<tr>\n<td style=\"text-align: center;\" valign=\"top\">\n<p><strong>Kods<\/strong><\/p>\n<\/td>\n<td style=\"text-align: center;\" valign=\"top\">\n<p><strong>Kastes tips<\/strong><\/p>\n<\/td>\n<td style=\"text-align: center;\" valign=\"top\">\n<p><strong>\u00a0\u00a0 \u00a0 \u00a0 \u00a0 \u00a0 Izm\u0113ri<\/strong><\/p>\n<\/td>\n<td style=\"text-align: center;\" valign=\"top\">\n<p><strong>Daudzums<\/strong><\/p>\n<\/td>\n<\/tr>\n<tr>\n<td style=\"text-align: center;\" valign=\"top\">\n<p>40008<\/p>\n<p>40009<\/p>\n<p>40010<\/p>\n<p>40067<\/p>\n<\/td>\n<td style=\"text-align: center;\" valign=\"top\">\n<p>Tips 1\/50<\/p>\n<p>Veids 1\/75<\/p>\n<p>Tips 1\/11O<\/p>\n<p>Tips 1\/75 C<\/p>\n<\/td>\n<td style=\"text-align: center;\" valign=\"top\">\n<p>33 x 26 x 5 cm<\/p>\n<p>33 x 26 x 7,5 cm<\/p>\n<p>33 x 26 x 11 cm<\/p>\n<p>33 x 26 x 7,5 cm<\/p>\n<p>Kr\u0101sas: sarkana, za\u013ca, zila, balta, melna<\/p>\n<\/td>\n<td style=\"text-align: center;\" valign=\"top\">\n<p>25 gab.<\/p>\n<p>25 gab.<\/p>\n<p>25 gab.<\/p>\n<p>25 gab.<\/p>\n<\/td>\n<\/tr>\n<\/tbody>\n<\/table>\n<div id=\"gtx-trans\" style=\"position: absolute; left: 79px; top: 37px;\">\n<div class=\"gtx-trans-icon\"><\/div>\n<\/div>","protected":false},"excerpt":{"rendered":"<p>Arh\u012bvu kastes<\/p>","protected":false},"featured_media":11584,"template":"","meta":[],"product_brand":[],"product_cat":[140],"product_tag":[],"class_list":{"0":"post-12570","1":"product","2":"type-product","3":"status-publish","4":"has-post-thumbnail","6":"product_cat-archyvines-dezutes","8":"first","9":"outofstock","10":"product-type-simple"},"_links":{"self":[{"href":"https:\/\/tavieta.lt\/lv\/wp-json\/wp\/v2\/product\/12570","targetHints":{"allow":["GET"]}}],"collection":[{"href":"https:\/\/tavieta.lt\/lv\/wp-json\/wp\/v2\/product"}],"about":[{"href":"https:\/\/tavieta.lt\/lv\/wp-json\/wp\/v2\/types\/product"}],"wp:featuredmedia":[{"embeddable":true,"href":"https:\/\/tavieta.lt\/lv\/wp-json\/wp\/v2\/media\/11584"}],"wp:attachment":[{"href":"https:\/\/tavieta.lt\/lv\/wp-json\/wp\/v2\/media?parent=12570"}],"wp:term":[{"taxonomy":"product_brand","embeddable":true,"href":"https:\/\/tavieta.lt\/lv\/wp-json\/wp\/v2\/product_brand?post=12570"},{"taxonomy":"product_cat","embeddable":true,"href":"https:\/\/tavieta.lt\/lv\/wp-json\/wp\/v2\/product_cat?post=12570"},{"taxonomy":"product_tag","embeddable":true,"href":"https:\/\/tavieta.lt\/lv\/wp-json\/wp\/v2\/product_tag?post=12570"}],"curies":[{"name":"wp","href":"https:\/\/api.w.org\/{rel}","templated":true}]}}