{"id":12573,"date":"2024-02-07T08:49:02","date_gmt":"2024-02-07T08:49:02","guid":{"rendered":"http:\/\/tavieta.lt\/produktas\/irisimo-zirkles-su-svirtimi\/"},"modified":"2025-01-30T13:15:41","modified_gmt":"2025-01-30T13:15:41","slug":"irisimo-zirkles-su-svirtimi","status":"publish","type":"product","link":"https:\/\/tavieta.lt\/lv\/products\/irisimo-zirkles-su-svirtimi\/","title":{"rendered":"Iesie\u0161anas \u0161\u0137\u0113res ar sviru"},"content":{"rendered":"<p>Iesie\u0161anas \u0161\u0137\u0113res ir paredz\u0113tas pap\u012bra, kartona, folijas, audekla un d\u0113\u013cu un ru\u013c\u013cu grie\u0161anai. \u0160\u012bs iztur\u012bg\u0101s \u0161\u0137\u0113res ir izgatavotas no t\u0113rauda, modific\u0113t\u0101m virsm\u0101m un lamin\u0113t\u0101m virsm\u0101m. Svira ar \u012bpa\u0161u asmeni ir l\u012bdzsvarota ar pretsvaru. Grie\u0161ana ir \u013coti prec\u012bza pat maz\u0101kaj\u0101 grie\u0161anas laukum\u0101. Fiks\u0113jami regul\u0113jami aizturi nodro\u0161ina atk\u0101rtojamus griezumus bez novirz\u0113m no m\u0113r\u012bjumiem.<\/p>\n<p>Abu na\u017eu, gan mobilo, gan fiks\u0113to, poz\u012bcija ir regul\u0113jama demont\u0101\u017eas un sl\u012bp\u0113\u0161anas d\u0113\u013c. Apdare iekr\u012bt pilin\u0101t\u0101ja trauk\u0101. Ier\u012bci var apr\u012bkot ar papildu tur\u0113t\u0101ju ar fiksatoru materi\u0101la grie\u0161anai no ru\u013c\u013ciem platum\u0101 l\u012bdz 1300 mm.<\/p>\n<p><strong>Specifik\u0101cijas:\u00a0<\/strong><\/p>\n<p>Izm\u0113ri: 2144 x 948 mm darba zona 1385 x 790 mm\u00a0<\/p>\n<p>P\u013cau\u0161anas garums: 1300 mm Svars 360 kg<\/p>\n<table cellspacing=\"0\" cellpadding=\"0\">\n<tbody>\n<tr>\n<td style=\"text-align: center;\" valign=\"top\">\n<p><strong>Materi\u0101la kods<\/strong><\/p>\n<\/td>\n<td style=\"text-align: center;\" valign=\"top\">\n<p><strong>Apraksts<\/strong><\/p>\n<\/td>\n<td style=\"text-align: center;\" valign=\"top\">\n<p><strong>Iepakojums<\/strong><\/p>\n<\/td>\n<\/tr>\n<tr>\n<td style=\"text-align: center;\" valign=\"top\">\n<p>60121<\/p>\n<\/td>\n<td style=\"text-align: center;\" valign=\"top\">\n<p>Iesie\u0161anas \u0161\u0137\u0113res ar sviru - platums 130 cm<\/p>\n<\/td>\n<td style=\"text-align: center;\" valign=\"top\">\n<p>1 gab.<\/p>\n<\/td>\n<\/tr>\n<\/tbody>\n<\/table>\n<div id=\"gtx-trans\" style=\"position: absolute; left: 79px; top: 37px;\">\n<div class=\"gtx-trans-icon\"><\/div>\n<\/div>","protected":false},"excerpt":{"rendered":"<p>Iesie\u0161anas \u0161\u0137\u0113res ar sviru<\/p>","protected":false},"featured_media":11590,"template":"","meta":[],"product_brand":[],"product_cat":[170],"product_tag":[],"class_list":{"0":"post-12573","1":"product","2":"type-product","3":"status-publish","4":"has-post-thumbnail","6":"product_cat-restauravimo-iranga","8":"first","9":"outofstock","10":"product-type-simple"},"_links":{"self":[{"href":"https:\/\/tavieta.lt\/lv\/wp-json\/wp\/v2\/product\/12573","targetHints":{"allow":["GET"]}}],"collection":[{"href":"https:\/\/tavieta.lt\/lv\/wp-json\/wp\/v2\/product"}],"about":[{"href":"https:\/\/tavieta.lt\/lv\/wp-json\/wp\/v2\/types\/product"}],"wp:featuredmedia":[{"embeddable":true,"href":"https:\/\/tavieta.lt\/lv\/wp-json\/wp\/v2\/media\/11590"}],"wp:attachment":[{"href":"https:\/\/tavieta.lt\/lv\/wp-json\/wp\/v2\/media?parent=12573"}],"wp:term":[{"taxonomy":"product_brand","embeddable":true,"href":"https:\/\/tavieta.lt\/lv\/wp-json\/wp\/v2\/product_brand?post=12573"},{"taxonomy":"product_cat","embeddable":true,"href":"https:\/\/tavieta.lt\/lv\/wp-json\/wp\/v2\/product_cat?post=12573"},{"taxonomy":"product_tag","embeddable":true,"href":"https:\/\/tavieta.lt\/lv\/wp-json\/wp\/v2\/product_tag?post=12573"}],"curies":[{"name":"wp","href":"https:\/\/api.w.org\/{rel}","templated":true}]}}