{"id":12574,"date":"2024-02-07T08:49:02","date_gmt":"2024-02-07T08:49:02","guid":{"rendered":"http:\/\/tavieta.lt\/produktas\/medinis-siuvimo-remas\/"},"modified":"2025-01-30T13:15:41","modified_gmt":"2025-01-30T13:15:41","slug":"medinis-siuvimo-remas","status":"publish","type":"product","link":"https:\/\/tavieta.lt\/lv\/products\/medinis-siuvimo-remas\/","title":{"rendered":"Koka \u0161\u016b\u0161anas r\u0101mis"},"content":{"rendered":"<p>Koka \u0161\u016b\u0161anas r\u0101mis.<\/p>\n<p>Viss koka \u0161\u016b\u0161anas r\u0101mis, tradicion\u0101ls dizains, di\u017esk\u0101bar\u017ea koka skr\u016bves, persiku koka rieksti, m\u016bsdien\u012bgi izsmalcin\u0101ti. Pieg\u0101d\u0101ts plakan\u0101 iepakojum\u0101. no kura to ir viegli salikt.\u00a0<\/p>\n<p>Specifik\u0101cijas: Izm\u0113ri: 38 x 80 cm, att\u0101lums starp skr\u016bv\u0113m: 63 cm<\/p>\n<table style=\"width: 57.3194%;\" cellspacing=\"0\" cellpadding=\"0\">\n<tbody>\n<tr>\n<td style=\"text-align: center; width: 37.3057%;\" valign=\"top\">\n<p><strong>Materi\u0101la kods<\/strong><\/p>\n<\/td>\n<td style=\"text-align: center; width: 43.7824%;\" valign=\"top\">\n<p><strong>Apraksts<\/strong><\/p>\n<\/td>\n<td style=\"text-align: center; width: 120.984%;\" valign=\"top\">\n<p><strong>Iepakojums<\/strong><\/p>\n<\/td>\n<\/tr>\n<tr>\n<td style=\"text-align: center; width: 37.3057%;\" valign=\"top\">\n<p>RT1926<\/p>\n<\/td>\n<td style=\"text-align: center; width: 43.7824%;\" valign=\"top\">\n<p>Koka \u0161\u016b\u0161anas r\u0101mis<\/p>\n<\/td>\n<td style=\"text-align: center; width: 120.984%;\" valign=\"top\">\n<p>1 gab.<\/p>\n<\/td>\n<\/tr>\n<\/tbody>\n<\/table>\n<div id=\"gtx-trans\" style=\"position: absolute; left: 79px; top: 37px;\">\n<div class=\"gtx-trans-icon\"><\/div>\n<\/div>","protected":false},"excerpt":{"rendered":"<p>Koka \u0161\u016b\u0161anas r\u0101mis<\/p>","protected":false},"featured_media":11592,"template":"","meta":[],"product_brand":[],"product_cat":[170],"product_tag":[],"class_list":{"0":"post-12574","1":"product","2":"type-product","3":"status-publish","4":"has-post-thumbnail","6":"product_cat-restauravimo-iranga","8":"first","9":"outofstock","10":"product-type-simple"},"_links":{"self":[{"href":"https:\/\/tavieta.lt\/lv\/wp-json\/wp\/v2\/product\/12574","targetHints":{"allow":["GET"]}}],"collection":[{"href":"https:\/\/tavieta.lt\/lv\/wp-json\/wp\/v2\/product"}],"about":[{"href":"https:\/\/tavieta.lt\/lv\/wp-json\/wp\/v2\/types\/product"}],"wp:featuredmedia":[{"embeddable":true,"href":"https:\/\/tavieta.lt\/lv\/wp-json\/wp\/v2\/media\/11592"}],"wp:attachment":[{"href":"https:\/\/tavieta.lt\/lv\/wp-json\/wp\/v2\/media?parent=12574"}],"wp:term":[{"taxonomy":"product_brand","embeddable":true,"href":"https:\/\/tavieta.lt\/lv\/wp-json\/wp\/v2\/product_brand?post=12574"},{"taxonomy":"product_cat","embeddable":true,"href":"https:\/\/tavieta.lt\/lv\/wp-json\/wp\/v2\/product_cat?post=12574"},{"taxonomy":"product_tag","embeddable":true,"href":"https:\/\/tavieta.lt\/lv\/wp-json\/wp\/v2\/product_tag?post=12574"}],"curies":[{"name":"wp","href":"https:\/\/api.w.org\/{rel}","templated":true}]}}