{"id":12575,"date":"2024-02-07T08:49:02","date_gmt":"2024-02-07T08:49:02","guid":{"rendered":"http:\/\/tavieta.lt\/produktas\/rt1-siuvimo-remas\/"},"modified":"2025-01-30T13:15:42","modified_gmt":"2025-01-30T13:15:42","slug":"rt1-siuvimo-remas","status":"publish","type":"product","link":"https:\/\/tavieta.lt\/lv\/products\/rt1-siuvimo-remas\/","title":{"rendered":"RT1 \u0161\u016b\u0161anas r\u0101mis"},"content":{"rendered":"<p>RT1 \u0161\u016b\u0161anas r\u0101mis no di\u017esk\u0101bar\u017ea koka, 2 t\u0113rauda balsti, 2 lielas t\u0113rauda skr\u016bves, 5 mazi \u0101\u0137i ar opciju.\u00a0<\/p>\n<p>Specifik\u0101cijas: Izm\u0113ri: 67 x 34 x 40 cm darba garums \/ augstums: 58 cm \/ 28 cm:<\/p>\n<p>&nbsp;<\/p>\n<table style=\"width: 37.5641%;\" cellspacing=\"0\" cellpadding=\"0\">\n<tbody>\n<tr>\n<td style=\"width: 30.7692%;\" valign=\"top\">\n<p style=\"text-align: center;\"><strong>Materi\u0101la kods<\/strong><\/p>\n<\/td>\n<td style=\"text-align: center; width: 53.6325%;\" valign=\"top\">\n<p><strong>Apraksts<\/strong><\/p>\n<\/td>\n<td style=\"text-align: center; width: 24.2618%;\" valign=\"top\">\n<p><strong>Iepakojums<\/strong><\/p>\n<\/td>\n<\/tr>\n<tr>\n<td style=\"width: 30.7692%;\" valign=\"top\">\n<p style=\"text-align: center;\">RT1925<\/p>\n<\/td>\n<td style=\"width: 53.6325%;\" valign=\"top\">\n<p>\u00a0 \u00a0 \u00a0 \u00a0 \u00a0 \u00a0 \u00a0 \u00a0 \u00a0RT1 \u0160\u016b\u0161anas r\u0101mis<\/p>\n<\/td>\n<td style=\"width: 24.2618%;\" valign=\"top\">\n<p>\u00a0 \u00a0 \u00a01 gab.\u00a0<\/p>\n<\/td>\n<\/tr>\n<\/tbody>\n<\/table>\n<div id=\"gtx-trans\" style=\"position: absolute; left: 79px; top: 37px;\">\n<div class=\"gtx-trans-icon\"><\/div>\n<\/div>","protected":false},"excerpt":{"rendered":"<p>RT1 \u0161\u016b\u0161anas r\u0101mis<\/p>","protected":false},"featured_media":11594,"template":"","meta":[],"product_brand":[],"product_cat":[170],"product_tag":[],"class_list":{"0":"post-12575","1":"product","2":"type-product","3":"status-publish","4":"has-post-thumbnail","6":"product_cat-restauravimo-iranga","8":"first","9":"outofstock","10":"product-type-simple"},"_links":{"self":[{"href":"https:\/\/tavieta.lt\/lv\/wp-json\/wp\/v2\/product\/12575","targetHints":{"allow":["GET"]}}],"collection":[{"href":"https:\/\/tavieta.lt\/lv\/wp-json\/wp\/v2\/product"}],"about":[{"href":"https:\/\/tavieta.lt\/lv\/wp-json\/wp\/v2\/types\/product"}],"wp:featuredmedia":[{"embeddable":true,"href":"https:\/\/tavieta.lt\/lv\/wp-json\/wp\/v2\/media\/11594"}],"wp:attachment":[{"href":"https:\/\/tavieta.lt\/lv\/wp-json\/wp\/v2\/media?parent=12575"}],"wp:term":[{"taxonomy":"product_brand","embeddable":true,"href":"https:\/\/tavieta.lt\/lv\/wp-json\/wp\/v2\/product_brand?post=12575"},{"taxonomy":"product_cat","embeddable":true,"href":"https:\/\/tavieta.lt\/lv\/wp-json\/wp\/v2\/product_cat?post=12575"},{"taxonomy":"product_tag","embeddable":true,"href":"https:\/\/tavieta.lt\/lv\/wp-json\/wp\/v2\/product_tag?post=12575"}],"curies":[{"name":"wp","href":"https:\/\/api.w.org\/{rel}","templated":true}]}}