{"id":12576,"date":"2024-02-07T08:49:08","date_gmt":"2024-02-07T08:49:08","guid":{"rendered":"http:\/\/tavieta.lt\/produktas\/muzieju-dulkiu-siurblys-muntz\/"},"modified":"2025-01-31T13:37:01","modified_gmt":"2025-01-31T13:37:01","slug":"muzieju-dulkiu-siurblys-muntz","status":"publish","type":"product","link":"https:\/\/tavieta.lt\/lv\/products\/muzieju-dulkiu-siurblys-muntz\/","title":{"rendered":"Muzeja putek\u013cu s\u016bc\u0113js Muntz"},"content":{"rendered":"<p>Muzeja putek\u013cu s\u016bc\u0113js Muntz<\/p>\n<p>&nbsp;<\/p>\n<table cellspacing=\"0\" cellpadding=\"0\">\n<tbody>\n<tr>\n<td style=\"text-align: center;\" valign=\"top\"><strong>Materi\u0101la kods<\/strong><\/td>\n<td style=\"text-align: center;\" valign=\"top\"><strong>Apraksts<\/strong><\/td>\n<td style=\"text-align: center;\" valign=\"top\"><strong>Iepakojums<\/strong><\/td>\n<\/tr>\n<tr>\n<td style=\"text-align: center;\" valign=\"top\">M555<\/p>\n<p>PH-723<\/p>\n<p>PH-726<\/p>\n<p>PH-727<\/td>\n<td style=\"text-align: center;\" valign=\"top\">Putek\u013cu s\u016bc\u0113js<\/p>\n<p>Rezerves somas<\/p>\n<p>Rezerves HEPA filtrs<\/p>\n<p>Rezerves HEPA oglek\u013ca filtrs<\/td>\n<td style=\"text-align: center;\" valign=\"top\">1 gab.<\/p>\n<p>10 gab.<\/p>\n<p>1 gab.<\/p>\n<p>1 gab.<\/td>\n<\/tr>\n<\/tbody>\n<\/table>","protected":false},"excerpt":{"rendered":"<p>Muzeja putek\u013cu s\u016bc\u0113js Muntz<\/p>\n<p>Ide\u0101li piem\u0113rots restaur\u0101cijas darbn\u012bc\u0101m, muzejiem, arh\u012bviem un bibliot\u0113k\u0101m. Kompakts un viegls. \u0161im univers\u0101lajam putek\u013cu s\u016bc\u0113jam (s\u016bknim un p\u016bt\u0113jam) ir elektronisks jaudas regulators no 20 W l\u012bdz 1300 W.<\/p>\n<p>\u0160ai jaunajai ier\u012bcei ir maksim\u0101la filtr\u0113\u0161anas sist\u0113ma ar HEPA filtru, kas aiztur 99.97% 0.3 \u00b5 putek\u013cu da\u013ci\u0146as, pel\u0113juma sporas, bakt\u0113rijas un \u0113rces. Norm\u0101los apst\u0101k\u013cos HEPA filtrs ir j\u0101nomaina katru gadu<\/p>\n<div id=\"gtx-trans\" style=\"position: absolute; left: 149px; top: 37.7361px;\">\n<div class=\"gtx-trans-icon\"><\/div>\n<\/div>","protected":false},"featured_media":11596,"template":"","meta":[],"product_brand":[],"product_cat":[170],"product_tag":[],"class_list":{"0":"post-12576","1":"product","2":"type-product","3":"status-publish","4":"has-post-thumbnail","6":"product_cat-restauravimo-iranga","8":"first","9":"outofstock","10":"product-type-simple"},"_links":{"self":[{"href":"https:\/\/tavieta.lt\/lv\/wp-json\/wp\/v2\/product\/12576","targetHints":{"allow":["GET"]}}],"collection":[{"href":"https:\/\/tavieta.lt\/lv\/wp-json\/wp\/v2\/product"}],"about":[{"href":"https:\/\/tavieta.lt\/lv\/wp-json\/wp\/v2\/types\/product"}],"wp:featuredmedia":[{"embeddable":true,"href":"https:\/\/tavieta.lt\/lv\/wp-json\/wp\/v2\/media\/11596"}],"wp:attachment":[{"href":"https:\/\/tavieta.lt\/lv\/wp-json\/wp\/v2\/media?parent=12576"}],"wp:term":[{"taxonomy":"product_brand","embeddable":true,"href":"https:\/\/tavieta.lt\/lv\/wp-json\/wp\/v2\/product_brand?post=12576"},{"taxonomy":"product_cat","embeddable":true,"href":"https:\/\/tavieta.lt\/lv\/wp-json\/wp\/v2\/product_cat?post=12576"},{"taxonomy":"product_tag","embeddable":true,"href":"https:\/\/tavieta.lt\/lv\/wp-json\/wp\/v2\/product_tag?post=12576"}],"curies":[{"name":"wp","href":"https:\/\/api.w.org\/{rel}","templated":true}]}}