{"id":12580,"date":"2024-02-07T08:49:08","date_gmt":"2024-02-07T08:49:08","guid":{"rendered":"http:\/\/tavieta.lt\/produktas\/atverciama-dezute-ks-3\/"},"modified":"2024-02-07T08:49:11","modified_gmt":"2024-02-07T08:49:11","slug":"atverciama-dezute-ks-3","status":"publish","type":"product","link":"https:\/\/tavieta.lt\/lv\/products\/atverciama-dezute-ks-3\/","title":{"rendered":"\u0160arn\u012brsavienojums KS 3"},"content":{"rendered":"<p>\u0160arn\u012brsavienojums KS 3<\/p>\n<p>Herm\u0113tiski nosl\u0113gta kaste, kas piem\u0113rota gr\u0101matu, fotomateri\u0101lu un visu veidu va\u013c\u0113ju un va\u013c\u0113ju priek\u0161metu glab\u0101\u0161anai. Pieejams gan ar un bez ievieto\u0161anas spraug\u0101m un ar papildus pamatnes pastiprin\u0101jumu. Popul\u0101r\u0101k\u0101 arh\u012bva kaste.<\/p>\n<div id=\"gtx-trans\" style=\"position: absolute; left: 79px; top: 37px;\">\n<div class=\"gtx-trans-icon\"><\/div>\n<\/div>","protected":false},"excerpt":{"rendered":"<p>\u0160arn\u012bru kaste KS 2<\/p>","protected":false},"featured_media":11602,"template":"","meta":[],"product_brand":[],"product_cat":[138],"product_tag":[],"class_list":{"0":"post-12580","1":"product","2":"type-product","3":"status-publish","4":"has-post-thumbnail","6":"product_cat-atverciamo-tipo-dezutes","8":"first","9":"outofstock","10":"product-type-simple"},"_links":{"self":[{"href":"https:\/\/tavieta.lt\/lv\/wp-json\/wp\/v2\/product\/12580","targetHints":{"allow":["GET"]}}],"collection":[{"href":"https:\/\/tavieta.lt\/lv\/wp-json\/wp\/v2\/product"}],"about":[{"href":"https:\/\/tavieta.lt\/lv\/wp-json\/wp\/v2\/types\/product"}],"wp:featuredmedia":[{"embeddable":true,"href":"https:\/\/tavieta.lt\/lv\/wp-json\/wp\/v2\/media\/11602"}],"wp:attachment":[{"href":"https:\/\/tavieta.lt\/lv\/wp-json\/wp\/v2\/media?parent=12580"}],"wp:term":[{"taxonomy":"product_brand","embeddable":true,"href":"https:\/\/tavieta.lt\/lv\/wp-json\/wp\/v2\/product_brand?post=12580"},{"taxonomy":"product_cat","embeddable":true,"href":"https:\/\/tavieta.lt\/lv\/wp-json\/wp\/v2\/product_cat?post=12580"},{"taxonomy":"product_tag","embeddable":true,"href":"https:\/\/tavieta.lt\/lv\/wp-json\/wp\/v2\/product_tag?post=12580"}],"curies":[{"name":"wp","href":"https:\/\/api.w.org\/{rel}","templated":true}]}}