{"id":12581,"date":"2024-02-07T08:49:14","date_gmt":"2024-02-07T08:49:14","guid":{"rendered":"http:\/\/tavieta.lt\/produktas\/atverciama-dezute-ks-3-su-tvirtinimo-juostelemis\/"},"modified":"2024-02-07T08:49:14","modified_gmt":"2024-02-07T08:49:14","slug":"atverciama-dezute-ks-3-su-tvirtinimo-juostelemis","status":"publish","type":"product","link":"https:\/\/tavieta.lt\/lv\/products\/atverciama-dezute-ks-3-su-tvirtinimo-juostelemis\/","title":{"rendered":"\u0160arn\u012brsavienojums KS 3 - ar stiprin\u0101juma sloksn\u0113m"},"content":{"rendered":"<p>\u0160arn\u012brsavienojums KS 3 - ar stiprin\u0101juma sloksn\u0113m<\/p>\n<p>KS 3 herm\u0113tiski nosl\u0113gta kast\u012bte ar stiprin\u0101juma sloksn\u0113m no tekstila (poliestera). Sloksnes var piestiprin\u0101t atsevi\u0161\u0137i. Kaste ir izgatavota no gofr\u0113t\u0101 kartona materi\u0101la, MW 1.7mm (680g\/m\u00b2) vai MW 1.65mm (560g\/m\u00b2), kastes \u0101r\u0113j\u0101 kr\u0101sa ir pel\u0113kzila, iek\u0161\u0113j\u0101 kr\u0101sa ir dab\u012bgi balta. Ide\u0101li piem\u0113rots gr\u0101matu, failu\/mapju, dokumentu un divdimensiju objektu arh\u012bva glab\u0101\u0161anai. Citi kast\u012b\u0161u izm\u0113ri p\u0113c piepras\u012bjuma.<\/p>\n<div id=\"gtx-trans\" style=\"position: absolute; left: 79px; top: 37px;\">\n<div class=\"gtx-trans-icon\"><\/div>\n<\/div>","protected":false},"excerpt":{"rendered":"<p>\u0160arn\u012brsavienojums KS 3 - ar stiprin\u0101juma sloksn\u0113m<\/p>","protected":false},"featured_media":11604,"template":"","meta":[],"product_brand":[],"product_cat":[138],"product_tag":[],"class_list":{"0":"post-12581","1":"product","2":"type-product","3":"status-publish","4":"has-post-thumbnail","6":"product_cat-atverciamo-tipo-dezutes","8":"first","9":"outofstock","10":"product-type-simple"},"_links":{"self":[{"href":"https:\/\/tavieta.lt\/lv\/wp-json\/wp\/v2\/product\/12581","targetHints":{"allow":["GET"]}}],"collection":[{"href":"https:\/\/tavieta.lt\/lv\/wp-json\/wp\/v2\/product"}],"about":[{"href":"https:\/\/tavieta.lt\/lv\/wp-json\/wp\/v2\/types\/product"}],"wp:featuredmedia":[{"embeddable":true,"href":"https:\/\/tavieta.lt\/lv\/wp-json\/wp\/v2\/media\/11604"}],"wp:attachment":[{"href":"https:\/\/tavieta.lt\/lv\/wp-json\/wp\/v2\/media?parent=12581"}],"wp:term":[{"taxonomy":"product_brand","embeddable":true,"href":"https:\/\/tavieta.lt\/lv\/wp-json\/wp\/v2\/product_brand?post=12581"},{"taxonomy":"product_cat","embeddable":true,"href":"https:\/\/tavieta.lt\/lv\/wp-json\/wp\/v2\/product_cat?post=12581"},{"taxonomy":"product_tag","embeddable":true,"href":"https:\/\/tavieta.lt\/lv\/wp-json\/wp\/v2\/product_tag?post=12581"}],"curies":[{"name":"wp","href":"https:\/\/api.w.org\/{rel}","templated":true}]}}