{"id":12582,"date":"2024-02-07T08:49:14","date_gmt":"2024-02-07T08:49:14","guid":{"rendered":"http:\/\/tavieta.lt\/produktas\/atverciama-dezute-ks-3-su-pririsimo-mechanizmu\/"},"modified":"2024-02-07T08:49:15","modified_gmt":"2024-02-07T08:49:15","slug":"atverciama-dezute-ks-3-su-pririsimo-mechanizmu","status":"publish","type":"product","link":"https:\/\/tavieta.lt\/lv\/products\/atverciama-dezute-ks-3-su-pririsimo-mechanizmu\/","title":{"rendered":"\u0160arn\u012bra kaste KS 3 - ar sasie\u0161anas meh\u0101nismu"},"content":{"rendered":"<p>\u0160arn\u012bra kaste KS 3 - ar sasie\u0161anas meh\u0101nismu<\/p>\n<p>Ned\u0101rga cena, cie\u0161i nosl\u0113gta kaste ar sasie\u0161anas meh\u0101nismu. Piem\u0113rots 4 caurumu, iepriek\u0161 perfor\u0113tiem, aplok\u0161\u0146u v\u0101kiem, dokumentiem un fotogr\u0101fij\u0101m lok\u0161\u0146u veid\u0101.<\/p>\n<div id=\"gtx-trans\" style=\"position: absolute; left: 79px; top: 37px;\">\n<div class=\"gtx-trans-icon\"><\/div>\n<\/div>","protected":false},"excerpt":{"rendered":"<p>\u0160arn\u012bra kaste KS 3 - ar sasie\u0161anas meh\u0101nismu<\/p>","protected":false},"featured_media":11606,"template":"","meta":[],"product_brand":[],"product_cat":[138],"product_tag":[],"class_list":{"0":"post-12582","1":"product","2":"type-product","3":"status-publish","4":"has-post-thumbnail","6":"product_cat-atverciamo-tipo-dezutes","8":"first","9":"outofstock","10":"product-type-simple"},"_links":{"self":[{"href":"https:\/\/tavieta.lt\/lv\/wp-json\/wp\/v2\/product\/12582","targetHints":{"allow":["GET"]}}],"collection":[{"href":"https:\/\/tavieta.lt\/lv\/wp-json\/wp\/v2\/product"}],"about":[{"href":"https:\/\/tavieta.lt\/lv\/wp-json\/wp\/v2\/types\/product"}],"wp:featuredmedia":[{"embeddable":true,"href":"https:\/\/tavieta.lt\/lv\/wp-json\/wp\/v2\/media\/11606"}],"wp:attachment":[{"href":"https:\/\/tavieta.lt\/lv\/wp-json\/wp\/v2\/media?parent=12582"}],"wp:term":[{"taxonomy":"product_brand","embeddable":true,"href":"https:\/\/tavieta.lt\/lv\/wp-json\/wp\/v2\/product_brand?post=12582"},{"taxonomy":"product_cat","embeddable":true,"href":"https:\/\/tavieta.lt\/lv\/wp-json\/wp\/v2\/product_cat?post=12582"},{"taxonomy":"product_tag","embeddable":true,"href":"https:\/\/tavieta.lt\/lv\/wp-json\/wp\/v2\/product_tag?post=12582"}],"curies":[{"name":"wp","href":"https:\/\/api.w.org\/{rel}","templated":true}]}}