{"id":12583,"date":"2024-02-07T08:49:14","date_gmt":"2024-02-07T08:49:14","guid":{"rendered":"http:\/\/tavieta.lt\/produktas\/atverciama-dezute-ks-4\/"},"modified":"2024-02-07T08:49:15","modified_gmt":"2024-02-07T08:49:15","slug":"atverciama-dezute-ks-4","status":"publish","type":"product","link":"https:\/\/tavieta.lt\/lv\/products\/atverciama-dezute-ks-4\/","title":{"rendered":"\u0160arn\u012bru kaste KS 4"},"content":{"rendered":"<p>\u0160arn\u012bru kaste KS 4<\/p>\n<p>Cie\u0161i nosl\u0113gta un labi uzb\u016bv\u0113ta kaste, kas \u012bpa\u0161i paredz\u0113ta gr\u0101mat\u0101m un nesaist\u012btiem va\u013c\u0113jiem priek\u0161metiem. Piln\u012bb\u0101 saliekama konstrukcija ar piln\u012bgi glud\u0101m iek\u0161\u0113j\u0101m un \u0101r\u0113j\u0101m virsm\u0101m. Izgatavots no materi\u0101liem, kuru svars sv\u0101rst\u0101s no aptuveni 330 l\u012bdz 900 g\/m2.<\/p>\n<div id=\"gtx-trans\" style=\"position: absolute; left: 79px; top: 37px;\">\n<div class=\"gtx-trans-icon\"><\/div>\n<\/div>","protected":false},"excerpt":{"rendered":"<p>\u0160arn\u012bru kaste KS 4<\/p>","protected":false},"featured_media":11608,"template":"","meta":[],"product_brand":[],"product_cat":[138],"product_tag":[],"class_list":{"0":"post-12583","1":"product","2":"type-product","3":"status-publish","4":"has-post-thumbnail","6":"product_cat-atverciamo-tipo-dezutes","8":"first","9":"outofstock","10":"product-type-simple"},"_links":{"self":[{"href":"https:\/\/tavieta.lt\/lv\/wp-json\/wp\/v2\/product\/12583","targetHints":{"allow":["GET"]}}],"collection":[{"href":"https:\/\/tavieta.lt\/lv\/wp-json\/wp\/v2\/product"}],"about":[{"href":"https:\/\/tavieta.lt\/lv\/wp-json\/wp\/v2\/types\/product"}],"wp:featuredmedia":[{"embeddable":true,"href":"https:\/\/tavieta.lt\/lv\/wp-json\/wp\/v2\/media\/11608"}],"wp:attachment":[{"href":"https:\/\/tavieta.lt\/lv\/wp-json\/wp\/v2\/media?parent=12583"}],"wp:term":[{"taxonomy":"product_brand","embeddable":true,"href":"https:\/\/tavieta.lt\/lv\/wp-json\/wp\/v2\/product_brand?post=12583"},{"taxonomy":"product_cat","embeddable":true,"href":"https:\/\/tavieta.lt\/lv\/wp-json\/wp\/v2\/product_cat?post=12583"},{"taxonomy":"product_tag","embeddable":true,"href":"https:\/\/tavieta.lt\/lv\/wp-json\/wp\/v2\/product_tag?post=12583"}],"curies":[{"name":"wp","href":"https:\/\/api.w.org\/{rel}","templated":true}]}}