{"id":12584,"date":"2024-02-07T08:49:14","date_gmt":"2024-02-07T08:49:14","guid":{"rendered":"http:\/\/tavieta.lt\/produktas\/atverciama-dezute-ks-17\/"},"modified":"2024-02-07T08:49:16","modified_gmt":"2024-02-07T08:49:16","slug":"atverciama-dezute-ks-17","status":"publish","type":"product","link":"https:\/\/tavieta.lt\/lv\/products\/atverciama-dezute-ks-17\/","title":{"rendered":"\u0160arn\u012bru kaste KS 17"},"content":{"rendered":"<p>\u0160arn\u012bru kaste KS 17<\/p>\n<p>Putek\u013cu necaurlaid\u012bgas kastes gr\u0101mat\u0101m, fotogr\u0101fij\u0101m, va\u013c\u0113jiem un va\u013c\u0113jiem priek\u0161metiem. Sl\u0113gtai kastei ir \u010detru sienu konstrukcija no trim pus\u0113m, kas nodro\u0161ina liel\u0101ku iztur\u012bbu, ar vienu izliektu mugurkaulu. Pieejams ar\u012b ar papildu pamatnes atbalsta ieliktni.<\/p>\n<div id=\"gtx-trans\" style=\"position: absolute; left: 79px; top: 37px;\">\n<div class=\"gtx-trans-icon\"><\/div>\n<\/div>","protected":false},"excerpt":{"rendered":"<p>\u0160arn\u012bru kaste KS 17<\/p>","protected":false},"featured_media":11610,"template":"","meta":[],"product_brand":[],"product_cat":[138],"product_tag":[],"class_list":{"0":"post-12584","1":"product","2":"type-product","3":"status-publish","4":"has-post-thumbnail","6":"product_cat-atverciamo-tipo-dezutes","8":"first","9":"outofstock","10":"product-type-simple"},"_links":{"self":[{"href":"https:\/\/tavieta.lt\/lv\/wp-json\/wp\/v2\/product\/12584","targetHints":{"allow":["GET"]}}],"collection":[{"href":"https:\/\/tavieta.lt\/lv\/wp-json\/wp\/v2\/product"}],"about":[{"href":"https:\/\/tavieta.lt\/lv\/wp-json\/wp\/v2\/types\/product"}],"wp:featuredmedia":[{"embeddable":true,"href":"https:\/\/tavieta.lt\/lv\/wp-json\/wp\/v2\/media\/11610"}],"wp:attachment":[{"href":"https:\/\/tavieta.lt\/lv\/wp-json\/wp\/v2\/media?parent=12584"}],"wp:term":[{"taxonomy":"product_brand","embeddable":true,"href":"https:\/\/tavieta.lt\/lv\/wp-json\/wp\/v2\/product_brand?post=12584"},{"taxonomy":"product_cat","embeddable":true,"href":"https:\/\/tavieta.lt\/lv\/wp-json\/wp\/v2\/product_cat?post=12584"},{"taxonomy":"product_tag","embeddable":true,"href":"https:\/\/tavieta.lt\/lv\/wp-json\/wp\/v2\/product_tag?post=12584"}],"curies":[{"name":"wp","href":"https:\/\/api.w.org\/{rel}","templated":true}]}}