{"id":12585,"date":"2024-02-07T08:49:14","date_gmt":"2024-02-07T08:49:14","guid":{"rendered":"http:\/\/tavieta.lt\/produktas\/atverciama-dezute-ks-17-su-tvirtinimo-juostelemis\/"},"modified":"2024-02-07T08:49:16","modified_gmt":"2024-02-07T08:49:16","slug":"atverciama-dezute-ks-17-su-tvirtinimo-juostelemis","status":"publish","type":"product","link":"https:\/\/tavieta.lt\/lv\/products\/atverciama-dezute-ks-17-su-tvirtinimo-juostelemis\/","title":{"rendered":"\u0160arn\u012brsavienojums KS 17 - ar stiprin\u0101juma sloksn\u0113m"},"content":{"rendered":"<p>\u0160arn\u012brsavienojums KS 17 - ar stiprin\u0101juma sloksn\u0113m<\/p>\n<p>Herm\u0113tiski nosl\u0113gta kaste KS 17 ar tekstila (poliestera) stiprin\u0101juma sloksn\u0113m. No \u010detr\u0101m pus\u0113m sl\u0113gtai kastei ir \u010detru sienu konstrukcija. Ide\u0101li piem\u0113rots gr\u0101matu, failu\/mapju, dokumentu un divdimensiju objektu arh\u012bva glab\u0101\u0161anai.<\/p>\n<div id=\"gtx-trans\" style=\"position: absolute; left: 79px; top: 37px;\">\n<div class=\"gtx-trans-icon\"><\/div>\n<\/div>","protected":false},"excerpt":{"rendered":"<p>\u0160arn\u012brsavienojums KS 17 - ar stiprin\u0101juma sloksn\u0113m<\/p>","protected":false},"featured_media":11612,"template":"","meta":[],"product_brand":[],"product_cat":[138],"product_tag":[],"class_list":{"0":"post-12585","1":"product","2":"type-product","3":"status-publish","4":"has-post-thumbnail","6":"product_cat-atverciamo-tipo-dezutes","8":"first","9":"outofstock","10":"product-type-simple"},"_links":{"self":[{"href":"https:\/\/tavieta.lt\/lv\/wp-json\/wp\/v2\/product\/12585","targetHints":{"allow":["GET"]}}],"collection":[{"href":"https:\/\/tavieta.lt\/lv\/wp-json\/wp\/v2\/product"}],"about":[{"href":"https:\/\/tavieta.lt\/lv\/wp-json\/wp\/v2\/types\/product"}],"wp:featuredmedia":[{"embeddable":true,"href":"https:\/\/tavieta.lt\/lv\/wp-json\/wp\/v2\/media\/11612"}],"wp:attachment":[{"href":"https:\/\/tavieta.lt\/lv\/wp-json\/wp\/v2\/media?parent=12585"}],"wp:term":[{"taxonomy":"product_brand","embeddable":true,"href":"https:\/\/tavieta.lt\/lv\/wp-json\/wp\/v2\/product_brand?post=12585"},{"taxonomy":"product_cat","embeddable":true,"href":"https:\/\/tavieta.lt\/lv\/wp-json\/wp\/v2\/product_cat?post=12585"},{"taxonomy":"product_tag","embeddable":true,"href":"https:\/\/tavieta.lt\/lv\/wp-json\/wp\/v2\/product_tag?post=12585"}],"curies":[{"name":"wp","href":"https:\/\/api.w.org\/{rel}","templated":true}]}}