{"id":12586,"date":"2024-02-07T08:49:21","date_gmt":"2024-02-07T08:49:21","guid":{"rendered":"http:\/\/tavieta.lt\/produktas\/atverciama-dezute-ks-17-tvirtesniu-sieneliu\/"},"modified":"2024-02-07T08:49:21","modified_gmt":"2024-02-07T08:49:21","slug":"atverciama-dezute-ks-17-tvirtesniu-sieneliu","status":"publish","type":"product","link":"https:\/\/tavieta.lt\/lv\/products\/atverciama-dezute-ks-17-tvirtesniu-sieneliu\/","title":{"rendered":"\u0160arn\u012bra kaste KS 17 - stingr\u0101kas sienas"},"content":{"rendered":"<p>\u0160arn\u012bra kaste KS 17 - stingr\u0101kas sienas<\/p>\n<p>Sp\u0113c\u012bga un herm\u0113tiski nosl\u0113gta kaste gr\u0101mat\u0101m, stikla pane\u013ciem un br\u012bvi iesietiem priek\u0161metiem. No \u010detr\u0101m pus\u0113m sl\u0113gtai kastei ir \u010detru sienu konstrukcija. Bezspraugas dizains ietver pamatnes atbalstu un mugurkaula atlokus, kas nodro\u0161ina papildu iztur\u012bbu. Ekonomisk\u0101 cena. Pieg\u0101de samont\u0113ta un vertik\u0101la.<\/p>\n<p>&nbsp;<\/p>\n<div id=\"gtx-trans\" style=\"position: absolute; left: 79px; top: 37px;\">\n<div class=\"gtx-trans-icon\"><\/div>\n<\/div>","protected":false},"excerpt":{"rendered":"<p>\u0160arn\u012bra kaste KS 17 - stingr\u0101kas sienas<\/p>","protected":false},"featured_media":11614,"template":"","meta":[],"product_brand":[],"product_cat":[138],"product_tag":[],"class_list":{"0":"post-12586","1":"product","2":"type-product","3":"status-publish","4":"has-post-thumbnail","6":"product_cat-atverciamo-tipo-dezutes","8":"first","9":"outofstock","10":"product-type-simple"},"_links":{"self":[{"href":"https:\/\/tavieta.lt\/lv\/wp-json\/wp\/v2\/product\/12586","targetHints":{"allow":["GET"]}}],"collection":[{"href":"https:\/\/tavieta.lt\/lv\/wp-json\/wp\/v2\/product"}],"about":[{"href":"https:\/\/tavieta.lt\/lv\/wp-json\/wp\/v2\/types\/product"}],"wp:featuredmedia":[{"embeddable":true,"href":"https:\/\/tavieta.lt\/lv\/wp-json\/wp\/v2\/media\/11614"}],"wp:attachment":[{"href":"https:\/\/tavieta.lt\/lv\/wp-json\/wp\/v2\/media?parent=12586"}],"wp:term":[{"taxonomy":"product_brand","embeddable":true,"href":"https:\/\/tavieta.lt\/lv\/wp-json\/wp\/v2\/product_brand?post=12586"},{"taxonomy":"product_cat","embeddable":true,"href":"https:\/\/tavieta.lt\/lv\/wp-json\/wp\/v2\/product_cat?post=12586"},{"taxonomy":"product_tag","embeddable":true,"href":"https:\/\/tavieta.lt\/lv\/wp-json\/wp\/v2\/product_tag?post=12586"}],"curies":[{"name":"wp","href":"https:\/\/api.w.org\/{rel}","templated":true}]}}