{"id":12587,"date":"2024-02-07T08:49:21","date_gmt":"2024-02-07T08:49:21","guid":{"rendered":"http:\/\/tavieta.lt\/produktas\/atverciama-dezute-ks-17-trier\/"},"modified":"2024-02-07T08:49:22","modified_gmt":"2024-02-07T08:49:22","slug":"atverciama-dezute-ks-17-trier","status":"publish","type":"product","link":"https:\/\/tavieta.lt\/lv\/products\/atverciama-dezute-ks-17-trier\/","title":{"rendered":"\u0160arn\u012bra kaste KS 17 Trier"},"content":{"rendered":"<p>\u0160arn\u012bra kaste KS 17 Trier<\/p>\n<p>Herm\u0113tiski nosl\u0113gt\u0101 kaste ir ide\u0101li piem\u0113rota \u012bpa\u0161i smagiem un v\u0113rt\u012bgiem priek\u0161metiem, k\u0101 ar\u012b grafikas kolekcij\u0101m. Gludas iek\u0161\u0113j\u0101s un \u0101r\u0113j\u0101s virsmas. Sl\u0113gtai kastei ir se\u0161u sienu konstrukcija no trim pus\u0113m, viena izliekuma mugurkauls un papildu atbalsta ielikt\u0146i pamatnei un v\u0101kam. Pieejams ar vai bez tekstila sloksn\u0113m. Bie\u017ei izmanto grafikas kolekcij\u0101m. Pieg\u0101de samont\u0113ta un vertik\u0101la.<\/p>\n<div id=\"gtx-trans\" style=\"position: absolute; left: 79px; top: 37px;\">\n<div class=\"gtx-trans-icon\"><\/div>\n<\/div>","protected":false},"excerpt":{"rendered":"<p>\u0160arn\u012bra kaste KS 17 Trier<\/p>","protected":false},"featured_media":11616,"template":"","meta":[],"product_brand":[],"product_cat":[138],"product_tag":[],"class_list":{"0":"post-12587","1":"product","2":"type-product","3":"status-publish","4":"has-post-thumbnail","6":"product_cat-atverciamo-tipo-dezutes","8":"first","9":"outofstock","10":"product-type-simple"},"_links":{"self":[{"href":"https:\/\/tavieta.lt\/lv\/wp-json\/wp\/v2\/product\/12587","targetHints":{"allow":["GET"]}}],"collection":[{"href":"https:\/\/tavieta.lt\/lv\/wp-json\/wp\/v2\/product"}],"about":[{"href":"https:\/\/tavieta.lt\/lv\/wp-json\/wp\/v2\/types\/product"}],"wp:featuredmedia":[{"embeddable":true,"href":"https:\/\/tavieta.lt\/lv\/wp-json\/wp\/v2\/media\/11616"}],"wp:attachment":[{"href":"https:\/\/tavieta.lt\/lv\/wp-json\/wp\/v2\/media?parent=12587"}],"wp:term":[{"taxonomy":"product_brand","embeddable":true,"href":"https:\/\/tavieta.lt\/lv\/wp-json\/wp\/v2\/product_brand?post=12587"},{"taxonomy":"product_cat","embeddable":true,"href":"https:\/\/tavieta.lt\/lv\/wp-json\/wp\/v2\/product_cat?post=12587"},{"taxonomy":"product_tag","embeddable":true,"href":"https:\/\/tavieta.lt\/lv\/wp-json\/wp\/v2\/product_tag?post=12587"}],"curies":[{"name":"wp","href":"https:\/\/api.w.org\/{rel}","templated":true}]}}