{"id":12588,"date":"2024-02-07T08:49:21","date_gmt":"2024-02-07T08:49:21","guid":{"rendered":"http:\/\/tavieta.lt\/produktas\/atverciama-dezute-ks-17-albertina\/"},"modified":"2024-02-07T08:49:22","modified_gmt":"2024-02-07T08:49:22","slug":"atverciama-dezute-ks-17-albertina","status":"publish","type":"product","link":"https:\/\/tavieta.lt\/lv\/products\/atverciama-dezute-ks-17-albertina\/","title":{"rendered":"\u0160arn\u012bru kaste KS 17 Alberti\u0146a"},"content":{"rendered":"<p>\u0160arn\u012bru kaste KS 17 Alberti\u0146a<\/p>\n<p>Nosl\u0113dzama kaste ar papildu balstiem \u2013 ide\u0101li piem\u0113rota grafikas kolekcij\u0101m. Gludas iek\u0161\u0113j\u0101s un \u0101r\u0113j\u0101s virsmas. Sl\u0113gtai kastei ir dubultsienu mugurkauls un sieni\u0146u biezums l\u012bdz asto\u0146\u0101m ieloc\u0113m no trim pus\u0113m, lai nodro\u0161in\u0101tu maksim\u0101lu stabilit\u0101ti. Papildu balsti apak\u0161\u0101 un v\u0101k\u0101 nodro\u0161ina papildu iztur\u012bbu. Lai gan kaste ir absol\u016bti putek\u013cu necaurlaid\u012bga, t\u0101 joproj\u0101m ir elpojo\u0161a. Pieg\u0101de samont\u0113ta (vertik\u0101li), gatava lieto\u0161anai.<\/p>\n<div id=\"gtx-trans\" style=\"position: absolute; left: 79px; top: 37px;\">\n<div class=\"gtx-trans-icon\"><\/div>\n<\/div>","protected":false},"excerpt":{"rendered":"<p>\u0160arn\u012bru kaste KS 17 Alberti\u0146a<\/p>","protected":false},"featured_media":11618,"template":"","meta":[],"product_brand":[],"product_cat":[138],"product_tag":[],"class_list":{"0":"post-12588","1":"product","2":"type-product","3":"status-publish","4":"has-post-thumbnail","6":"product_cat-atverciamo-tipo-dezutes","8":"first","9":"outofstock","10":"product-type-simple"},"_links":{"self":[{"href":"https:\/\/tavieta.lt\/lv\/wp-json\/wp\/v2\/product\/12588","targetHints":{"allow":["GET"]}}],"collection":[{"href":"https:\/\/tavieta.lt\/lv\/wp-json\/wp\/v2\/product"}],"about":[{"href":"https:\/\/tavieta.lt\/lv\/wp-json\/wp\/v2\/types\/product"}],"wp:featuredmedia":[{"embeddable":true,"href":"https:\/\/tavieta.lt\/lv\/wp-json\/wp\/v2\/media\/11618"}],"wp:attachment":[{"href":"https:\/\/tavieta.lt\/lv\/wp-json\/wp\/v2\/media?parent=12588"}],"wp:term":[{"taxonomy":"product_brand","embeddable":true,"href":"https:\/\/tavieta.lt\/lv\/wp-json\/wp\/v2\/product_brand?post=12588"},{"taxonomy":"product_cat","embeddable":true,"href":"https:\/\/tavieta.lt\/lv\/wp-json\/wp\/v2\/product_cat?post=12588"},{"taxonomy":"product_tag","embeddable":true,"href":"https:\/\/tavieta.lt\/lv\/wp-json\/wp\/v2\/product_tag?post=12588"}],"curies":[{"name":"wp","href":"https:\/\/api.w.org\/{rel}","templated":true}]}}